{"id":3514,"date":"2019-07-08T10:14:19","date_gmt":"2019-07-08T08:14:19","guid":{"rendered":"http:\/\/lsis.lt\/kursu-ir-egzaminu-kainos\/"},"modified":"2025-01-30T12:40:27","modified_gmt":"2025-01-30T10:40:27","slug":"kursu-ir-egzaminu-kainos","status":"publish","type":"page","link":"https:\/\/lsis.lt\/en\/kursu-ir-egzaminu-kainos\/","title":{"rendered":"Kurs\u0173 ir egzamin\u0173 kainos"},"content":{"rendered":"\t\t<div data-elementor-type=\"wp-post\" data-elementor-id=\"3514\" class=\"elementor elementor-3514\">\n\t\t\t\t\t\t<section class=\"elementor-section elementor-top-section elementor-element elementor-element-c55a6af elementor-section-boxed elementor-section-height-default elementor-section-height-default\" data-id=\"c55a6af\" data-element_type=\"section\" data-e-type=\"section\">\n\t\t\t\t\t\t<div class=\"elementor-container elementor-column-gap-default\">\n\t\t\t\t\t<div class=\"elementor-column elementor-col-100 elementor-top-column elementor-element elementor-element-85346ad\" data-id=\"85346ad\" data-element_type=\"column\" data-e-type=\"column\">\n\t\t\t<div class=\"elementor-widget-wrap elementor-element-populated\">\n\t\t\t\t\t\t<div class=\"elementor-element elementor-element-b3e91fe elementor-widget elementor-widget-text-editor\" data-id=\"b3e91fe\" data-element_type=\"widget\" data-e-type=\"widget\" data-widget_type=\"text-editor.default\">\n\t\t\t\t<div class=\"elementor-widget-container\">\n\t\t\t\t\t\t\t\t\t<p>Nuo 2025 02 01 patvirtintos naujos minimalios kainos. Kaina gali skirtis priklausomai nuo dalyvi\u0173 skai\u010diaus, lektori\u0173, mokymo organizavimo vietos.<\/p><p>Profesini\u0173 \u017eini\u0173 tobulinimo kursai \u2013 kainos skiriasi priklausomai nuo mokymo \u012fstaigos, teirautis individualiai.<\/p><p><strong>ASMEN\u0172, SIEKIAN\u010cI\u0172 \u012eGYTI* TEIS\u0118 EITI STATINIO STATYBOS TECHNIN\u0116S VEIKLOS PAGRINDINI\u0172 SRI\u010cI\u0172 VADOVO PAREIGAS, MOKYMO IR PROFESINI\u0172 \u017dINI\u0172 VERTINIMO MINIMALIOS KAINOS<\/strong><\/p><ol><li>Statinio** statybos vadovas<ol><li>Mokymai*** + profesini\u0173 \u017eini\u0173 vertinimas 360 EUR<\/li><li>Profesini\u0173 \u017eini\u0173 vertinimas 310 EUR<\/li><\/ol><\/li><li>Statinio**statybos vadovas + statinio** statybos technin\u0117s prie\u017ei\u016bros vadovas; Statinio*** statybos technin\u0117s prie\u017ei\u016bros vadovas<ol><li>Mokymai*** + profesini\u0173 \u017eini\u0173 vertinimas 380 EUR<\/li><li>Profesini\u0173 \u017eini\u0173 vertinimas 330 EUR<\/li><\/ol><\/li><li>Statinio** speciali\u0173j\u0173 statybos darb\u0173 vadovas<ol><li>Mokymai*** + profesini\u0173 \u017eini\u0173 vertinimas 360<\/li><li>Profesini\u0173 \u017eini\u0173 vertinimas 310 EUR<\/li><\/ol><\/li><li>Statinio** speciali\u0173j\u0173 statybos darb\u0173 vadovas + statinio** speciali\u0173j\u0173 statybos darb\u0173 technin\u0117s prie\u017ei\u016bros vadovas; Statinio** speciali\u0173j\u0173 statybos darb\u0173 technin\u0117s prie\u017ei\u016bros vadovas<ol><li>Mokymai*** + profesini\u0173 \u017eini\u0173 vertinimas 380 EUR<\/li><li>Profesini\u0173 \u017eini\u0173 vertinimas 330 EUR<\/li><\/ol><\/li><li>Statinio** statybos vadovas + statinio** speciali\u0173j\u0173 statybos darb\u0173 vadovas<ol><li>Mokymai*** + profesini\u0173 \u017eini\u0173 vertinimas 440 EUR<\/li><li>Profesini\u0173 \u017eini\u0173 vertinimas 390 EUR<\/li><\/ol><\/li><li>Statinio** statybos vadovas + statinio** speciali\u0173j\u0173 statybos darb\u0173 vadovas +\u00a0 statinio** statybos technin\u0117s prie\u017ei\u016bros vadovas ir(ar) statinio** speciali\u0173j\u0173 statybos darb\u0173 technin\u0117s prie\u017ei\u016bros vadovas<ol><li>Mokymai*** + profesini\u0173 \u017eini\u0173 vertinimas 480<\/li><li>Profesini\u0173 \u017eini\u0173 vertinimas 430 EUR<\/li><\/ol><\/li><li>Statinio** projekto vadovas ir(ar) statinio**projekto vykdymo prie\u017ei\u016bros vadovas ir (ar)\u00a0 statinio** projekto ekspertiz\u0117s vadovas ir(ar) statinio** ekspertiz\u0117s vadovas<ol><li>Mokymai*** 300 EUR<\/li><\/ol><\/li><li>Neypatingojo statinio projekto vadovas ir(ar) neypatingojo statinio projekto vykdymo prie\u017ei\u016bros vadovas<ol><li>Profesini\u0173 \u017eini\u0173 vertinimas 250 EUR<\/li><\/ol><\/li><li>Ypatingojo statinio projekto vadovas ir(ar)\u00a0 ypatingojo statinio projekto vykdymo prie\u017ei\u016bros vadovas<ol><li>Profesini\u0173 \u017eini\u0173 vertinimas 310 EUR<\/li><\/ol><\/li><li>Neypatingojo statinio projekto vadovas ir(ar) neypatingojo statinio projekto vykdymo prie\u017ei\u016bros vadovas +\u00a0 statinio** statybos technin\u0117s prie\u017ei\u016bros vadovas<ol><li>Profesini\u0173 \u017eini\u0173 vertinimas 210 EUR<\/li><\/ol><\/li><li>Ypatingojo statinio projekto vadovas ir(ar) ypatingojo statinio projekto vykdymo prie\u017ei\u016bros vadovas +\u00a0 statinio** statybos technin\u0117s prie\u017ei\u016bros vadovas<ol><li>Profesini\u0173 \u017eini\u0173 vertinimas 330 EUR<\/li><\/ol><\/li><li>Statinio** projekto vadovas ir(ar) statinio** projekto vykdymo prie\u017ei\u016bros vadovas +\u00a0 statinio** projekto ekspertiz\u0117s vadovas ir(ar) statinio**ekspertiz\u0117s vadovas; Statinio** projekto ekspertiz\u0117s vadovas ir(ar) statinio** ekspertiz\u0117s vadovas<ol><li>Profesini\u0173 \u017eini\u0173 vertinimas 400 EUR<\/li><\/ol><\/li><li>Statinio** projekto vadovas ir(ar) statinio** projekto vykdymo prie\u017ei\u016bros vadovas +\u00a0 statinio** statybos technin\u0117s prie\u017ei\u016bros vadovas + statinio** projekto ekspertiz\u0117s vadovas ir(ar) statinio** ekspertiz\u0117s vadovas; Statinio** projekto ekspertiz\u0117s vadovas ir(ar) statinio** ekspertiz\u0117s vadovas + statinio** statybos technin\u0117s prie\u017ei\u016bros vadovas<ol><li>Profesini\u0173 \u017eini\u0173 vertinimas 430 EUR<\/li><\/ol><\/li><li>Statinio** projekto dalies (konstrukcij\u0173) vadovas, statinio** projekto dalies (konstrukcij\u0173) vykdymo prie\u017ei\u016bros vadovas, statinio** projekto dalies (konstrukcij\u0173) ekspertiz\u0117s vadovas, statinio** dalies (konstrukcij\u0173) ekspertiz\u0117s vadovas<ol><li>Mokymai*** 300 EUR<\/li><\/ol><\/li><li>Statinio** projekto dalies (konstrukcij\u0173) vadovas ir(ar) statinio** projekto dalies (konstrukcij\u0173) vykdymo prie\u017ei\u016bros vadovas<ol><li>Profesini\u0173 \u017eini\u0173 vertinimas 250 EUR<\/li><\/ol><\/li><li>Statinio** projekto dalies (konstrukcij\u0173) vadovas ir(ar) statinio** projekto dalies (konstrukcij\u0173) vykdymo prie\u017ei\u016bros vadovas + statinio** projekto dalies (konstrukcij\u0173) ekspertiz\u0117s vadovas ir (ar) statinio** dalies (konstrukcij\u0173) ekspertiz\u0117s vadovas; Statinio** projekto dalies (konstrukcij\u0173) ekspertiz\u0117s vadovas ir (ar) statinio** dalies (konstrukcij\u0173) ekspertiz\u0117s vadovas<ol><li>Profesini\u0173 \u017eini\u0173 vertinimas 300 EUR<\/li><\/ol><\/li><li>Statinio** projekto dalies (nenurodytos 14, 15, 16 punktuose) vadovas ir(ar) statinio** projekto dalies (nenurodytos 14, 15, 16 punktuose) vykdymo prie\u017ei\u016bros vadovas ir(ar) statinio** projekto dalies (nenurodytos 14, 15, 16 punktuose) ekspertiz\u0117s vadovas ir(ar) statinio** dalies (nenurodytos 14, 15, 16 punktuose) ekspertiz\u0117s vadovas<ol><li>Mokymai***\u00a0 120 EUR\u00a0<\/li><\/ol><\/li><li>Statinio** projekto dalies (nenurodytos 14, 15, 16 punktuose) vadovas ir(ar) statinio** projekto dalies (nenurodytos 14, 15, 16 punktuose) vykdymo prie\u017ei\u016bros vadovas<ol><li>Profesini\u0173 \u017eini\u0173 vertinimas 250 EUR<\/li><\/ol><\/li><li>Statinio** projekto dalies (nenurodytos 14, 15, 16 punktuose) vadovas ir(ar) statinio** projekto dalies (nenurodytos 14, 15, 16 punktuose) vykdymo prie\u017ei\u016bros vadovas +\u00a0 statinio** projekto dalies (nenurodytos 14, 15, 16 punktuose) ekspertiz\u0117s vadovas ir(ar) statinio** dalies (nenurodytos 14, 15, 16 punktuose) ekspertiz\u0117s vadovas; Statinio** projekto dalies (nenurodytos\u00a0 14, 15, 16 punktuose) ekspertiz\u0117s vadovas ir(ar) statinio** dalies (nenurodytos 14, 15, 16 punktuose) ekspertiz\u0117s vadovas<ol><li>Profesini\u0173 \u017eini\u0173 vertinimas 300 EUR<\/li><\/ol><\/li><li>Bet kurios i\u0161 atestuojam\u0173 statybos technin\u0117s veiklos pagrindini\u0173 sri\u010di\u0173 vadovo pareigos statiniuose, esan\u010diuose kult\u016bros paveldo objekto teritorijoje, jo apsaugos zonoje, kult\u016bros paveldo vietov\u0117je<ol><li>Mokymai*** + profesini\u0173 \u017eini\u0173 vertinimas 230 EUR<\/li><li>Profesini\u0173 \u017eini\u0173 vertinimas 180 EUR<\/li><\/ol><\/li><\/ol><p><b>Pastabos:<\/b><\/p><p>*\u00a0 1-19 punktuose nurodytos kainos taikomos ir asmenims, siekiantiems papildyti (pareigomis, statiniais (i\u0161skyrus statinius, esan\u010dius kult\u016bros paveldo objekto teritorijoje, jo apsaugos zonoje, kult\u016bros paveldo vietov\u0117je)\u00a0 ir(ar) statybos darb\u0173 sritimis) turim\u0105 kvalifikacijos atestat\u0105. Pakartotinai laikant profesini\u0173 \u017eini\u0173 egzamin\u0105 taikoma 50 procent\u0173 nuolaida nuo nurodyt\u0173 kain\u0173 (nepriklausomai nuo profesini\u0173 \u017eini\u0173 perlaikym\u0173 skai\u010diaus).\u00a0<\/p><p>** nurodytos kainos taikomos asmenims, siekiantiems \u012fgyti teis\u0119 vykdyti tiek ypating\u0173j\u0173, tiek\u00a0 neypating\u0173j\u0173 statini\u0173 statybos technin\u0117s veiklos pagrindini\u0173 sri\u010di\u0173 vadov\u0173 pareigas.\u00a0\u00a0<\/p><p>*** asmen\u0173, siekian\u010di\u0173 \u012fgyti teis\u0119 eiti nurodytas statinio statybos technin\u0117s veiklos pagrindini\u0173 sri\u010di\u0173 vadov\u0173 pareigas, mokym\u0173 apimt\u012f nustato mokymus organizuojanti LSIS bendrija (tikrasis narys). Jei asmuo pageidauja dalyvauti ne visos apimties mokymuose, o i\u0161klausyti tik atskiras mokymo temas, paslaug\u0173 kaina skai\u010diuojama pagal formul\u0119\u00a0<em>Kaina = i\u0161klausyt\u0173 valand\u0173 skai\u010dius\u00a0<\/em>\u00d7<em>\u00a022 EUR + profesini\u0173 \u017eini\u0173 vertinimo kaina.<\/em><\/p><p><b>ASMEN\u0172, \u012eGIJUSI\u0172 TEIS\u0118 EITI STATINIO STATYBOS TECHNIN\u0116S VEIKLOS PAGRINDINI\u0172 SRI\u010cI\u0172 VADOVO PAREIGAS, KVALIFIKACIJOS TOBULINIMO MOKYMO PASLAUG\u0172 KAINOS*<\/b><\/p><p><strong>Kvalifikacijos tobulinimo 1 (vienos) val.\/ akad. val. kaina** 22 EUR <\/strong><\/p><p><strong>Kompleksini\u0173 (min. 20 val.) kvalifikacijos tobulinimo mokym\u0173 kainos:<\/strong><\/p><ol><li>Statinio statybos vadovas ir(ar) statinio statybos technin\u0117s prie\u017ei\u016bros vadovas<ol><li style=\"list-style-type: none;\"><ol><li style=\"list-style-type: none;\"><ol><li>300 EUR<\/li><\/ol><\/li><\/ol><\/li><\/ol><\/li><li>Statinio speciali\u0173j\u0173 statybos darb\u0173 vadovas ir(ar)\u00a0 statinio speciali\u0173j\u0173 statybos darb\u0173 technin\u0117s prie\u017ei\u016bros vadovas<ol><li style=\"list-style-type: none;\"><ol><li style=\"list-style-type: none;\"><ol><li>300 EUR<\/li><\/ol><\/li><\/ol><\/li><\/ol><\/li><li>Statinio projekto vadovas ir(ar) statinio projekto vykdymo prie\u017ei\u016bros vadovas ir(ar) \u00a0 statinio statybos technin\u0117s prie\u017ei\u016bros vadovas ir(ar) statinio projekto ekspertiz\u0117s vadovas ir(ar) statinio ekspertiz\u0117s vadovas<ol><li style=\"list-style-type: none;\"><ol><li style=\"list-style-type: none;\"><ol><li>300 EUR<\/li><\/ol><\/li><\/ol><\/li><\/ol><\/li><li>Statinio projekto dalies (konstrukcij\u0173) vadovas ir(ar)\u00a0 statinio projekto dalies (konstrukcij\u0173) vykdymo prie\u017ei\u016bros vadovas ir(ar)\u00a0 statinio projekto dalies (konstrukcij\u0173) ekspertiz\u0117s vadovas ir(ar) statinio dalies (konstrukcij\u0173) ekspertiz\u0117s vadovas<ol><li style=\"list-style-type: none;\"><ol><li style=\"list-style-type: none;\"><ol><li>300 EUR<\/li><\/ol><\/li><\/ol><\/li><\/ol><\/li><li>Statinio projekto dalies (nenurodytos\u00a0 4 punkte) vadovas ir(ar) statinio projekto dalies (nenurodytos 4 punkte) vykdymo prie\u017ei\u016bros vadovas ir(ar) \u00a0 statinio projekto dalies (nenurodytos 4 punkte) ekspertiz\u0117s vadovas ir(ar) statinio dalies (nenurodytos 4 punkte) ekspertiz\u0117s vadovas<\/li><li style=\"list-style-type: none;\"><ol><li style=\"list-style-type: none;\"><ol><li style=\"list-style-type: none;\"><ol><li>300 EUR<\/li><\/ol><\/li><\/ol><\/li><\/ol><\/li><\/ol><p><b>Vienos dienos (min. 8 akad.val. ) kvalifikacijos tobulinimo mokym\u0173 kainos:<\/b><\/p><ol><li>Statinio statybos vadovas ir(ar) statinio statybos technin\u0117s prie\u017ei\u016bros vadovas<ol><li>150 EUR<\/li><\/ol><\/li><li>Statinio speciali\u0173j\u0173 statybos darb\u0173 vadovas ir(ar)\u00a0 statinio speciali\u0173j\u0173 statybos darb\u0173 technin\u0117s prie\u017ei\u016bros vadovas<ol><li>150 EUR<\/li><\/ol><\/li><li>Statinio projekto vadovas ir(ar) statinio projekto vykdymo prie\u017ei\u016bros vadovas ir(ar) \u00a0 statinio statybos technin\u0117s prie\u017ei\u016bros vadovas ir(ar) statinio projekto ekspertiz\u0117s vadovas ir(ar) statinio ekspertiz\u0117s vadovas<ol><li>150 EUR<\/li><\/ol><\/li><li>Statinio projekto dalies (konstrukcij\u0173) vadovas ir(ar)\u00a0 statinio projekto dalies (konstrukcij\u0173) vykdymo prie\u017ei\u016bros vadovas ir(ar)\u00a0 statinio projekto dalies (konstrukcij\u0173) ekspertiz\u0117s vadovas ir(ar) statinio dalies (konstrukcij\u0173) ekspertiz\u0117s vadovas<ol><li>150 EUR<\/li><\/ol><\/li><li>Statinio projekto dalies (nenurodytos 4 punkte) vadovas ir(ar) statinio projekto dalies (nenurodytos 4 punkte) vykdymo prie\u017ei\u016bros vadovas ir(ar) \u00a0 statinio projekto dalies (nenurodytos 4 punkte) ekspertiz\u0117s vadovas ir(ar) statinio dalies (nenurodytos 4 punkte) ekspertiz\u0117s vadovas<ol><li>150 EUR<\/li><\/ol><\/li><li>Bet kurios i\u0161 atestuojam\u0173 statybos technin\u0117s veiklos pagrindini\u0173 sri\u010di\u0173 vadovo pareigos statiniuose, esan\u010diuose kult\u016bros paveldo objekto teritorijoje, jo apsaugos zonoje, kult\u016bros paveldo vietov\u0117je<\/li><li style=\"list-style-type: none;\"><ol><li>150 EUR<\/li><\/ol><\/li><\/ol><p><b>Pastabos<\/b><\/p><p>*\u00a0 nurodytos minimalios kvalifikacijos tobulinimo paslaug\u0173 kainos. Kiekviena LSIS bendrija (tikrasis narys) gali taikyti didesnes nei nurodyta\u00a0 teikiam\u0173 kvalifikacijos tobulinimo paslaug\u0173 kainas, priklausomai nuo mokymo organizavimo b\u016bdo (formos), apimties, turinio, tiesiogini\u0173 s\u0105naud\u0173 ir kit\u0173 faktori\u0173. <strong>LSIS nariams taikoma 10 procent\u0173 nuolaida nuo pradin\u0117s, LSIS bendrijos (tikrojo nario) nustatytos,\u00a0 kvalifikacijos tobulinimo paslaug\u0173 kainos.\u00a0<\/strong><\/p><p><span style=\"font-weight: 400;\">** nurodytas valandinis kvalifikacijos tobulinimo paslaug\u0173 \u012fkainis taikomas, kai asmuo pageidauja dalyvauti ne visos apimties mokymuose, o i\u0161klausyti tik atskiras mokymo temas.<br \/><\/span><\/p>\t\t\t\t\t\t\t\t<\/div>\n\t\t\t\t<\/div>\n\t\t\t\t\t<\/div>\n\t\t<\/div>\n\t\t\t\t\t<\/div>\n\t\t<\/section>\n\t\t\t\t<\/div>\n\t\t","protected":false},"excerpt":{"rendered":"<p>Nuo 2025 02 01 patvirtintos naujos minimalios kainos. Kaina gali skirtis priklausomai nuo dalyvi\u0173 skai\u010diaus, lektori\u0173, mokymo organizavimo vietos. Profesini\u0173 \u017eini\u0173 tobulinimo kursai \u2013 kainos skiriasi priklausomai nuo mokymo \u012fstaigos, [&hellip;]<\/p>\n","protected":false},"author":1,"featured_media":0,"parent":0,"menu_order":0,"comment_status":"closed","ping_status":"closed","template":"","meta":{"footnotes":""},"class_list":["post-3514","page","type-page","status-publish","hentry"],"yoast_head":"<!-- This site is optimized with the Yoast SEO plugin v26.8 - https:\/\/yoast.com\/product\/yoast-seo-wordpress\/ -->\n<title>Kurs\u0173 ir egzamin\u0173 kainos<\/title>\n<meta name=\"description\" content=\"Kurs\u0173 ir egzamin\u0173 kainos\" \/>\n<meta name=\"robots\" content=\"index, follow, max-snippet:-1, max-image-preview:large, max-video-preview:-1\" \/>\n<link rel=\"canonical\" href=\"https:\/\/lsis.lt\/en\/kursu-ir-egzaminu-kainos\/\" \/>\n<meta property=\"og:locale\" content=\"en_US\" \/>\n<meta property=\"og:type\" content=\"article\" \/>\n<meta property=\"og:title\" content=\"Kurs\u0173 ir egzamin\u0173 kainos\" \/>\n<meta property=\"og:description\" content=\"Kurs\u0173 ir egzamin\u0173 kainos\" \/>\n<meta property=\"og:url\" content=\"https:\/\/lsis.lt\/en\/kursu-ir-egzaminu-kainos\/\" \/>\n<meta property=\"og:site_name\" content=\"LIETUVOS STATYBOS IN\u017dINIERI\u0172 S\u0104JUNGA\" \/>\n<meta property=\"article:modified_time\" content=\"2025-01-30T10:40:27+00:00\" \/>\n<meta name=\"twitter:card\" content=\"summary_large_image\" \/>\n<meta name=\"twitter:label1\" content=\"Est. reading time\" \/>\n\t<meta name=\"twitter:data1\" content=\"7 minutes\" \/>\n<script type=\"application\/ld+json\" class=\"yoast-schema-graph\">{\"@context\":\"https:\/\/schema.org\",\"@graph\":[{\"@type\":\"WebPage\",\"@id\":\"https:\/\/lsis.lt\/en\/kursu-ir-egzaminu-kainos\/\",\"url\":\"https:\/\/lsis.lt\/en\/kursu-ir-egzaminu-kainos\/\",\"name\":\"Kurs\u0173 ir egzamin\u0173 kainos\",\"isPartOf\":{\"@id\":\"https:\/\/lsis.lt\/#website\"},\"datePublished\":\"2019-07-08T08:14:19+00:00\",\"dateModified\":\"2025-01-30T10:40:27+00:00\",\"description\":\"Kurs\u0173 ir egzamin\u0173 kainos\",\"breadcrumb\":{\"@id\":\"https:\/\/lsis.lt\/en\/kursu-ir-egzaminu-kainos\/#breadcrumb\"},\"inLanguage\":\"en-US\",\"potentialAction\":[{\"@type\":\"ReadAction\",\"target\":[\"https:\/\/lsis.lt\/en\/kursu-ir-egzaminu-kainos\/\"]}]},{\"@type\":\"BreadcrumbList\",\"@id\":\"https:\/\/lsis.lt\/en\/kursu-ir-egzaminu-kainos\/#breadcrumb\",\"itemListElement\":[{\"@type\":\"ListItem\",\"position\":1,\"name\":\"Home\",\"item\":\"https:\/\/lsis.lt\/en\/\"},{\"@type\":\"ListItem\",\"position\":2,\"name\":\"Kurs\u0173 ir egzamin\u0173 kainos\"}]},{\"@type\":\"WebSite\",\"@id\":\"https:\/\/lsis.lt\/#website\",\"url\":\"https:\/\/lsis.lt\/\",\"name\":\"LIETUVOS STATYBOS IN\u017dINIERI\u0172 S\u0104JUNGA\",\"description\":\"#ProudToBeAnEngineer\",\"potentialAction\":[{\"@type\":\"SearchAction\",\"target\":{\"@type\":\"EntryPoint\",\"urlTemplate\":\"https:\/\/lsis.lt\/?s={search_term_string}\"},\"query-input\":{\"@type\":\"PropertyValueSpecification\",\"valueRequired\":true,\"valueName\":\"search_term_string\"}}],\"inLanguage\":\"en-US\"}]}<\/script>\n<!-- \/ Yoast SEO plugin. -->","yoast_head_json":{"title":"Kurs\u0173 ir egzamin\u0173 kainos","description":"Kurs\u0173 ir egzamin\u0173 kainos","robots":{"index":"index","follow":"follow","max-snippet":"max-snippet:-1","max-image-preview":"max-image-preview:large","max-video-preview":"max-video-preview:-1"},"canonical":"https:\/\/lsis.lt\/en\/kursu-ir-egzaminu-kainos\/","og_locale":"en_US","og_type":"article","og_title":"Kurs\u0173 ir egzamin\u0173 kainos","og_description":"Kurs\u0173 ir egzamin\u0173 kainos","og_url":"https:\/\/lsis.lt\/en\/kursu-ir-egzaminu-kainos\/","og_site_name":"LIETUVOS STATYBOS IN\u017dINIERI\u0172 S\u0104JUNGA","article_modified_time":"2025-01-30T10:40:27+00:00","twitter_card":"summary_large_image","twitter_misc":{"Est. reading time":"7 minutes"},"schema":{"@context":"https:\/\/schema.org","@graph":[{"@type":"WebPage","@id":"https:\/\/lsis.lt\/en\/kursu-ir-egzaminu-kainos\/","url":"https:\/\/lsis.lt\/en\/kursu-ir-egzaminu-kainos\/","name":"Kurs\u0173 ir egzamin\u0173 kainos","isPartOf":{"@id":"https:\/\/lsis.lt\/#website"},"datePublished":"2019-07-08T08:14:19+00:00","dateModified":"2025-01-30T10:40:27+00:00","description":"Kurs\u0173 ir egzamin\u0173 kainos","breadcrumb":{"@id":"https:\/\/lsis.lt\/en\/kursu-ir-egzaminu-kainos\/#breadcrumb"},"inLanguage":"en-US","potentialAction":[{"@type":"ReadAction","target":["https:\/\/lsis.lt\/en\/kursu-ir-egzaminu-kainos\/"]}]},{"@type":"BreadcrumbList","@id":"https:\/\/lsis.lt\/en\/kursu-ir-egzaminu-kainos\/#breadcrumb","itemListElement":[{"@type":"ListItem","position":1,"name":"Home","item":"https:\/\/lsis.lt\/en\/"},{"@type":"ListItem","position":2,"name":"Kurs\u0173 ir egzamin\u0173 kainos"}]},{"@type":"WebSite","@id":"https:\/\/lsis.lt\/#website","url":"https:\/\/lsis.lt\/","name":"LIETUVOS STATYBOS IN\u017dINIERI\u0172 S\u0104JUNGA","description":"#ProudToBeAnEngineer","potentialAction":[{"@type":"SearchAction","target":{"@type":"EntryPoint","urlTemplate":"https:\/\/lsis.lt\/?s={search_term_string}"},"query-input":{"@type":"PropertyValueSpecification","valueRequired":true,"valueName":"search_term_string"}}],"inLanguage":"en-US"}]}},"_links":{"self":[{"href":"https:\/\/lsis.lt\/en\/wp-json\/wp\/v2\/pages\/3514","targetHints":{"allow":["GET"]}}],"collection":[{"href":"https:\/\/lsis.lt\/en\/wp-json\/wp\/v2\/pages"}],"about":[{"href":"https:\/\/lsis.lt\/en\/wp-json\/wp\/v2\/types\/page"}],"author":[{"embeddable":true,"href":"https:\/\/lsis.lt\/en\/wp-json\/wp\/v2\/users\/1"}],"replies":[{"embeddable":true,"href":"https:\/\/lsis.lt\/en\/wp-json\/wp\/v2\/comments?post=3514"}],"version-history":[{"count":38,"href":"https:\/\/lsis.lt\/en\/wp-json\/wp\/v2\/pages\/3514\/revisions"}],"predecessor-version":[{"id":14229,"href":"https:\/\/lsis.lt\/en\/wp-json\/wp\/v2\/pages\/3514\/revisions\/14229"}],"wp:attachment":[{"href":"https:\/\/lsis.lt\/en\/wp-json\/wp\/v2\/media?parent=3514"}],"curies":[{"name":"wp","href":"https:\/\/api.w.org\/{rel}","templated":true}]}}