{"id":3515,"date":"2019-07-04T15:54:04","date_gmt":"2019-07-04T13:54:04","guid":{"rendered":"http:\/\/lsis.lt\/vizija-ir-misija\/"},"modified":"2023-09-03T22:02:24","modified_gmt":"2023-09-03T20:02:24","slug":"vizija-ir-misija","status":"publish","type":"page","link":"https:\/\/lsis.lt\/en\/vizija-ir-misija\/","title":{"rendered":"Vizija ir misija"},"content":{"rendered":"<h2>Vizija<\/h2>\n<h5 style=\"text-align: center;\">Lietuvos statybos in\u017einieri\u0173 s\u0105junga \u2013 lyderiaujanti statybos in\u017einierius vienijanti profesin\u0117 organizacija, kurios nariu b\u016bti yra garb\u0117 ir presti\u017eas.<\/h5>\n<h2>Misija<\/h2>\n<h5 style=\"text-align: center;\">Lietuvos statybos in\u017einieri\u0173 s\u0105junga telkia statybos in\u017einierius, atstovauja j\u0173 interesus, didina profesijos presti\u017e\u0105, skatina statybos in\u017einerijos pa\u017eang\u0105.<\/h5>\n<h2>Vertyb\u0117s<\/h2>\n<h5 style=\"text-align: center;\">K\u016brybi\u0161kumas. Profesionalumas. Atsakomyb\u0117. Profesin\u0117 etika.<\/h5>\n","protected":false},"excerpt":{"rendered":"<p>Vizija Lietuvos statybos in\u017einieri\u0173 s\u0105junga \u2013 lyderiaujanti statybos in\u017einierius vienijanti profesin\u0117 organizacija, kurios nariu b\u016bti yra garb\u0117 ir presti\u017eas. Misija Lietuvos statybos in\u017einieri\u0173 s\u0105junga telkia statybos in\u017einierius, atstovauja j\u0173 interesus, [&hellip;]<\/p>\n","protected":false},"author":1,"featured_media":0,"parent":0,"menu_order":0,"comment_status":"closed","ping_status":"closed","template":"","meta":{"footnotes":""},"class_list":["post-3515","page","type-page","status-publish","hentry"],"yoast_head":"<!-- This site is optimized with the Yoast SEO plugin v26.8 - https:\/\/yoast.com\/product\/yoast-seo-wordpress\/ -->\n<title>Vizija ir misija - LIETUVOS STATYBOS IN\u017dINIERI\u0172 S\u0104JUNGA<\/title>\n<meta name=\"robots\" content=\"index, follow, max-snippet:-1, max-image-preview:large, max-video-preview:-1\" \/>\n<link rel=\"canonical\" href=\"https:\/\/lsis.lt\/en\/vizija-ir-misija\/\" \/>\n<meta property=\"og:locale\" content=\"en_US\" \/>\n<meta property=\"og:type\" content=\"article\" \/>\n<meta property=\"og:title\" content=\"Vizija ir misija - LIETUVOS STATYBOS IN\u017dINIERI\u0172 S\u0104JUNGA\" \/>\n<meta property=\"og:description\" content=\"Vizija Lietuvos statybos in\u017einieri\u0173 s\u0105junga \u2013 lyderiaujanti statybos in\u017einierius vienijanti profesin\u0117 organizacija, kurios nariu b\u016bti yra garb\u0117 ir presti\u017eas. Misija Lietuvos statybos in\u017einieri\u0173 s\u0105junga telkia statybos in\u017einierius, atstovauja j\u0173 interesus, [&hellip;]\" \/>\n<meta property=\"og:url\" content=\"https:\/\/lsis.lt\/en\/vizija-ir-misija\/\" \/>\n<meta property=\"og:site_name\" content=\"LIETUVOS STATYBOS IN\u017dINIERI\u0172 S\u0104JUNGA\" \/>\n<meta property=\"article:modified_time\" content=\"2023-09-03T20:02:24+00:00\" \/>\n<meta name=\"twitter:card\" content=\"summary_large_image\" \/>\n<script type=\"application\/ld+json\" class=\"yoast-schema-graph\">{\"@context\":\"https:\/\/schema.org\",\"@graph\":[{\"@type\":\"WebPage\",\"@id\":\"https:\/\/lsis.lt\/en\/vizija-ir-misija\/\",\"url\":\"https:\/\/lsis.lt\/en\/vizija-ir-misija\/\",\"name\":\"Vizija ir misija - LIETUVOS STATYBOS IN\u017dINIERI\u0172 S\u0104JUNGA\",\"isPartOf\":{\"@id\":\"https:\/\/lsis.lt\/#website\"},\"datePublished\":\"2019-07-04T13:54:04+00:00\",\"dateModified\":\"2023-09-03T20:02:24+00:00\",\"breadcrumb\":{\"@id\":\"https:\/\/lsis.lt\/en\/vizija-ir-misija\/#breadcrumb\"},\"inLanguage\":\"en-US\",\"potentialAction\":[{\"@type\":\"ReadAction\",\"target\":[\"https:\/\/lsis.lt\/en\/vizija-ir-misija\/\"]}]},{\"@type\":\"BreadcrumbList\",\"@id\":\"https:\/\/lsis.lt\/en\/vizija-ir-misija\/#breadcrumb\",\"itemListElement\":[{\"@type\":\"ListItem\",\"position\":1,\"name\":\"Home\",\"item\":\"https:\/\/lsis.lt\/en\/\"},{\"@type\":\"ListItem\",\"position\":2,\"name\":\"Vizija ir misija\"}]},{\"@type\":\"WebSite\",\"@id\":\"https:\/\/lsis.lt\/#website\",\"url\":\"https:\/\/lsis.lt\/\",\"name\":\"LIETUVOS STATYBOS IN\u017dINIERI\u0172 S\u0104JUNGA\",\"description\":\"#ProudToBeAnEngineer\",\"potentialAction\":[{\"@type\":\"SearchAction\",\"target\":{\"@type\":\"EntryPoint\",\"urlTemplate\":\"https:\/\/lsis.lt\/?s={search_term_string}\"},\"query-input\":{\"@type\":\"PropertyValueSpecification\",\"valueRequired\":true,\"valueName\":\"search_term_string\"}}],\"inLanguage\":\"en-US\"}]}<\/script>\n<!-- \/ Yoast SEO plugin. -->","yoast_head_json":{"title":"Vizija ir misija - LIETUVOS STATYBOS IN\u017dINIERI\u0172 S\u0104JUNGA","robots":{"index":"index","follow":"follow","max-snippet":"max-snippet:-1","max-image-preview":"max-image-preview:large","max-video-preview":"max-video-preview:-1"},"canonical":"https:\/\/lsis.lt\/en\/vizija-ir-misija\/","og_locale":"en_US","og_type":"article","og_title":"Vizija ir misija - LIETUVOS STATYBOS IN\u017dINIERI\u0172 S\u0104JUNGA","og_description":"Vizija Lietuvos statybos in\u017einieri\u0173 s\u0105junga \u2013 lyderiaujanti statybos in\u017einierius vienijanti profesin\u0117 organizacija, kurios nariu b\u016bti yra garb\u0117 ir presti\u017eas. Misija Lietuvos statybos in\u017einieri\u0173 s\u0105junga telkia statybos in\u017einierius, atstovauja j\u0173 interesus, [&hellip;]","og_url":"https:\/\/lsis.lt\/en\/vizija-ir-misija\/","og_site_name":"LIETUVOS STATYBOS IN\u017dINIERI\u0172 S\u0104JUNGA","article_modified_time":"2023-09-03T20:02:24+00:00","twitter_card":"summary_large_image","schema":{"@context":"https:\/\/schema.org","@graph":[{"@type":"WebPage","@id":"https:\/\/lsis.lt\/en\/vizija-ir-misija\/","url":"https:\/\/lsis.lt\/en\/vizija-ir-misija\/","name":"Vizija ir misija - LIETUVOS STATYBOS IN\u017dINIERI\u0172 S\u0104JUNGA","isPartOf":{"@id":"https:\/\/lsis.lt\/#website"},"datePublished":"2019-07-04T13:54:04+00:00","dateModified":"2023-09-03T20:02:24+00:00","breadcrumb":{"@id":"https:\/\/lsis.lt\/en\/vizija-ir-misija\/#breadcrumb"},"inLanguage":"en-US","potentialAction":[{"@type":"ReadAction","target":["https:\/\/lsis.lt\/en\/vizija-ir-misija\/"]}]},{"@type":"BreadcrumbList","@id":"https:\/\/lsis.lt\/en\/vizija-ir-misija\/#breadcrumb","itemListElement":[{"@type":"ListItem","position":1,"name":"Home","item":"https:\/\/lsis.lt\/en\/"},{"@type":"ListItem","position":2,"name":"Vizija ir misija"}]},{"@type":"WebSite","@id":"https:\/\/lsis.lt\/#website","url":"https:\/\/lsis.lt\/","name":"LIETUVOS STATYBOS IN\u017dINIERI\u0172 S\u0104JUNGA","description":"#ProudToBeAnEngineer","potentialAction":[{"@type":"SearchAction","target":{"@type":"EntryPoint","urlTemplate":"https:\/\/lsis.lt\/?s={search_term_string}"},"query-input":{"@type":"PropertyValueSpecification","valueRequired":true,"valueName":"search_term_string"}}],"inLanguage":"en-US"}]}},"_links":{"self":[{"href":"https:\/\/lsis.lt\/en\/wp-json\/wp\/v2\/pages\/3515","targetHints":{"allow":["GET"]}}],"collection":[{"href":"https:\/\/lsis.lt\/en\/wp-json\/wp\/v2\/pages"}],"about":[{"href":"https:\/\/lsis.lt\/en\/wp-json\/wp\/v2\/types\/page"}],"author":[{"embeddable":true,"href":"https:\/\/lsis.lt\/en\/wp-json\/wp\/v2\/users\/1"}],"replies":[{"embeddable":true,"href":"https:\/\/lsis.lt\/en\/wp-json\/wp\/v2\/comments?post=3515"}],"version-history":[{"count":12,"href":"https:\/\/lsis.lt\/en\/wp-json\/wp\/v2\/pages\/3515\/revisions"}],"predecessor-version":[{"id":11728,"href":"https:\/\/lsis.lt\/en\/wp-json\/wp\/v2\/pages\/3515\/revisions\/11728"}],"wp:attachment":[{"href":"https:\/\/lsis.lt\/en\/wp-json\/wp\/v2\/media?parent=3515"}],"curies":[{"name":"wp","href":"https:\/\/api.w.org\/{rel}","templated":true}]}}