{"id":3527,"date":"2019-05-13T01:45:48","date_gmt":"2019-05-12T23:45:48","guid":{"rendered":"http:\/\/lsis.lt\/lsis-garbes-zenklas\/"},"modified":"2026-03-13T17:35:43","modified_gmt":"2026-03-13T15:35:43","slug":"lsis-garbes-zenklas","status":"publish","type":"page","link":"https:\/\/lsis.lt\/en\/lsis-garbes-zenklas\/","title":{"rendered":"LSIS Garb\u0117s \u017eenklas"},"content":{"rendered":"\t\t<div data-elementor-type=\"wp-post\" data-elementor-id=\"3527\" class=\"elementor elementor-3527\">\n\t\t\t\t\t\t<section class=\"elementor-section elementor-top-section elementor-element elementor-element-079b42d elementor-section-boxed elementor-section-height-default elementor-section-height-default\" data-id=\"079b42d\" data-element_type=\"section\" data-e-type=\"section\">\n\t\t\t\t\t\t<div class=\"elementor-container elementor-column-gap-default\">\n\t\t\t\t\t<div class=\"elementor-column elementor-col-33 elementor-top-column elementor-element elementor-element-1556553\" data-id=\"1556553\" data-element_type=\"column\" data-e-type=\"column\">\n\t\t\t<div class=\"elementor-widget-wrap elementor-element-populated\">\n\t\t\t\t\t\t<div class=\"elementor-element elementor-element-ccadd76 elementor-widget elementor-widget-image\" data-id=\"ccadd76\" data-element_type=\"widget\" data-e-type=\"widget\" data-widget_type=\"image.default\">\n\t\t\t\t<div class=\"elementor-widget-container\">\n\t\t\t\t\t\t\t\t\t\t\t\t\t\t\t<img fetchpriority=\"high\" decoding=\"async\" width=\"203\" height=\"375\" src=\"https:\/\/lsis.lt\/wp-content\/uploads\/2019\/08\/garbes_zenklas-e1578397803979.jpg\" class=\"attachment-medium_large size-medium_large wp-image-4185\" alt=\"\" srcset=\"https:\/\/lsis.lt\/wp-content\/uploads\/2019\/08\/garbes_zenklas-e1578397803979.jpg 203w, https:\/\/lsis.lt\/wp-content\/uploads\/2019\/08\/garbes_zenklas-e1578397803979-162x300.jpg 162w\" sizes=\"(max-width: 203px) 100vw, 203px\" \/>\t\t\t\t\t\t\t\t\t\t\t\t\t\t\t<\/div>\n\t\t\t\t<\/div>\n\t\t\t\t\t<\/div>\n\t\t<\/div>\n\t\t\t\t<div class=\"elementor-column elementor-col-66 elementor-top-column elementor-element elementor-element-78207b8\" data-id=\"78207b8\" data-element_type=\"column\" data-e-type=\"column\">\n\t\t\t<div class=\"elementor-widget-wrap elementor-element-populated\">\n\t\t\t\t\t\t<div class=\"elementor-element elementor-element-5453873 elementor-widget elementor-widget-text-editor\" data-id=\"5453873\" data-element_type=\"widget\" data-e-type=\"widget\" data-widget_type=\"text-editor.default\">\n\t\t\t\t<div class=\"elementor-widget-container\">\n\t\t\t\t\t\t\t\t\t<p><span style=\"font-weight: 400;\">LSIS Garb\u0117s \u017eenklu u\u017e asmeninius profesinius nuopelnus apdovanojami nepriekai\u0161tingos reputacijos statyboje dirbantys in\u017einieriai ir \u017eymiausi statybos srities mokslininkai, savo veikloje besivadovaujantys auk\u0161\u010diausiais moraliniais standartais ir savo pavyzd\u017eiu stiprinantys statyb\u0173 in\u017einieriaus \u012fvaizd\u012f visuomen\u0117je.<\/span><\/p><p><span style=\"font-weight: 400;\">Nominant\u0105 garb\u0117s \u017eenklui galite si\u016blyti <\/span><a href=\"mailto:lsis@lsis.lt\"><span style=\"font-weight: 400;\">lsis@lsis.lt<\/span><\/a><\/p><p>Apdovanot\u0173j\u0173 garb\u0117s \u017eenklais s\u0105ra\u0161as:<\/p><p>Algirdas Vap\u0161ys<br \/>Adakras \u0160estakauskas<br \/>Pranas Kuisys<br \/>Aloyzas Jurdonas<br \/>Romualdas Sakalauskas<br \/>Julius Antanas Baltrukonis<br \/>Lionginas Sakalauskas<br \/>Antanas Banaitis<br \/>Nijol\u0117 Kikutien\u0117<br \/>Vytautas Urbonas<br \/>Petras Lap\u0117<br \/>Juozas Jazavitas<br \/>Julius Gajauskas<br \/>K\u0119stutis Ma\u017eeika<br \/>Antanas Dominas<br \/>Liudas Skardinskas<br \/>Tautvydas Petras Tubis<br \/>Henrikas Nakas<br \/>Edmundas Endriukaitis<br \/>Jonas Mulevi\u010dius<br \/>Romualdas Kliu\u010dininkas<br \/>Zenonas Su\u0161inskas<br \/>Virginijus Raba\u010dius<br \/>Stanislovas Bubelis<br \/>Vincentas Vytis Stragys<br \/>Gra\u017eina Lygnugarien\u0117<br \/>Robertas Dargis<br \/>Vitalij \u017davrid<br \/>Me\u010dislovas Urbonas<br \/>Vytautas Remeika<br \/>Elvyras Zlatkus<br \/>Antanas Minkevi\u010dius<br \/>Martynas Malakauskas<br \/>Narimantas \u017ddankus<br \/>Jonas Gediminas Mar\u010diukaitis<br \/>Edmundas Kazimieras Zavadskas<br \/>\u010ceslovas Ignatavi\u010dius<br \/>Vidas \u0160livinskas<br \/>Robertas Encius<br \/>Henrikas Martinonis<br \/>Alfonsas \u0160ri\u016bb\u0117nas<br \/>Vincas \u0160ileika<br \/>Gorazd Humar<br \/>Vassilis Economopulos<br \/>Art\u016bras Tekorius<br \/>Laimutis Jonas Vaicekauskis<br \/>Arvydas Juozaitis<br \/>Julija Rakevi\u010dien\u0117<br \/>Vytaras Vai\u0161noras<br \/>Julius Antanas \u017dukas<br \/>Vladas Barysas<br \/>Povilas Vaini\u016bnas<br \/>Bronislava Juod\u017ebalien\u0117<br \/>Rimantas Stropaitis<br \/>K\u0119stutis Kurlys<br \/>Justinas Kulikauskas<br \/>\u010ceslovas Daug\u0117la<br \/>Vytautas Savickis<br \/>Simutis Valdemaras<br \/>Vytautas Stasys Trumpa<br \/>Liudvikas Vytautas Furmonavi\u010dius<br \/>Stasys Dailydka<br \/>Liudas Stonys<br \/>Julius Laiconas<br \/>Alfonsas Dani\u016bnas<br \/>K\u0119stutis Maksimavi\u010dius<br \/>Jurgis Ra\u017eaitis<br \/>Ram\u016bnas Setkauskas<br \/>Algirdas Gauril\u010dikas<br \/>Vytautas Sadauskas<br \/>Antanas Klibavi\u010dius<br \/>Bronius Sidauga<br \/>Jonas \u0160arakauskas<br \/>Rimantas Dabulis<br \/>Antanas Butkus<br \/>Algimantas Nekro\u0161ius<br \/>Rimas Radavi\u010dius<br \/>Juozas Duoplys<br \/>Juozas Valivonis<br \/>Kazys Sivickis<br \/>Danius Skliukas<br \/>Vitold Jurgelevi\u010d<br \/>K\u0119stutis Grimalis<br \/>Saulius Bekampis<br \/>Vitoldas Vaitkevi\u010dius<br \/>Linas Adomavi\u010dius<br \/>\u017dymantas Rud\u017eionis<br \/>Jaunius Kavaliauskas<br \/>Ar\u016bnas Aleksandras Navickas<br \/>Helena Andriksone<br \/>Kazimieras Senkus<\/p><h5 style=\"text-align: center;\">Lietuvos statybos in\u017einieri\u0173 s\u0105jungos apdovanojimo<br \/>\u201eLietuvos statybos in\u017einieri\u0173 s\u0105jungos Garb\u0117s \u017eenklas\u201c<br \/>N U O S T A T A I<\/h5><p>I. Bendrosios nuostatos<br \/>Lietuvos statybos in\u017einieri\u0173 s\u0105junga (LSIS), atstovaujanti visose statybos srityse dirban\u010di\u0173 profesional\u0173 ir statybos mokslinink\u0173 bendruomenei ir siekdama \u012fvertinti i\u0161kiliausi\u0173 \u0161ios bendruomen\u0117s nari\u0173 nuopelnus, yra \u012fsteigusi \u201eLietuvos statybos in\u017einieri\u0173 s\u0105jungos Garb\u0117s \u017eenkl\u0105\u201c (LSIS Garb\u0117s \u017eenklas).<br \/>\u0160iais nuostatais apibr\u0117\u017eiama LSIS Garb\u0117s \u017eenklo skyrimo, jo anuliavimo, apskaitos ir ne\u0161iojimo (seg\u0117jimo) tvarka. Atnaujintus nuostatus LSIS prezidiumas patvirtino 2014 m. gegu\u017e\u0117s 14 d.<br \/>LSIS Garb\u0117s \u017eenklu u\u017e asmeninius profesinius nuopelnus apdovanojami nepriekai\u0161tingos reputacijos statyboje dirbantys in\u017einieriai ir \u017eymiausi statybos srities mokslininkai, savo veikloje besivadovaujantys auk\u0161\u010diausiais moraliniais standartais ir savo pavyzd\u017eiu stiprinantys statyb\u0173 in\u017einieriaus \u012fvaizd\u012f visuomen\u0117je.<br \/>LSIS Garb\u0117s \u017eenklo dokumentacij\u0105 ir apskait\u0105 tvarko LSIS administracija.<\/p><p>II. Skyrimo tvarka<br \/>LSIS Garb\u0117s \u017eenklas skiriamas Lietuvos Respublikos pilie\u010diams, i\u0161imtinais atvejais u\u017esienio valstybi\u0173 pilie\u010diams.<br \/>Sprendim\u0105 d\u0117l apdovanojimo LSIS Garb\u0117s \u017eenklu priima LSIS prezidiumas.<br \/>Teikti pasi\u016blymus d\u0117l apdovanojimo LSIS Garb\u0117s \u017eenklu gali LSIS nariai, statyb\u0173 bendrov\u0117s ir mokslo institucijos, kiti juridiniai asmenys, susij\u0119 su statyb\u0173 sritimi.<br \/>LSIS Garb\u0117s \u017eenklas i\u0161kilmingoje aplinkoje \u012fteikiamas per LSIS suva\u017eiavim\u0105, profesin\u0117se \u0161vent\u0117se ar kitomis progomis.<br \/>LSIS Garb\u0117s \u017eenkl\u0105 \u012fteikia LSIS pirmininkas arba jo \u012fgaliotas asmuo.<br \/>Kartu su LSIS Garb\u0117s \u017eenklu \u012fteikiamas apdovanojimo liudijimas.<\/p><p>III. Skyrimo anuliavimas<br \/>Jei LSIS Garb\u0117s \u017eenklu apdovanotas asmuo \u0161iurk\u0161\u010diai pa\u017eeid\u0117 Lietuvos Respublikos \u012fstatymus ar LSIS etikos kodeks\u0105 (http:\/\/www.lsis.lt\/etikos_kodeksas), LSIS prezidiumo sprendimu apdovanojimas LSIS Garb\u0117s \u017eenklu anuliuojamas, apie tai paskelbiant vie\u0161ai.<\/p><p>IV. Ne\u0161iojimo (seg\u0117jimo) tvarka<br \/>LSIS Garb\u0117s \u017eenklas paprastai ne\u0161iojamas (segimas) prie i\u0161eigini\u0173 drabu\u017ei\u0173 atmintinomis valstyb\u0117s ar profesini\u0173 \u0161ven\u010di\u0173 dienomis ar kitomis i\u0161kilmingomis progomis.<br \/>LSIS Garb\u0117s \u017eenklas paprastai ne\u0161iojamas (segimas) prie kostiumo ar kostium\u0117lio \u0161varko kair\u0117je pus\u0117je.<br \/>Jei asmuo yra apdovanotas Lietuvos Respublikos arba kit\u0173 valstybi\u0173 apdovanojimais, LSIS Garb\u0117s \u017eenklas ne\u0161iojamas (segimas) \u017eemiau j\u0173.<br \/>Ne\u0161iojamas (segimas) arba LSIS Garb\u0117s \u017eenklas, arba LSIS Garb\u0117s \u017eenklo rozet\u0117.<\/p><p>V. LSIS Garb\u0117s \u017eenklo statutas<br \/>LSIS Garb\u0117s \u017eenkl\u0105 sudaro \u017eenklas, kabinamas prie kaspino, ir apdovanojimo pakaitas \u2013 rozet\u0117.<br \/>\u201eLietuvos statybos in\u017einieri\u0173 s\u0105jungos Garb\u0117s \u017eenklas\u201c apra\u0161ymas:<br \/>Garb\u0117s \u017eenklas \u2013 auksuotas ir sidabruotas \u017ealvaris. \u017denklas apskritas, 38 mm skersmens. Jo pagrindas \u2013 stilizuota, aukso ir sidabro spalv\u0173 a\u0161tuoni\u0173 gal\u0173 \u017evaig\u017ed\u0117. \u017dvaig\u017ed\u0117s galai tarpusavyje atskirti a\u0161tuoniais stilizuotais lauro lapais. Vir\u0161 j\u0173 \u2013 reljefi\u0161kas aukso spalvos apskritimas, kurio kra\u0161tas padalintas i\u0161 centro einan\u010diais spinduliais. Apskritimo centre, m\u0117lynos emal\u0117s fone \u012fkomponuota aukso spalvos brai\u017eybos \u012franki\u0173 kompozicija. Jos centre \u2013 skriestuvas, trikampis ir liniuot\u0117. Garb\u0117s \u017eenklo reverse apskritimu i\u0161d\u0117stytas u\u017era\u0161as did\u017eiosiomis raid\u0117mis LIETUVOS STATYBOS IN\u017dINIERI\u0172 S\u0104JUNGA. U\u017era\u0161o apa\u010dioje \u012fkomponuotas tri\u017eenklis apdovanojimo numeris. \u017denklas su kaspinu sujungti aukso spalvos metalo pakabuku, per kur\u012f pervertas kaspinas. U\u017esegimo segtukai pritvirtinti kitoje kaspino pus\u0117je. Kaspinas 32 mm plo\u010dio ir 45 mm ilgio m\u0117lyno muaro. Kaspino kra\u0161tuose simetri\u0161kai \u012fkomponuotos sidabro spalv\u0173 si\u016bl\u0173 juostel\u0117s, per vidur\u012f \u2013 trys aukso spalvos juostel\u0117s. Garb\u0117s \u017eenklo rozet\u0117 \u2013 \u017eenklelis toks pat, kaip ir Garb\u0117s \u017eenklas, ta\u010diau 20 mm skersmens ir be kaspino.<\/p>\t\t\t\t\t\t\t\t<\/div>\n\t\t\t\t<\/div>\n\t\t\t\t\t<\/div>\n\t\t<\/div>\n\t\t\t\t\t<\/div>\n\t\t<\/section>\n\t\t\t\t<\/div>\n\t\t","protected":false},"excerpt":{"rendered":"<p>LSIS Garb\u0117s \u017eenklu u\u017e asmeninius profesinius nuopelnus apdovanojami nepriekai\u0161tingos reputacijos statyboje dirbantys in\u017einieriai ir \u017eymiausi statybos srities mokslininkai, savo veikloje besivadovaujantys auk\u0161\u010diausiais moraliniais standartais ir savo pavyzd\u017eiu stiprinantys statyb\u0173 in\u017einieriaus [&hellip;]<\/p>\n","protected":false},"author":1,"featured_media":0,"parent":0,"menu_order":0,"comment_status":"closed","ping_status":"closed","template":"","meta":{"footnotes":""},"class_list":["post-3527","page","type-page","status-publish","hentry"],"yoast_head":"<!-- This site is optimized with the Yoast SEO plugin v26.8 - https:\/\/yoast.com\/product\/yoast-seo-wordpress\/ -->\n<title>LSIS Garb\u0117s \u017eenklas - LIETUVOS STATYBOS IN\u017dINIERI\u0172 S\u0104JUNGA<\/title>\n<meta name=\"robots\" content=\"index, follow, max-snippet:-1, max-image-preview:large, max-video-preview:-1\" \/>\n<link rel=\"canonical\" href=\"https:\/\/lsis.lt\/en\/lsis-garbes-zenklas\/\" \/>\n<meta property=\"og:locale\" content=\"en_US\" \/>\n<meta property=\"og:type\" content=\"article\" \/>\n<meta property=\"og:title\" content=\"LSIS Garb\u0117s \u017eenklas - LIETUVOS STATYBOS IN\u017dINIERI\u0172 S\u0104JUNGA\" \/>\n<meta property=\"og:description\" content=\"LSIS Garb\u0117s \u017eenklu u\u017e asmeninius profesinius nuopelnus apdovanojami nepriekai\u0161tingos reputacijos statyboje dirbantys in\u017einieriai ir \u017eymiausi statybos srities mokslininkai, savo veikloje besivadovaujantys auk\u0161\u010diausiais moraliniais standartais ir savo pavyzd\u017eiu stiprinantys statyb\u0173 in\u017einieriaus [&hellip;]\" \/>\n<meta property=\"og:url\" content=\"https:\/\/lsis.lt\/en\/lsis-garbes-zenklas\/\" \/>\n<meta property=\"og:site_name\" content=\"LIETUVOS STATYBOS IN\u017dINIERI\u0172 S\u0104JUNGA\" \/>\n<meta property=\"article:modified_time\" content=\"2026-03-13T15:35:43+00:00\" \/>\n<meta property=\"og:image\" content=\"https:\/\/lsis.lt\/wp-content\/uploads\/2019\/08\/garbes_zenklas-e1578397803979.jpg\" \/>\n\t<meta property=\"og:image:width\" content=\"203\" \/>\n\t<meta property=\"og:image:height\" content=\"375\" \/>\n\t<meta property=\"og:image:type\" content=\"image\/jpeg\" \/>\n<meta name=\"twitter:card\" content=\"summary_large_image\" \/>\n<meta name=\"twitter:label1\" content=\"Est. reading time\" \/>\n\t<meta name=\"twitter:data1\" content=\"4 minutes\" \/>\n<script type=\"application\/ld+json\" class=\"yoast-schema-graph\">{\"@context\":\"https:\/\/schema.org\",\"@graph\":[{\"@type\":\"WebPage\",\"@id\":\"https:\/\/lsis.lt\/en\/lsis-garbes-zenklas\/\",\"url\":\"https:\/\/lsis.lt\/en\/lsis-garbes-zenklas\/\",\"name\":\"LSIS Garb\u0117s \u017eenklas - LIETUVOS STATYBOS IN\u017dINIERI\u0172 S\u0104JUNGA\",\"isPartOf\":{\"@id\":\"https:\/\/lsis.lt\/#website\"},\"primaryImageOfPage\":{\"@id\":\"https:\/\/lsis.lt\/en\/lsis-garbes-zenklas\/#primaryimage\"},\"image\":{\"@id\":\"https:\/\/lsis.lt\/en\/lsis-garbes-zenklas\/#primaryimage\"},\"thumbnailUrl\":\"https:\/\/lsis.lt\/wp-content\/uploads\/2019\/08\/garbes_zenklas-e1578397803979.jpg\",\"datePublished\":\"2019-05-12T23:45:48+00:00\",\"dateModified\":\"2026-03-13T15:35:43+00:00\",\"breadcrumb\":{\"@id\":\"https:\/\/lsis.lt\/en\/lsis-garbes-zenklas\/#breadcrumb\"},\"inLanguage\":\"en-US\",\"potentialAction\":[{\"@type\":\"ReadAction\",\"target\":[\"https:\/\/lsis.lt\/en\/lsis-garbes-zenklas\/\"]}]},{\"@type\":\"ImageObject\",\"inLanguage\":\"en-US\",\"@id\":\"https:\/\/lsis.lt\/en\/lsis-garbes-zenklas\/#primaryimage\",\"url\":\"https:\/\/lsis.lt\/wp-content\/uploads\/2019\/08\/garbes_zenklas-e1578397803979.jpg\",\"contentUrl\":\"https:\/\/lsis.lt\/wp-content\/uploads\/2019\/08\/garbes_zenklas-e1578397803979.jpg\"},{\"@type\":\"BreadcrumbList\",\"@id\":\"https:\/\/lsis.lt\/en\/lsis-garbes-zenklas\/#breadcrumb\",\"itemListElement\":[{\"@type\":\"ListItem\",\"position\":1,\"name\":\"Home\",\"item\":\"https:\/\/lsis.lt\/en\/\"},{\"@type\":\"ListItem\",\"position\":2,\"name\":\"LSIS Garb\u0117s \u017eenklas\"}]},{\"@type\":\"WebSite\",\"@id\":\"https:\/\/lsis.lt\/#website\",\"url\":\"https:\/\/lsis.lt\/\",\"name\":\"LIETUVOS STATYBOS IN\u017dINIERI\u0172 S\u0104JUNGA\",\"description\":\"#ProudToBeAnEngineer\",\"potentialAction\":[{\"@type\":\"SearchAction\",\"target\":{\"@type\":\"EntryPoint\",\"urlTemplate\":\"https:\/\/lsis.lt\/?s={search_term_string}\"},\"query-input\":{\"@type\":\"PropertyValueSpecification\",\"valueRequired\":true,\"valueName\":\"search_term_string\"}}],\"inLanguage\":\"en-US\"}]}<\/script>\n<!-- \/ Yoast SEO plugin. -->","yoast_head_json":{"title":"LSIS Garb\u0117s \u017eenklas - LIETUVOS STATYBOS IN\u017dINIERI\u0172 S\u0104JUNGA","robots":{"index":"index","follow":"follow","max-snippet":"max-snippet:-1","max-image-preview":"max-image-preview:large","max-video-preview":"max-video-preview:-1"},"canonical":"https:\/\/lsis.lt\/en\/lsis-garbes-zenklas\/","og_locale":"en_US","og_type":"article","og_title":"LSIS Garb\u0117s \u017eenklas - LIETUVOS STATYBOS IN\u017dINIERI\u0172 S\u0104JUNGA","og_description":"LSIS Garb\u0117s \u017eenklu u\u017e asmeninius profesinius nuopelnus apdovanojami nepriekai\u0161tingos reputacijos statyboje dirbantys in\u017einieriai ir \u017eymiausi statybos srities mokslininkai, savo veikloje besivadovaujantys auk\u0161\u010diausiais moraliniais standartais ir savo pavyzd\u017eiu stiprinantys statyb\u0173 in\u017einieriaus [&hellip;]","og_url":"https:\/\/lsis.lt\/en\/lsis-garbes-zenklas\/","og_site_name":"LIETUVOS STATYBOS IN\u017dINIERI\u0172 S\u0104JUNGA","article_modified_time":"2026-03-13T15:35:43+00:00","og_image":[{"width":203,"height":375,"url":"https:\/\/lsis.lt\/wp-content\/uploads\/2019\/08\/garbes_zenklas-e1578397803979.jpg","type":"image\/jpeg"}],"twitter_card":"summary_large_image","twitter_misc":{"Est. reading time":"4 minutes"},"schema":{"@context":"https:\/\/schema.org","@graph":[{"@type":"WebPage","@id":"https:\/\/lsis.lt\/en\/lsis-garbes-zenklas\/","url":"https:\/\/lsis.lt\/en\/lsis-garbes-zenklas\/","name":"LSIS Garb\u0117s \u017eenklas - LIETUVOS STATYBOS IN\u017dINIERI\u0172 S\u0104JUNGA","isPartOf":{"@id":"https:\/\/lsis.lt\/#website"},"primaryImageOfPage":{"@id":"https:\/\/lsis.lt\/en\/lsis-garbes-zenklas\/#primaryimage"},"image":{"@id":"https:\/\/lsis.lt\/en\/lsis-garbes-zenklas\/#primaryimage"},"thumbnailUrl":"https:\/\/lsis.lt\/wp-content\/uploads\/2019\/08\/garbes_zenklas-e1578397803979.jpg","datePublished":"2019-05-12T23:45:48+00:00","dateModified":"2026-03-13T15:35:43+00:00","breadcrumb":{"@id":"https:\/\/lsis.lt\/en\/lsis-garbes-zenklas\/#breadcrumb"},"inLanguage":"en-US","potentialAction":[{"@type":"ReadAction","target":["https:\/\/lsis.lt\/en\/lsis-garbes-zenklas\/"]}]},{"@type":"ImageObject","inLanguage":"en-US","@id":"https:\/\/lsis.lt\/en\/lsis-garbes-zenklas\/#primaryimage","url":"https:\/\/lsis.lt\/wp-content\/uploads\/2019\/08\/garbes_zenklas-e1578397803979.jpg","contentUrl":"https:\/\/lsis.lt\/wp-content\/uploads\/2019\/08\/garbes_zenklas-e1578397803979.jpg"},{"@type":"BreadcrumbList","@id":"https:\/\/lsis.lt\/en\/lsis-garbes-zenklas\/#breadcrumb","itemListElement":[{"@type":"ListItem","position":1,"name":"Home","item":"https:\/\/lsis.lt\/en\/"},{"@type":"ListItem","position":2,"name":"LSIS Garb\u0117s \u017eenklas"}]},{"@type":"WebSite","@id":"https:\/\/lsis.lt\/#website","url":"https:\/\/lsis.lt\/","name":"LIETUVOS STATYBOS IN\u017dINIERI\u0172 S\u0104JUNGA","description":"#ProudToBeAnEngineer","potentialAction":[{"@type":"SearchAction","target":{"@type":"EntryPoint","urlTemplate":"https:\/\/lsis.lt\/?s={search_term_string}"},"query-input":{"@type":"PropertyValueSpecification","valueRequired":true,"valueName":"search_term_string"}}],"inLanguage":"en-US"}]}},"_links":{"self":[{"href":"https:\/\/lsis.lt\/en\/wp-json\/wp\/v2\/pages\/3527","targetHints":{"allow":["GET"]}}],"collection":[{"href":"https:\/\/lsis.lt\/en\/wp-json\/wp\/v2\/pages"}],"about":[{"href":"https:\/\/lsis.lt\/en\/wp-json\/wp\/v2\/types\/page"}],"author":[{"embeddable":true,"href":"https:\/\/lsis.lt\/en\/wp-json\/wp\/v2\/users\/1"}],"replies":[{"embeddable":true,"href":"https:\/\/lsis.lt\/en\/wp-json\/wp\/v2\/comments?post=3527"}],"version-history":[{"count":18,"href":"https:\/\/lsis.lt\/en\/wp-json\/wp\/v2\/pages\/3527\/revisions"}],"predecessor-version":[{"id":15423,"href":"https:\/\/lsis.lt\/en\/wp-json\/wp\/v2\/pages\/3527\/revisions\/15423"}],"wp:attachment":[{"href":"https:\/\/lsis.lt\/en\/wp-json\/wp\/v2\/media?parent=3527"}],"curies":[{"name":"wp","href":"https:\/\/api.w.org\/{rel}","templated":true}]}}