{"id":3533,"date":"2019-04-03T15:44:53","date_gmt":"2019-04-03T13:44:53","guid":{"rendered":"http:\/\/lsis.lt\/home-test\/"},"modified":"2020-10-01T11:23:09","modified_gmt":"2020-10-01T09:23:09","slug":"home-test","status":"publish","type":"page","link":"https:\/\/lsis.lt\/en\/","title":{"rendered":"Pagrindinis 1"},"content":{"rendered":"","protected":false},"excerpt":{"rendered":"","protected":false},"author":1,"featured_media":3534,"parent":0,"menu_order":0,"comment_status":"closed","ping_status":"closed","template":"template-homepage.php","meta":{"footnotes":""},"class_list":["post-3533","page","type-page","status-publish","has-post-thumbnail","hentry"],"yoast_head":"<!-- This site is optimized with the Yoast SEO plugin v26.8 - https:\/\/yoast.com\/product\/yoast-seo-wordpress\/ -->\n<title>Pagrindinis 1 - LIETUVOS STATYBOS IN\u017dINIERI\u0172 S\u0104JUNGA<\/title>\n<meta name=\"robots\" content=\"index, follow, max-snippet:-1, max-image-preview:large, max-video-preview:-1\" \/>\n<link rel=\"canonical\" href=\"https:\/\/lsis.lt\/en\/\" \/>\n<meta property=\"og:locale\" content=\"en_US\" \/>\n<meta property=\"og:type\" content=\"article\" \/>\n<meta property=\"og:title\" content=\"Pagrindinis 1 - LIETUVOS STATYBOS IN\u017dINIERI\u0172 S\u0104JUNGA\" \/>\n<meta property=\"og:url\" content=\"https:\/\/lsis.lt\/en\/\" \/>\n<meta property=\"og:site_name\" content=\"LIETUVOS STATYBOS IN\u017dINIERI\u0172 S\u0104JUNGA\" \/>\n<meta property=\"article:modified_time\" content=\"2020-10-01T09:23:09+00:00\" \/>\n<meta property=\"og:image\" content=\"https:\/\/lsis.lt\/wp-content\/uploads\/2019\/07\/homepfoto.jpg\" \/>\n\t<meta property=\"og:image:width\" content=\"1200\" \/>\n\t<meta property=\"og:image:height\" content=\"275\" \/>\n\t<meta property=\"og:image:type\" content=\"image\/jpeg\" \/>\n<meta name=\"twitter:card\" content=\"summary_large_image\" \/>\n<script type=\"application\/ld+json\" class=\"yoast-schema-graph\">{\"@context\":\"https:\/\/schema.org\",\"@graph\":[{\"@type\":\"WebPage\",\"@id\":\"https:\/\/lsis.lt\/en\/\",\"url\":\"https:\/\/lsis.lt\/en\/\",\"name\":\"Pagrindinis 1 - LIETUVOS STATYBOS IN\u017dINIERI\u0172 S\u0104JUNGA\",\"isPartOf\":{\"@id\":\"https:\/\/lsis.lt\/#website\"},\"primaryImageOfPage\":{\"@id\":\"https:\/\/lsis.lt\/en\/#primaryimage\"},\"image\":{\"@id\":\"https:\/\/lsis.lt\/en\/#primaryimage\"},\"thumbnailUrl\":\"https:\/\/lsis.lt\/wp-content\/uploads\/2019\/07\/homepfoto.jpg\",\"datePublished\":\"2019-04-03T13:44:53+00:00\",\"dateModified\":\"2020-10-01T09:23:09+00:00\",\"breadcrumb\":{\"@id\":\"https:\/\/lsis.lt\/en\/#breadcrumb\"},\"inLanguage\":\"en-US\",\"potentialAction\":[{\"@type\":\"ReadAction\",\"target\":[\"https:\/\/lsis.lt\/en\/\"]}]},{\"@type\":\"ImageObject\",\"inLanguage\":\"en-US\",\"@id\":\"https:\/\/lsis.lt\/en\/#primaryimage\",\"url\":\"https:\/\/lsis.lt\/wp-content\/uploads\/2019\/07\/homepfoto.jpg\",\"contentUrl\":\"https:\/\/lsis.lt\/wp-content\/uploads\/2019\/07\/homepfoto.jpg\",\"width\":1200,\"height\":275},{\"@type\":\"BreadcrumbList\",\"@id\":\"https:\/\/lsis.lt\/en\/#breadcrumb\",\"itemListElement\":[{\"@type\":\"ListItem\",\"position\":1,\"name\":\"Home\",\"item\":\"https:\/\/lsis.lt\/en\/\"},{\"@type\":\"ListItem\",\"position\":2,\"name\":\"Pagrindinis 1\"}]},{\"@type\":\"WebSite\",\"@id\":\"https:\/\/lsis.lt\/#website\",\"url\":\"https:\/\/lsis.lt\/\",\"name\":\"LIETUVOS STATYBOS IN\u017dINIERI\u0172 S\u0104JUNGA\",\"description\":\"#ProudToBeAnEngineer\",\"potentialAction\":[{\"@type\":\"SearchAction\",\"target\":{\"@type\":\"EntryPoint\",\"urlTemplate\":\"https:\/\/lsis.lt\/?s={search_term_string}\"},\"query-input\":{\"@type\":\"PropertyValueSpecification\",\"valueRequired\":true,\"valueName\":\"search_term_string\"}}],\"inLanguage\":\"en-US\"}]}<\/script>\n<!-- \/ Yoast SEO plugin. -->","yoast_head_json":{"title":"Pagrindinis 1 - LIETUVOS STATYBOS IN\u017dINIERI\u0172 S\u0104JUNGA","robots":{"index":"index","follow":"follow","max-snippet":"max-snippet:-1","max-image-preview":"max-image-preview:large","max-video-preview":"max-video-preview:-1"},"canonical":"https:\/\/lsis.lt\/en\/","og_locale":"en_US","og_type":"article","og_title":"Pagrindinis 1 - LIETUVOS STATYBOS IN\u017dINIERI\u0172 S\u0104JUNGA","og_url":"https:\/\/lsis.lt\/en\/","og_site_name":"LIETUVOS STATYBOS IN\u017dINIERI\u0172 S\u0104JUNGA","article_modified_time":"2020-10-01T09:23:09+00:00","og_image":[{"width":1200,"height":275,"url":"https:\/\/lsis.lt\/wp-content\/uploads\/2019\/07\/homepfoto.jpg","type":"image\/jpeg"}],"twitter_card":"summary_large_image","schema":{"@context":"https:\/\/schema.org","@graph":[{"@type":"WebPage","@id":"https:\/\/lsis.lt\/en\/","url":"https:\/\/lsis.lt\/en\/","name":"Pagrindinis 1 - LIETUVOS STATYBOS IN\u017dINIERI\u0172 S\u0104JUNGA","isPartOf":{"@id":"https:\/\/lsis.lt\/#website"},"primaryImageOfPage":{"@id":"https:\/\/lsis.lt\/en\/#primaryimage"},"image":{"@id":"https:\/\/lsis.lt\/en\/#primaryimage"},"thumbnailUrl":"https:\/\/lsis.lt\/wp-content\/uploads\/2019\/07\/homepfoto.jpg","datePublished":"2019-04-03T13:44:53+00:00","dateModified":"2020-10-01T09:23:09+00:00","breadcrumb":{"@id":"https:\/\/lsis.lt\/en\/#breadcrumb"},"inLanguage":"en-US","potentialAction":[{"@type":"ReadAction","target":["https:\/\/lsis.lt\/en\/"]}]},{"@type":"ImageObject","inLanguage":"en-US","@id":"https:\/\/lsis.lt\/en\/#primaryimage","url":"https:\/\/lsis.lt\/wp-content\/uploads\/2019\/07\/homepfoto.jpg","contentUrl":"https:\/\/lsis.lt\/wp-content\/uploads\/2019\/07\/homepfoto.jpg","width":1200,"height":275},{"@type":"BreadcrumbList","@id":"https:\/\/lsis.lt\/en\/#breadcrumb","itemListElement":[{"@type":"ListItem","position":1,"name":"Home","item":"https:\/\/lsis.lt\/en\/"},{"@type":"ListItem","position":2,"name":"Pagrindinis 1"}]},{"@type":"WebSite","@id":"https:\/\/lsis.lt\/#website","url":"https:\/\/lsis.lt\/","name":"LIETUVOS STATYBOS IN\u017dINIERI\u0172 S\u0104JUNGA","description":"#ProudToBeAnEngineer","potentialAction":[{"@type":"SearchAction","target":{"@type":"EntryPoint","urlTemplate":"https:\/\/lsis.lt\/?s={search_term_string}"},"query-input":{"@type":"PropertyValueSpecification","valueRequired":true,"valueName":"search_term_string"}}],"inLanguage":"en-US"}]}},"_links":{"self":[{"href":"https:\/\/lsis.lt\/en\/wp-json\/wp\/v2\/pages\/3533","targetHints":{"allow":["GET"]}}],"collection":[{"href":"https:\/\/lsis.lt\/en\/wp-json\/wp\/v2\/pages"}],"about":[{"href":"https:\/\/lsis.lt\/en\/wp-json\/wp\/v2\/types\/page"}],"author":[{"embeddable":true,"href":"https:\/\/lsis.lt\/en\/wp-json\/wp\/v2\/users\/1"}],"replies":[{"embeddable":true,"href":"https:\/\/lsis.lt\/en\/wp-json\/wp\/v2\/comments?post=3533"}],"version-history":[{"count":6,"href":"https:\/\/lsis.lt\/en\/wp-json\/wp\/v2\/pages\/3533\/revisions"}],"predecessor-version":[{"id":3979,"href":"https:\/\/lsis.lt\/en\/wp-json\/wp\/v2\/pages\/3533\/revisions\/3979"}],"wp:featuredmedia":[{"embeddable":true,"href":"https:\/\/lsis.lt\/en\/wp-json\/wp\/v2\/media\/3534"}],"wp:attachment":[{"href":"https:\/\/lsis.lt\/en\/wp-json\/wp\/v2\/media?parent=3533"}],"curies":[{"name":"wp","href":"https:\/\/api.w.org\/{rel}","templated":true}]}}