{"id":3551,"date":"2019-03-08T11:50:05","date_gmt":"2019-03-08T09:50:05","guid":{"rendered":"http:\/\/lsis.lt\/duk\/"},"modified":"2020-06-25T14:59:33","modified_gmt":"2020-06-25T12:59:33","slug":"duk","status":"publish","type":"page","link":"https:\/\/lsis.lt\/en\/duk\/","title":{"rendered":"DUK"},"content":{"rendered":"\t\t<div data-elementor-type=\"wp-post\" data-elementor-id=\"3551\" class=\"elementor elementor-3551\">\n\t\t\t\t\t\t<section class=\"elementor-section elementor-top-section elementor-element elementor-element-0bd3be8 elementor-section-boxed elementor-section-height-default elementor-section-height-default\" data-id=\"0bd3be8\" data-element_type=\"section\" data-e-type=\"section\">\n\t\t\t\t\t\t<div class=\"elementor-container elementor-column-gap-default\">\n\t\t\t\t\t<div class=\"elementor-column elementor-col-100 elementor-top-column elementor-element elementor-element-33d5da2\" data-id=\"33d5da2\" data-element_type=\"column\" data-e-type=\"column\">\n\t\t\t<div class=\"elementor-widget-wrap elementor-element-populated\">\n\t\t\t\t\t\t<div class=\"elementor-element elementor-element-1dc3e64 elementor-widget elementor-widget-accordion\" data-id=\"1dc3e64\" data-element_type=\"widget\" data-e-type=\"widget\" data-widget_type=\"accordion.default\">\n\t\t\t\t<div class=\"elementor-widget-container\">\n\t\t\t\t\t\t\t<div class=\"elementor-accordion\">\n\t\t\t\t\t\t\t<div class=\"elementor-accordion-item\">\n\t\t\t\t\t<div id=\"elementor-tab-title-3121\" class=\"elementor-tab-title\" data-tab=\"1\" role=\"button\" aria-controls=\"elementor-tab-content-3121\" aria-expanded=\"false\">\n\t\t\t\t\t\t\t\t\t\t\t\t\t<span class=\"elementor-accordion-icon elementor-accordion-icon-left\" aria-hidden=\"true\">\n\t\t\t\t\t\t\t\t\t\t\t\t\t\t\t<span class=\"elementor-accordion-icon-closed\"><i class=\"fas fa-plus\"><\/i><\/span>\n\t\t\t\t\t\t\t\t<span class=\"elementor-accordion-icon-opened\"><i class=\"fas fa-minus\"><\/i><\/span>\n\t\t\t\t\t\t\t\t\t\t\t\t\t\t<\/span>\n\t\t\t\t\t\t\t\t\t\t\t\t<a class=\"elementor-accordion-title\" tabindex=\"0\">K\u0105 daryti, jei pasteb\u0117jau etikos kodekso pa\u017eeidim\u0105?<\/a>\n\t\t\t\t\t<\/div>\n\t\t\t\t\t<div id=\"elementor-tab-content-3121\" class=\"elementor-tab-content elementor-clearfix\" data-tab=\"1\" role=\"region\" aria-labelledby=\"elementor-tab-title-3121\"><p>1.B\u016btinai fiksuoju pa\u017eeidim\u0105 (vaizdo, garso \u012fra\u0161ymo priemon\u0117mis, dokumentacija). Apra\u0161au situacij\u0105, dalyvaujan\u010dius asmenis, \u012fmones, dat\u0105, viet\u0105, pa\u017eeidim\u0105 ir kreipiuosi el.pa\u0161tu lsis@lsis.lt arba telefonu +370 5 2341817.<\/p><p>2.Jei bijau d\u0117l savo asmens atskleidimo, bet esu u\u017etikrintas, kad mano surinkt\u0173 duomen\u0173 u\u017eteks tyrimui prad\u0117ti, galiu svetain\u0117je apie tai prane\u0161ti anonimi\u0161kai skiltyje <a href=\"lsis.lt\/profesine-etika\/\" target=\"_blank\" rel=\"noopener\">\u201cProfesin\u0117 etika\u201d<\/a>.<\/p><\/div>\n\t\t\t\t<\/div>\n\t\t\t\t\t\t\t<div class=\"elementor-accordion-item\">\n\t\t\t\t\t<div id=\"elementor-tab-title-3122\" class=\"elementor-tab-title\" data-tab=\"2\" role=\"button\" aria-controls=\"elementor-tab-content-3122\" aria-expanded=\"false\">\n\t\t\t\t\t\t\t\t\t\t\t\t\t<span class=\"elementor-accordion-icon elementor-accordion-icon-left\" aria-hidden=\"true\">\n\t\t\t\t\t\t\t\t\t\t\t\t\t\t\t<span class=\"elementor-accordion-icon-closed\"><i class=\"fas fa-plus\"><\/i><\/span>\n\t\t\t\t\t\t\t\t<span class=\"elementor-accordion-icon-opened\"><i class=\"fas fa-minus\"><\/i><\/span>\n\t\t\t\t\t\t\t\t\t\t\t\t\t\t<\/span>\n\t\t\t\t\t\t\t\t\t\t\t\t<a class=\"elementor-accordion-title\" tabindex=\"0\">Kur ir kam galiu teikti pasi\u016blymus d\u0117l veiklos, mokym\u0173 ir pan.?<\/a>\n\t\t\t\t\t<\/div>\n\t\t\t\t\t<div id=\"elementor-tab-content-3122\" class=\"elementor-tab-content elementor-clearfix\" data-tab=\"2\" role=\"region\" aria-labelledby=\"elementor-tab-title-3122\"><p><span style=\"font-weight: 400;\">Pasi\u016blymai, komentarai, pagyrimai, pad\u0117kos yra visada laukiami, nes padeda tobul\u0117ti, suprasti J\u016bs\u0173 l\u016bkes\u010dius, poreikius ir suteikti Jums naudingiausias \u017einias. Susisiekime el.pa\u0161tu: lsis@lsis.lt\u00a0<\/span><\/p><\/div>\n\t\t\t\t<\/div>\n\t\t\t\t\t\t\t<div class=\"elementor-accordion-item\">\n\t\t\t\t\t<div id=\"elementor-tab-title-3123\" class=\"elementor-tab-title\" data-tab=\"3\" role=\"button\" aria-controls=\"elementor-tab-content-3123\" aria-expanded=\"false\">\n\t\t\t\t\t\t\t\t\t\t\t\t\t<span class=\"elementor-accordion-icon elementor-accordion-icon-left\" aria-hidden=\"true\">\n\t\t\t\t\t\t\t\t\t\t\t\t\t\t\t<span class=\"elementor-accordion-icon-closed\"><i class=\"fas fa-plus\"><\/i><\/span>\n\t\t\t\t\t\t\t\t<span class=\"elementor-accordion-icon-opened\"><i class=\"fas fa-minus\"><\/i><\/span>\n\t\t\t\t\t\t\t\t\t\t\t\t\t\t<\/span>\n\t\t\t\t\t\t\t\t\t\t\t\t<a class=\"elementor-accordion-title\" tabindex=\"0\">Kur ir kaip pasi\u016blyti kandidat\u0105 met\u0173 in\u017einieriaus nominacijai?<\/a>\n\t\t\t\t\t<\/div>\n\t\t\t\t\t<div id=\"elementor-tab-content-3123\" class=\"elementor-tab-content elementor-clearfix\" data-tab=\"3\" role=\"region\" aria-labelledby=\"elementor-tab-title-3123\"><p><span style=\"font-weight: 400;\">Met\u0173 statybos in\u017einieriai apdovanojami kasmet Statybinink\u0173 dienos \u0161vent\u0117s metu. Kandidat\u016bros yra renkamos iki rugpj\u016b\u010dio m\u0117nesio. Rinkim\u0173 nuostatas galite rasti skiltyje \u201cProjektai \/ Met\u0173 in\u017einieriaus rinkimai\u201d.<\/span><\/p><\/div>\n\t\t\t\t<\/div>\n\t\t\t\t\t\t\t<div class=\"elementor-accordion-item\">\n\t\t\t\t\t<div id=\"elementor-tab-title-3124\" class=\"elementor-tab-title\" data-tab=\"4\" role=\"button\" aria-controls=\"elementor-tab-content-3124\" aria-expanded=\"false\">\n\t\t\t\t\t\t\t\t\t\t\t\t\t<span class=\"elementor-accordion-icon elementor-accordion-icon-left\" aria-hidden=\"true\">\n\t\t\t\t\t\t\t\t\t\t\t\t\t\t\t<span class=\"elementor-accordion-icon-closed\"><i class=\"fas fa-plus\"><\/i><\/span>\n\t\t\t\t\t\t\t\t<span class=\"elementor-accordion-icon-opened\"><i class=\"fas fa-minus\"><\/i><\/span>\n\t\t\t\t\t\t\t\t\t\t\t\t\t\t<\/span>\n\t\t\t\t\t\t\t\t\t\t\t\t<a class=\"elementor-accordion-title\" tabindex=\"0\">Kaip man \u012fstoti \u012f LSIS - Lietuvos statybos in\u017einieri\u0173 s\u0105jung\u0105?<\/a>\n\t\t\t\t\t<\/div>\n\t\t\t\t\t<div id=\"elementor-tab-content-3124\" class=\"elementor-tab-content elementor-clearfix\" data-tab=\"4\" role=\"region\" aria-labelledby=\"elementor-tab-title-3124\"><p><span style=\"font-weight: 400;\">Lietuvos statybos in\u017einieri\u0173 s\u0105jung\u0105 sudaro teritorin\u0117s bendrijos. Stojama yra \u012f pasirinkt\u0105 bendrij\u0105 atskirai. Galima rinktis pagal gyvenam\u0105 viet\u0105 arba pagal darboviet\u0117s miest\u0105, n\u0117ra joki\u0173 apribojim\u0173. Kiekviena bendrija veikia savaranki\u0161kai ir vykdo skirting\u0105 veikl\u0105, ta\u010diau yra bendros LSIS nar\u0117. Nesvarbu kuriai bendrijai priklausysite &#8211; b\u016bsite lygiateisis LSIS narys. \u012estojimo form\u0105 ir informacij\u0105 apie mokes\u010dius rasite skiltyje \u201cNaryst\u0117\u201d.<\/span><\/p><\/div>\n\t\t\t\t<\/div>\n\t\t\t\t\t\t\t<div class=\"elementor-accordion-item\">\n\t\t\t\t\t<div id=\"elementor-tab-title-3125\" class=\"elementor-tab-title\" data-tab=\"5\" role=\"button\" aria-controls=\"elementor-tab-content-3125\" aria-expanded=\"false\">\n\t\t\t\t\t\t\t\t\t\t\t\t\t<span class=\"elementor-accordion-icon elementor-accordion-icon-left\" aria-hidden=\"true\">\n\t\t\t\t\t\t\t\t\t\t\t\t\t\t\t<span class=\"elementor-accordion-icon-closed\"><i class=\"fas fa-plus\"><\/i><\/span>\n\t\t\t\t\t\t\t\t<span class=\"elementor-accordion-icon-opened\"><i class=\"fas fa-minus\"><\/i><\/span>\n\t\t\t\t\t\t\t\t\t\t\t\t\t\t<\/span>\n\t\t\t\t\t\t\t\t\t\t\t\t<a class=\"elementor-accordion-title\" tabindex=\"0\">Kaip \u012fgyjamas kvalifikacijos atestatas?<\/a>\n\t\t\t\t\t<\/div>\n\t\t\t\t\t<div id=\"elementor-tab-content-3125\" class=\"elementor-tab-content elementor-clearfix\" data-tab=\"5\" role=\"region\" aria-labelledby=\"elementor-tab-title-3125\"><p><span style=\"font-weight: 400;\">Norint \u012fgyti kvalifikacijos atestat\u0105, specialistas turi Lietuvos statybos in\u017einieri\u0173 s\u0105jungai pateikti dokumentus: pra\u0161ym\u0105, gyvenimo apra\u0161ym\u0105, atlikt\u0173 darb\u0173 s\u0105ra\u0161\u0105, asmens dokumento kopij\u0105, diplomo ir diplomo priedo kopijas . Skenuotus dokumentus galima pateikti elektronin\u0117mis priemon\u0117mis arba pristatyti \u012f LSIS. V\u0117liau reikia i\u0161laikyti profesini\u0173 \u017eini\u0173 egzamin\u0105. Po egzamino visi dokumentai, kartu su profesini\u0173 \u017eini\u0173 vertinimo protokolu perduodami Statybos produkcijos sertifikavimo centrui. (SPSC). Specialistas turi SPSC i\u0161laikyti\u00a0 teisini\u0173 \u017eini\u0173 egzamin\u0105. Po centrin\u0117s ekspert\u0173 komisijos dokument\u0173 vertinimo, kvalifikacijos atestatas i\u0161duodamas Statybos produkcijos sertifikavimo centre.<\/span><\/p><\/div>\n\t\t\t\t<\/div>\n\t\t\t\t\t\t\t<div class=\"elementor-accordion-item\">\n\t\t\t\t\t<div id=\"elementor-tab-title-3126\" class=\"elementor-tab-title\" data-tab=\"6\" role=\"button\" aria-controls=\"elementor-tab-content-3126\" aria-expanded=\"false\">\n\t\t\t\t\t\t\t\t\t\t\t\t\t<span class=\"elementor-accordion-icon elementor-accordion-icon-left\" aria-hidden=\"true\">\n\t\t\t\t\t\t\t\t\t\t\t\t\t\t\t<span class=\"elementor-accordion-icon-closed\"><i class=\"fas fa-plus\"><\/i><\/span>\n\t\t\t\t\t\t\t\t<span class=\"elementor-accordion-icon-opened\"><i class=\"fas fa-minus\"><\/i><\/span>\n\t\t\t\t\t\t\t\t\t\t\t\t\t\t<\/span>\n\t\t\t\t\t\t\t\t\t\t\t\t<a class=\"elementor-accordion-title\" tabindex=\"0\">Kaip papildomas kvalifikacijos atestatas?<\/a>\n\t\t\t\t\t<\/div>\n\t\t\t\t\t<div id=\"elementor-tab-content-3126\" class=\"elementor-tab-content elementor-clearfix\" data-tab=\"6\" role=\"region\" aria-labelledby=\"elementor-tab-title-3126\"><p><span style=\"font-weight: 400;\">Specialistas turi pateikti Lietuvos statybos in\u017einieri\u0173 s\u0105jungai visus dokumentus tokius pat kaip ir \u012fgyjant atestat\u0105, i\u0161skyrus, kad pra\u0161yme reikia nurodyti norimo papildyti kvalifikacijos numer\u012f. I\u0161laikyti profesini\u0173 \u017eini\u0173 egzamin\u0105, i\u0161laikyti teisini\u0173\u00a0 \u017eini\u0173 egzamin\u0105. Sulaukti informacijos apie priimt\u0105 SPSC sprendim\u0105. Atsiimti kvalifikacijos atestat\u0105 SPSC.<\/span><\/p><\/div>\n\t\t\t\t<\/div>\n\t\t\t\t\t\t\t<div class=\"elementor-accordion-item\">\n\t\t\t\t\t<div id=\"elementor-tab-title-3127\" class=\"elementor-tab-title\" data-tab=\"7\" role=\"button\" aria-controls=\"elementor-tab-content-3127\" aria-expanded=\"false\">\n\t\t\t\t\t\t\t\t\t\t\t\t\t<span class=\"elementor-accordion-icon elementor-accordion-icon-left\" aria-hidden=\"true\">\n\t\t\t\t\t\t\t\t\t\t\t\t\t\t\t<span class=\"elementor-accordion-icon-closed\"><i class=\"fas fa-plus\"><\/i><\/span>\n\t\t\t\t\t\t\t\t<span class=\"elementor-accordion-icon-opened\"><i class=\"fas fa-minus\"><\/i><\/span>\n\t\t\t\t\t\t\t\t\t\t\t\t\t\t<\/span>\n\t\t\t\t\t\t\t\t\t\t\t\t<a class=\"elementor-accordion-title\" tabindex=\"0\">Kaip prat\u0119siamas SPSC atestatas?<\/a>\n\t\t\t\t\t<\/div>\n\t\t\t\t\t<div id=\"elementor-tab-content-3127\" class=\"elementor-tab-content elementor-clearfix\" data-tab=\"7\" role=\"region\" aria-labelledby=\"elementor-tab-title-3127\"><p><span style=\"font-weight: 400;\">Pateikti SPSC Pra\u0161ym\u0105 \u012fvertinti kvalifikacijos tobulinim\u0105. Prie pra\u0161ymo turi b\u016bti pateikiami kvalifikacijos tobulinimo kurs\u0173 pa\u017eym\u0117jimai, kurie patvirtina kad vadovas i\u0161klaus\u0117 ne ma\u017eiau 20 valand\u0173 pagal suderintas su Aplinkos\u00a0 ministerija mokymo programas, susijusias su kvalifikacijos atestate nurodyta veikla. Pateikti SPSC per pastaruosius 5 metus atlikt\u0173 darb\u0173, kuriuos atlikti suteikia teis\u0119 kvalifikacijos atestatas, s\u0105ra\u0161\u0105; sulaukti SPSC informacijos d\u0117l kvalifikacijos tobulinimo vertinimo. Vertinat kvalifikacijos tobulinimo dokumentus teisini\u0173 \u017eini\u0173 egzaminas nereikalingas.<\/span><\/p><\/div>\n\t\t\t\t<\/div>\n\t\t\t\t\t\t\t\t<\/div>\n\t\t\t\t\t\t<\/div>\n\t\t\t\t<\/div>\n\t\t\t\t\t<\/div>\n\t\t<\/div>\n\t\t\t\t\t<\/div>\n\t\t<\/section>\n\t\t\t\t<\/div>\n\t\t","protected":false},"excerpt":{"rendered":"<p>K\u0105 daryti, jei pasteb\u0117jau etikos kodekso pa\u017eeidim\u0105? 1.B\u016btinai fiksuoju pa\u017eeidim\u0105 (vaizdo, garso \u012fra\u0161ymo priemon\u0117mis, dokumentacija). Apra\u0161au situacij\u0105, dalyvaujan\u010dius asmenis, \u012fmones, dat\u0105, viet\u0105, pa\u017eeidim\u0105 ir kreipiuosi el.pa\u0161tu lsis@lsis.lt arba telefonu +370 [&hellip;]<\/p>\n","protected":false},"author":1,"featured_media":0,"parent":0,"menu_order":0,"comment_status":"closed","ping_status":"closed","template":"","meta":{"footnotes":""},"class_list":["post-3551","page","type-page","status-publish","hentry"],"yoast_head":"<!-- This site is optimized with the Yoast SEO plugin v26.8 - https:\/\/yoast.com\/product\/yoast-seo-wordpress\/ -->\n<title>DUK - LIETUVOS STATYBOS IN\u017dINIERI\u0172 S\u0104JUNGA<\/title>\n<meta name=\"robots\" content=\"index, follow, max-snippet:-1, max-image-preview:large, max-video-preview:-1\" \/>\n<link rel=\"canonical\" href=\"https:\/\/lsis.lt\/en\/duk\/\" \/>\n<meta property=\"og:locale\" content=\"en_US\" \/>\n<meta property=\"og:type\" content=\"article\" \/>\n<meta property=\"og:title\" content=\"DUK - LIETUVOS STATYBOS IN\u017dINIERI\u0172 S\u0104JUNGA\" \/>\n<meta property=\"og:description\" content=\"K\u0105 daryti, jei pasteb\u0117jau etikos kodekso pa\u017eeidim\u0105? 1.B\u016btinai fiksuoju pa\u017eeidim\u0105 (vaizdo, garso \u012fra\u0161ymo priemon\u0117mis, dokumentacija). Apra\u0161au situacij\u0105, dalyvaujan\u010dius asmenis, \u012fmones, dat\u0105, viet\u0105, pa\u017eeidim\u0105 ir kreipiuosi el.pa\u0161tu lsis@lsis.lt arba telefonu +370 [&hellip;]\" \/>\n<meta property=\"og:url\" content=\"https:\/\/lsis.lt\/en\/duk\/\" \/>\n<meta property=\"og:site_name\" content=\"LIETUVOS STATYBOS IN\u017dINIERI\u0172 S\u0104JUNGA\" \/>\n<meta property=\"article:modified_time\" content=\"2020-06-25T12:59:33+00:00\" \/>\n<meta name=\"twitter:card\" content=\"summary_large_image\" \/>\n<meta name=\"twitter:label1\" content=\"Est. reading time\" \/>\n\t<meta name=\"twitter:data1\" content=\"2 minutes\" \/>\n<script type=\"application\/ld+json\" class=\"yoast-schema-graph\">{\"@context\":\"https:\/\/schema.org\",\"@graph\":[{\"@type\":\"WebPage\",\"@id\":\"https:\/\/lsis.lt\/en\/duk\/\",\"url\":\"https:\/\/lsis.lt\/en\/duk\/\",\"name\":\"DUK - LIETUVOS STATYBOS IN\u017dINIERI\u0172 S\u0104JUNGA\",\"isPartOf\":{\"@id\":\"https:\/\/lsis.lt\/#website\"},\"datePublished\":\"2019-03-08T09:50:05+00:00\",\"dateModified\":\"2020-06-25T12:59:33+00:00\",\"breadcrumb\":{\"@id\":\"https:\/\/lsis.lt\/en\/duk\/#breadcrumb\"},\"inLanguage\":\"en-US\",\"potentialAction\":[{\"@type\":\"ReadAction\",\"target\":[\"https:\/\/lsis.lt\/en\/duk\/\"]}]},{\"@type\":\"BreadcrumbList\",\"@id\":\"https:\/\/lsis.lt\/en\/duk\/#breadcrumb\",\"itemListElement\":[{\"@type\":\"ListItem\",\"position\":1,\"name\":\"Home\",\"item\":\"https:\/\/lsis.lt\/en\/\"},{\"@type\":\"ListItem\",\"position\":2,\"name\":\"DUK\"}]},{\"@type\":\"WebSite\",\"@id\":\"https:\/\/lsis.lt\/#website\",\"url\":\"https:\/\/lsis.lt\/\",\"name\":\"LIETUVOS STATYBOS IN\u017dINIERI\u0172 S\u0104JUNGA\",\"description\":\"#ProudToBeAnEngineer\",\"potentialAction\":[{\"@type\":\"SearchAction\",\"target\":{\"@type\":\"EntryPoint\",\"urlTemplate\":\"https:\/\/lsis.lt\/?s={search_term_string}\"},\"query-input\":{\"@type\":\"PropertyValueSpecification\",\"valueRequired\":true,\"valueName\":\"search_term_string\"}}],\"inLanguage\":\"en-US\"}]}<\/script>\n<!-- \/ Yoast SEO plugin. -->","yoast_head_json":{"title":"DUK - LIETUVOS STATYBOS IN\u017dINIERI\u0172 S\u0104JUNGA","robots":{"index":"index","follow":"follow","max-snippet":"max-snippet:-1","max-image-preview":"max-image-preview:large","max-video-preview":"max-video-preview:-1"},"canonical":"https:\/\/lsis.lt\/en\/duk\/","og_locale":"en_US","og_type":"article","og_title":"DUK - LIETUVOS STATYBOS IN\u017dINIERI\u0172 S\u0104JUNGA","og_description":"K\u0105 daryti, jei pasteb\u0117jau etikos kodekso pa\u017eeidim\u0105? 1.B\u016btinai fiksuoju pa\u017eeidim\u0105 (vaizdo, garso \u012fra\u0161ymo priemon\u0117mis, dokumentacija). Apra\u0161au situacij\u0105, dalyvaujan\u010dius asmenis, \u012fmones, dat\u0105, viet\u0105, pa\u017eeidim\u0105 ir kreipiuosi el.pa\u0161tu lsis@lsis.lt arba telefonu +370 [&hellip;]","og_url":"https:\/\/lsis.lt\/en\/duk\/","og_site_name":"LIETUVOS STATYBOS IN\u017dINIERI\u0172 S\u0104JUNGA","article_modified_time":"2020-06-25T12:59:33+00:00","twitter_card":"summary_large_image","twitter_misc":{"Est. reading time":"2 minutes"},"schema":{"@context":"https:\/\/schema.org","@graph":[{"@type":"WebPage","@id":"https:\/\/lsis.lt\/en\/duk\/","url":"https:\/\/lsis.lt\/en\/duk\/","name":"DUK - LIETUVOS STATYBOS IN\u017dINIERI\u0172 S\u0104JUNGA","isPartOf":{"@id":"https:\/\/lsis.lt\/#website"},"datePublished":"2019-03-08T09:50:05+00:00","dateModified":"2020-06-25T12:59:33+00:00","breadcrumb":{"@id":"https:\/\/lsis.lt\/en\/duk\/#breadcrumb"},"inLanguage":"en-US","potentialAction":[{"@type":"ReadAction","target":["https:\/\/lsis.lt\/en\/duk\/"]}]},{"@type":"BreadcrumbList","@id":"https:\/\/lsis.lt\/en\/duk\/#breadcrumb","itemListElement":[{"@type":"ListItem","position":1,"name":"Home","item":"https:\/\/lsis.lt\/en\/"},{"@type":"ListItem","position":2,"name":"DUK"}]},{"@type":"WebSite","@id":"https:\/\/lsis.lt\/#website","url":"https:\/\/lsis.lt\/","name":"LIETUVOS STATYBOS IN\u017dINIERI\u0172 S\u0104JUNGA","description":"#ProudToBeAnEngineer","potentialAction":[{"@type":"SearchAction","target":{"@type":"EntryPoint","urlTemplate":"https:\/\/lsis.lt\/?s={search_term_string}"},"query-input":{"@type":"PropertyValueSpecification","valueRequired":true,"valueName":"search_term_string"}}],"inLanguage":"en-US"}]}},"_links":{"self":[{"href":"https:\/\/lsis.lt\/en\/wp-json\/wp\/v2\/pages\/3551","targetHints":{"allow":["GET"]}}],"collection":[{"href":"https:\/\/lsis.lt\/en\/wp-json\/wp\/v2\/pages"}],"about":[{"href":"https:\/\/lsis.lt\/en\/wp-json\/wp\/v2\/types\/page"}],"author":[{"embeddable":true,"href":"https:\/\/lsis.lt\/en\/wp-json\/wp\/v2\/users\/1"}],"replies":[{"embeddable":true,"href":"https:\/\/lsis.lt\/en\/wp-json\/wp\/v2\/comments?post=3551"}],"version-history":[{"count":7,"href":"https:\/\/lsis.lt\/en\/wp-json\/wp\/v2\/pages\/3551\/revisions"}],"predecessor-version":[{"id":6980,"href":"https:\/\/lsis.lt\/en\/wp-json\/wp\/v2\/pages\/3551\/revisions\/6980"}],"wp:attachment":[{"href":"https:\/\/lsis.lt\/en\/wp-json\/wp\/v2\/media?parent=3551"}],"curies":[{"name":"wp","href":"https:\/\/api.w.org\/{rel}","templated":true}]}}