{"id":3555,"date":"2019-03-08T11:16:56","date_gmt":"2019-03-08T09:16:56","guid":{"rendered":"http:\/\/lsis.lt\/memorandumas\/"},"modified":"2020-06-16T11:07:40","modified_gmt":"2020-06-16T09:07:40","slug":"bendruomene","status":"publish","type":"page","link":"https:\/\/lsis.lt\/en\/bendruomene\/","title":{"rendered":"S\u0105jungos nariai"},"content":{"rendered":"\t\t<div data-elementor-type=\"wp-post\" data-elementor-id=\"3555\" class=\"elementor elementor-3555\">\n\t\t\t\t\t\t<section class=\"elementor-section elementor-top-section elementor-element elementor-element-71a342a elementor-section-boxed elementor-section-height-default elementor-section-height-default\" data-id=\"71a342a\" data-element_type=\"section\" data-e-type=\"section\">\n\t\t\t\t\t\t<div class=\"elementor-container elementor-column-gap-default\">\n\t\t\t\t\t<div class=\"elementor-column elementor-col-100 elementor-top-column elementor-element elementor-element-9f7bc53\" data-id=\"9f7bc53\" data-element_type=\"column\" data-e-type=\"column\">\n\t\t\t<div class=\"elementor-widget-wrap elementor-element-populated\">\n\t\t\t\t\t\t<div class=\"elementor-element elementor-element-9c79c30 elementor-widget elementor-widget-heading\" data-id=\"9c79c30\" data-element_type=\"widget\" data-e-type=\"widget\" data-widget_type=\"heading.default\">\n\t\t\t\t<div class=\"elementor-widget-container\">\n\t\t\t\t\t<h3 class=\"elementor-heading-title elementor-size-large\">S\u0104JUNG\u0104 SUDARO<\/h3>\t\t\t\t<\/div>\n\t\t\t\t<\/div>\n\t\t\t\t<div class=\"elementor-element elementor-element-1d69e83 elementor-widget elementor-widget-spacer\" data-id=\"1d69e83\" data-element_type=\"widget\" data-e-type=\"widget\" data-widget_type=\"spacer.default\">\n\t\t\t\t<div class=\"elementor-widget-container\">\n\t\t\t\t\t\t\t<div class=\"elementor-spacer\">\n\t\t\t<div class=\"elementor-spacer-inner\"><\/div>\n\t\t<\/div>\n\t\t\t\t\t\t<\/div>\n\t\t\t\t<\/div>\n\t\t\t\t\t<\/div>\n\t\t<\/div>\n\t\t\t\t\t<\/div>\n\t\t<\/section>\n\t\t\t\t<section class=\"elementor-section elementor-top-section elementor-element elementor-element-c986dee elementor-section-boxed elementor-section-height-default elementor-section-height-default\" data-id=\"c986dee\" data-element_type=\"section\" data-e-type=\"section\">\n\t\t\t\t\t\t<div class=\"elementor-container elementor-column-gap-default\">\n\t\t\t\t\t<div class=\"elementor-column elementor-col-66 elementor-top-column elementor-element elementor-element-422f395\" data-id=\"422f395\" data-element_type=\"column\" data-e-type=\"column\">\n\t\t\t<div class=\"elementor-widget-wrap elementor-element-populated\">\n\t\t\t\t\t\t<div class=\"elementor-element elementor-element-d9ed67c elementor-tabs-view-horizontal elementor-widget elementor-widget-tabs\" data-id=\"d9ed67c\" data-element_type=\"widget\" data-e-type=\"widget\" data-widget_type=\"tabs.default\">\n\t\t\t\t<div class=\"elementor-widget-container\">\n\t\t\t\t\t\t\t<div class=\"elementor-tabs\">\n\t\t\t<div class=\"elementor-tabs-wrapper\" role=\"tablist\" >\n\t\t\t\t\t\t\t\t\t<div id=\"elementor-tab-title-2281\" class=\"elementor-tab-title elementor-tab-desktop-title\" aria-selected=\"true\" data-tab=\"1\" role=\"tab\" tabindex=\"0\" aria-controls=\"elementor-tab-content-2281\" aria-expanded=\"false\">Tikrieji nariai<\/div>\n\t\t\t\t\t\t\t\t\t<div id=\"elementor-tab-title-2282\" class=\"elementor-tab-title elementor-tab-desktop-title\" aria-selected=\"false\" data-tab=\"2\" role=\"tab\" tabindex=\"-1\" aria-controls=\"elementor-tab-content-2282\" aria-expanded=\"false\">Asocijuoti nariai<\/div>\n\t\t\t\t\t\t\t\t\t<div id=\"elementor-tab-title-2283\" class=\"elementor-tab-title elementor-tab-desktop-title\" aria-selected=\"false\" data-tab=\"3\" role=\"tab\" tabindex=\"-1\" aria-controls=\"elementor-tab-content-2283\" aria-expanded=\"false\">Nariai-r\u0117m\u0117jai<\/div>\n\t\t\t\t\t\t\t\t\t<div id=\"elementor-tab-title-2284\" class=\"elementor-tab-title elementor-tab-desktop-title\" aria-selected=\"false\" data-tab=\"4\" role=\"tab\" tabindex=\"-1\" aria-controls=\"elementor-tab-content-2284\" aria-expanded=\"false\">Garb\u0117s nariai<\/div>\n\t\t\t\t\t\t\t<\/div>\n\t\t\t<div class=\"elementor-tabs-content-wrapper\" role=\"tablist\" aria-orientation=\"vertical\">\n\t\t\t\t\t\t\t\t\t<div class=\"elementor-tab-title elementor-tab-mobile-title\" aria-selected=\"true\" data-tab=\"1\" role=\"tab\" tabindex=\"0\" aria-controls=\"elementor-tab-content-2281\" aria-expanded=\"false\">Tikrieji nariai<\/div>\n\t\t\t\t\t<div id=\"elementor-tab-content-2281\" class=\"elementor-tab-content elementor-clearfix\" data-tab=\"1\" role=\"tabpanel\" aria-labelledby=\"elementor-tab-title-2281\" tabindex=\"0\" hidden=\"false\"><p style=\"text-align: center;\"><strong>Kas yra tikrieji nariai?<\/strong><\/p><p>S\u0105jungos tikraisiais nariais gali b\u016bti juridiniai asmenys, pripa\u017e\u012fstantys S\u0105jungos \u012fstatus, aktyviai dalyvaujantys S\u0105jungos veikloje bei mokantys visuotinio S\u0105jungos nari\u0173 susirinkimo nustatyto dyd\u017eio tikr\u0173j\u0173 nari\u0173 mokest\u012f. Tik S\u0105jungos tikriesiems nariams suteikiama teis\u0117 S\u0105jungos vardu dalyvauti statybos dalyvi\u0173 profesin\u0117s kvalifikacijos vertinimo, atestavimo ir teis\u0117s pripa\u017einimo veikloje.<\/p><p style=\"text-align: center;\"><strong>Pareigos<\/strong><\/p><p>\u2022 Laikytis \u0161i\u0173 \u012fstat\u0173, S\u0105jungos profesin\u0117s etikos kodekso bei visuotini\u0173 S\u0105jungos nari\u0173 susirinkim\u0173,<br \/>\u2022 Prezidiumo, Vykdan\u010diojo direktoriaus ir kit\u0173 S\u0105jungos valdymo organ\u0173 teis\u0117t\u0173 reikalavim\u0173;<br \/>\u2022 Vadovaujantis visuotinio S\u0105jungos nari\u0173 susirinkimo nustatyta tvarka, laiku mok\u0117ti nustatyto dyd\u017eio nario mokest\u012f bei tikslinius \u012fna\u0161us;<br \/>\u2022 Tausoti S\u0105jungos turt\u0105;<br \/>\u2022 Teikti visokeriop\u0105 pagalb\u0105 \u012fgyvendinant \u012fstatuose nurodytus S\u0105jungos tikslus ir u\u017edavinius;<br \/>\u2022 \u012estatym\u0173 nustatyta tvarka atlyginti S\u0105jungai padarytus nuostolius;<br \/>\u2022 Nevykdyti veiklos, kuri kenkt\u0173 S\u0105jungos ir jos nari\u0173 reputacijai ir teis\u0117tiems interesams;<br \/>\u2022 Saugoti S\u0105jungos ir jos nari\u0173 komercines-\u016bkines bei profesines paslaptis, net i\u0161stojus i\u0161 S\u0105jungos nari\u0173.<\/p><p style=\"text-align: center;\"><strong>\u00a0Teis\u0117s<\/strong><\/p><p>\u2022 Dalyvauti ir balsuoti S\u0105jungos visuotiniuose nari\u0173 susirinkimuose \u0161iuose \u012fstatuose nustatyta tvarka;<br \/>\u2022 Si\u016blyti fizinius asmenis \u012f S\u0105jungos valdymo organ\u0173 narius;<br \/>\u2022 S\u0105jungos vardu dalyvauti statybos dalyvi\u0173 atestavimo ir teis\u0117s pripa\u017einimo veikloje.<br \/>\u2022 Dalyvauti S\u0105jungos veikloje, \u012fgyvendinti jos tikslus bei u\u017edavinius;<br \/>\u2022 Naudotis S\u0105jungos teikiamomis paslaugomis, kvalifikuota S\u0105jungos pagalba, patarimais ir gynyba, susijusiais su profesine veikla bei siekiant profesinio tobul\u0117jimo; naudotis sukaupta informacija ir dalyvauti S\u0105jungos veikloje;<br \/>\u2022 Teikti pasi\u016blymus S\u0105jungos valdymo organams, vertinti S\u0105jungos veikl\u0105;<br \/>\u2022 S\u0105jungos Prezidiumo nustatyta tvarka naudotis S\u0105jungos simbolika, S\u0105jungos \u012franga, patalpomis;<br \/>\u2022 Susipa\u017einti su S\u0105jungos dokumentais ir gauti vis\u0105 S\u0105jungos turim\u0105 informacij\u0105 apie jos veikl\u0105;<br \/>\u2022 Dalyvauti, svarstant j\u0173 veikl\u0105 ir elges\u012f;<br \/>\u2022 Remti S\u0105jung\u0105 turtin\u0117mis bei organizacin\u0117mis priemon\u0117mis;<br \/>\u2022 Apsk\u0173sti teismui S\u0105jungos valdymo organ\u0173 sprendimus;<br \/>\u2022 Bet kada i\u0161stoti i\u0161 S\u0105jungos apie tai prane\u0161us ra\u0161ti\u0161kai;<br \/>\u2022 Apsk\u0173sti teismui S\u0105jungos valdymo organ\u0173 sprendimus;<br \/>\u2022 Tur\u0117ti kitas S\u0105jungos \u012fstatuose ir LR \u012fstatymuose numatytas s\u0105jungos teises;<\/p><p style=\"text-align: center;\"><strong>S\u0105jungos tikrieji nariai:<\/strong><\/p><p style=\"text-align: left;\">\u2022 <a href=\"\/\/lsis.lt\/vilniaus-apskrities-bendrija\">Vilniaus apskrities bendrija<\/a><br \/>\u2022 <a href=\"https:\/\/kvc.vgtu.lt\/\">VGTU KVC<\/a><br \/>\u2022 <a href=\"\/\/lsis.lt\/kauno-apskrities-bendrija\">Kauno apskrities bendrija<\/a><br \/>\u2022 <a href=\"\/\/lsis.lt\/klaipedos-apskrities-bendrija\">Klaip\u0117dos apskrities bendrija<\/a><br \/>\u2022 <a href=\"\/\/lsis.lt\/siauliu-apskrities-bendrija\">\u0160iauli\u0173 apskrities bendrija<\/a><br \/>\u2022 <a href=\"\/\/lsis.lt\/panevezio-apskrities-bendrija\">Panev\u0117\u017eio apskrities bendrija<\/a><br \/>\u2022 <a href=\"\/\/lsis.lt\/alytaus-apskrities-bendrija\">Alytaus apskrities bendrija<\/a><br \/>\u2022 <a href=\"\/\/lsis.lt\/marijampoles-apskrities-bendrija\">Marijampol\u0117s apskrities bendrija<\/a><br \/>\u2022 <a href=\"\/\/lsis.lt\/utenos-apskrities-bendrija\">Utenos apskrities bendrija<\/a><br \/>\u2022 <a href=\"\/\/lsis.lt\/telsiu-apskrities-bendrija\">Tel\u0161i\u0173 apskrities bendrija<\/a><\/p><\/div>\n\t\t\t\t\t\t\t\t\t<div class=\"elementor-tab-title elementor-tab-mobile-title\" aria-selected=\"false\" data-tab=\"2\" role=\"tab\" tabindex=\"-1\" aria-controls=\"elementor-tab-content-2282\" aria-expanded=\"false\">Asocijuoti nariai<\/div>\n\t\t\t\t\t<div id=\"elementor-tab-content-2282\" class=\"elementor-tab-content elementor-clearfix\" data-tab=\"2\" role=\"tabpanel\" aria-labelledby=\"elementor-tab-title-2282\" tabindex=\"0\" hidden=\"hidden\"><p style=\"text-align: center;\"><strong>Kas yra asocijuoti nariai?<\/strong><\/p><p>S\u0105jungos asocijuotais nariais gali b\u016bti juridiniai asmenys, pripa\u017e\u012fstantys S\u0105jungos \u012fstatus, dalyvaujantys statybos in\u017einerijos veikloje bei mokantys visuotinio S\u0105jungos nari\u0173 susirinkimo nustatyto dyd\u017eio asocijuot\u0173 nari\u0173 mokest\u012f.<\/p><p style=\"text-align: center;\"><strong>Pareigos<\/strong><\/p><p>\u2022 Laikytis \u0161i\u0173 \u012fstat\u0173, S\u0105jungos profesin\u0117s etikos kodekso bei visuotini\u0173 S\u0105jungos nari\u0173 susirinkim\u0173, Prezidiumo, Vykdan\u010diojo direktoriaus ir kit\u0173 S\u0105jungos valdymo organ\u0173 teis\u0117t\u0173 reikalavim\u0173;<br \/>\u2022 Vadovaujantis visuotinio S\u0105jungos nari\u0173 susirinkimo nustatyta tvarka, laiku mok\u0117ti nustatyto dyd\u017eio nario mokest\u012f bei tikslinius \u012fna\u0161us;<br \/>\u2022 Tausoti S\u0105jungos turt\u0105;<br \/>\u2022 Teikti visokeriop\u0105 pagalb\u0105 \u012fgyvendinant \u012fstatuose nurodytus S\u0105jungos tikslus ir u\u017edavinius;<br \/>\u2022 \u012estatym\u0173 nustatyta tvarka atlyginti S\u0105jungai padarytus nuostolius;<br \/>\u2022 Nevykdyti veiklos, kuri kenkt\u0173 S\u0105jungos ir jos nari\u0173 reputacijai ir teis\u0117tiems interesams;<br \/>\u2022 Saugoti S\u0105jungos ir jos nari\u0173 komercines-\u016bkines bei profesines paslaptis, net i\u0161stojus i\u0161 S\u0105jungos nari\u0173.<\/p><p style=\"text-align: center;\"><strong>Teis\u0117s<\/strong><\/p><p>\u2022 Naudotis S\u0105jungos teikiamomis paslaugomis, kvalifikuota S\u0105jungos pagalba, patarimais ir gynyba, susijusiais su profesine veikla bei siekiant profesinio tobul\u0117jimo; naudotis sukaupta informacija ir dalyvauti S\u0105jungos veikloje;<br \/>\u2022 Teikti pasi\u016blymus S\u0105jungos valdymo organams, vertinti S\u0105jungos veikl\u0105;<br \/>\u2022 S\u0105jungos Prezidiumo nustatyta tvarka naudotis S\u0105jungos simbolika;<br \/>\u2022 Susipa\u017einti su S\u0105jungos dokumentais ir gauti informacij\u0105 apie S\u0105jungos veikl\u0105 vadovaujantis visuotinio nari\u0173 susirinkimo patvirtintomis informacijos pateikimo ir naudojimo taisykl\u0117mis;<br \/>\u2022 Dalyvauti be balso teis\u0117s S\u0105jungos visuotiniuose nari\u0173 susirinkimuose;<br \/>\u2022 Remti S\u0105jung\u0105 turtin\u0117mis bei organizacin\u0117mis priemon\u0117mis;<br \/>\u2022 Bet kada i\u0161stoti i\u0161 S\u0105jungos apie tai prane\u0161us ra\u0161ti\u0161kai.<\/p><\/div>\n\t\t\t\t\t\t\t\t\t<div class=\"elementor-tab-title elementor-tab-mobile-title\" aria-selected=\"false\" data-tab=\"3\" role=\"tab\" tabindex=\"-1\" aria-controls=\"elementor-tab-content-2283\" aria-expanded=\"false\">Nariai-r\u0117m\u0117jai<\/div>\n\t\t\t\t\t<div id=\"elementor-tab-content-2283\" class=\"elementor-tab-content elementor-clearfix\" data-tab=\"3\" role=\"tabpanel\" aria-labelledby=\"elementor-tab-title-2283\" tabindex=\"0\" hidden=\"hidden\"><p style=\"text-align: center;\"><strong>Kas yra nariai &#8211; r\u0117m\u0117jai?<\/strong><\/p><p>S\u0105jungos nariais-r\u0117m\u0117jais gali b\u016bti fiziniai ir\/ar juridiniai asmenys, pripa\u017e\u012fstantys S\u0105jungos \u012fstatus bei mokantys visuotinio S\u0105jungos nari\u0173 susirinkimo nustatyto dyd\u017eio nari\u0173-r\u0117m\u0117j\u0173 mokest\u012f.<\/p><p style=\"text-align: center;\"><strong>Pareigos<\/strong><\/p><p>\u2022 Laikytis \u0161i\u0173 \u012fstat\u0173, S\u0105jungos profesin\u0117s etikos kodekso bei visuotini\u0173 S\u0105jungos nari\u0173 susirinkim\u0173, Prezidiumo, Vykdan\u010diojo direktoriaus ir kit\u0173 S\u0105jungos valdymo organ\u0173 teis\u0117t\u0173 reikalavim\u0173; <br \/>\u2022 Vadovaujantis visuotinio S\u0105jungos nari\u0173 susirinkimo nustatyta tvarka, laiku mok\u0117ti nustatyto dyd\u017eio nario mokest\u012f bei tikslinius \u012fna\u0161us; <br \/>\u2022 Tausoti S\u0105jungos turt\u0105; Teikti visokeriop\u0105 pagalb\u0105 \u012fgyvendinant \u012fstatuose nurodytus S\u0105jungos tikslus ir u\u017edavinius; <br \/>\u2022 \u012estatym\u0173 nustatyta tvarka atlyginti S\u0105jungai padarytus nuostolius; <br \/>\u2022 Nevykdyti veiklos, kuri kenkt\u0173 S\u0105jungos ir jos nari\u0173 reputacijai ir teis\u0117tiems interesams; <br \/>\u2022 Saugoti S\u0105jungos ir jos nari\u0173 komercines-\u016bkines bei profesines paslaptis, net i\u0161stojus i\u0161 S\u0105jungos nari\u0173.<\/p><p style=\"text-align: center;\"><strong>Teis\u0117s<\/strong><\/p><p>\u2022 Naudotis S\u0105jungos teikiamomis paslaugomis, kvalifikuota S\u0105jungos pagalba, patarimais ir gynyba, susijusiais su profesine veikla bei siekiant profesinio tobul\u0117jimo; naudotis sukaupta informacija ir dalyvauti S\u0105jungos veikloje; <br \/>\u2022 Teikti pasi\u016blymus S\u0105jungos valdymo organams, vertinti S\u0105jungos veikl\u0105;<br \/>\u2022 S\u0105jungos Prezidiumo nustatyta tvarka naudotis S\u0105jungos simbolika;<br \/>\u2022 Susipa\u017einti su S\u0105jungos dokumentais ir gauti informacij\u0105 apie S\u0105jungos veikl\u0105 vadovaujantis visuotinio nari\u0173 susirinkimo patvirtintomis informacijos pateikimo ir naudojimo taisykl\u0117mis;<br \/>\u2022 Dalyvauti be balso teis\u0117s S\u0105jungos visuotiniuose nari\u0173 susirinkimuose;<br \/>\u2022 Remti S\u0105jung\u0105 turtin\u0117mis bei organizacin\u0117mis priemon\u0117mis;<br \/>\u2022 S\u0105jungos Prezidiumo nustatyta tvarka \u012fgyti pirmumo teis\u0119 naudotis S\u0105jungos paslaugomis ir\/ar gauti su j\u0173 teikimu susijusias lengvatas;<br \/>\u2022 Bet kada i\u0161stoti i\u0161 S\u0105jungos apie tai prane\u0161us ra\u0161ti\u0161kai.<\/p><\/div>\n\t\t\t\t\t\t\t\t\t<div class=\"elementor-tab-title elementor-tab-mobile-title\" aria-selected=\"false\" data-tab=\"4\" role=\"tab\" tabindex=\"-1\" aria-controls=\"elementor-tab-content-2284\" aria-expanded=\"false\">Garb\u0117s nariai<\/div>\n\t\t\t\t\t<div id=\"elementor-tab-content-2284\" class=\"elementor-tab-content elementor-clearfix\" data-tab=\"4\" role=\"tabpanel\" aria-labelledby=\"elementor-tab-title-2284\" tabindex=\"0\" hidden=\"hidden\"><p style=\"text-align: center;\"><strong>Kas yra garb\u0117s nariai?<\/strong><\/p><p style=\"background: white;\">S\u0105jungos Garb\u0117s nariais gali b\u016bti S\u0105jungos ir\/ar Lietuvos statybos veikloje ypatingai nusipeln\u0119 fiziniai asmenys.<\/p><p style=\"text-align: center;\"><strong>Pareigos<\/strong><\/p><p>\u2022 Laikytis visuotini\u0173 S\u0105jungos nari\u0173 susirinkim\u0173, Prezidiumo, Vykdan\u010diojo direktoriaus ir kit\u0173 S\u0105jungos valdymo organ\u0173 teis\u0117t\u0173 reikalavim\u0173 bei \u0161i\u0173 \u012fstat\u0173;<br \/>\u2022 Tausoti S\u0105jungos turt\u0105;<br \/>\u2022 Nevykdyti veiklos, kuri kenkt\u0173 S\u0105jungos ir jos nari\u0173 reputacijai ir teis\u0117tiems interesams;<br \/>\u2022 Saugoti S\u0105jungos ir jos nari\u0173 komercines-\u016bkines bei profesines paslaptis, net i\u0161stojus i\u0161 S\u0105jungos nari\u0173.<\/p><p style=\"text-align: center;\"><strong>Teis\u0117s<\/strong><\/p><p>\u2022 Naudotis S\u0105jungos teikiamomis paslaugomis, kvalifikuota S\u0105jungos pagalba, patarimais ir gynyba, susijusiais su profesine veikla bei siekiant profesinio tobul\u0117jimo; naudotis sukaupta informacija ir dalyvauti S\u0105jungos veikloje;<br \/>\u2022 Teikti pasi\u016blymus S\u0105jungos valdymo organams, vertinti S\u0105jungos veikl\u0105;<br \/>\u2022 S\u0105jungos Prezidiumo nustatyta tvarka naudotis S\u0105jungos simbolika;<br \/>\u2022 Susipa\u017einti su S\u0105jungos dokumentais ir gauti informacij\u0105 apie S\u0105jungos veikl\u0105 vadovaujantis visuotinio nari\u0173 susirinkimo patvirtintomis informacijos pateikimo ir naudojimo taisykl\u0117mis;<br \/>\u2022 Dalyvauti be balso teis\u0117s S\u0105jungos visuotiniuose nari\u0173 susirinkimuose;<br \/>\u2022 Atsisakyti Garb\u0117s nario statuso apie tai prane\u0161us ra\u0161ti\u0161kai.<\/p><\/div>\n\t\t\t\t\t\t\t<\/div>\n\t\t<\/div>\n\t\t\t\t\t\t<\/div>\n\t\t\t\t<\/div>\n\t\t\t\t\t<\/div>\n\t\t<\/div>\n\t\t\t\t<div class=\"elementor-column elementor-col-33 elementor-top-column elementor-element elementor-element-f8e4340\" data-id=\"f8e4340\" data-element_type=\"column\" data-e-type=\"column\">\n\t\t\t<div class=\"elementor-widget-wrap elementor-element-populated\">\n\t\t\t\t\t\t<div class=\"elementor-element elementor-element-d950e63 elementor-widget elementor-widget-spacer\" data-id=\"d950e63\" data-element_type=\"widget\" data-e-type=\"widget\" data-widget_type=\"spacer.default\">\n\t\t\t\t<div class=\"elementor-widget-container\">\n\t\t\t\t\t\t\t<div class=\"elementor-spacer\">\n\t\t\t<div class=\"elementor-spacer-inner\"><\/div>\n\t\t<\/div>\n\t\t\t\t\t\t<\/div>\n\t\t\t\t<\/div>\n\t\t\t\t<div class=\"elementor-element elementor-element-192f5b2 elementor-widget__width-inherit elementor-widget elementor-widget-heading\" data-id=\"192f5b2\" data-element_type=\"widget\" data-e-type=\"widget\" data-widget_type=\"heading.default\">\n\t\t\t\t<div class=\"elementor-widget-container\">\n\t\t\t\t\t<h2 class=\"elementor-heading-title elementor-size-large\">SUSISIEKIME<\/h2>\t\t\t\t<\/div>\n\t\t\t\t<\/div>\n\t\t\t\t<div class=\"elementor-element elementor-element-bb0bd0f elementor-widget elementor-widget-text-editor\" data-id=\"bb0bd0f\" data-element_type=\"widget\" data-e-type=\"widget\" data-widget_type=\"text-editor.default\">\n\t\t\t\t<div class=\"elementor-widget-container\">\n\t\t\t\t\t\t\t\t\t<p>U\u017epildykite form\u0105 ir mes su jumis susieksime.<\/p>\t\t\t\t\t\t\t\t<\/div>\n\t\t\t\t<\/div>\n\t\t\t\t<div class=\"elementor-element elementor-element-20dffc8 elementor-widget elementor-widget-shortcode\" data-id=\"20dffc8\" data-element_type=\"widget\" data-e-type=\"widget\" data-widget_type=\"shortcode.default\">\n\t\t\t\t<div class=\"elementor-widget-container\">\n\t\t\t\t\t\t\t<div class=\"elementor-shortcode\"><p class=\"wpcf7-contact-form-not-found\"><strong>Error:<\/strong> Contact form not found.<\/p><\/div>\n\t\t\t\t\t\t<\/div>\n\t\t\t\t<\/div>\n\t\t\t\t\t<\/div>\n\t\t<\/div>\n\t\t\t\t\t<\/div>\n\t\t<\/section>\n\t\t\t\t<\/div>\n\t\t","protected":false},"excerpt":{"rendered":"<p>S\u0104JUNG\u0104 SUDARO Tikrieji nariai Asocijuoti nariai Nariai-r\u0117m\u0117jai Garb\u0117s nariai Tikrieji nariai Kas yra tikrieji nariai? S\u0105jungos tikraisiais nariais gali b\u016bti juridiniai asmenys, pripa\u017e\u012fstantys S\u0105jungos \u012fstatus, aktyviai dalyvaujantys S\u0105jungos veikloje bei [&hellip;]<\/p>\n","protected":false},"author":1,"featured_media":0,"parent":0,"menu_order":0,"comment_status":"closed","ping_status":"closed","template":"","meta":{"footnotes":""},"class_list":["post-3555","page","type-page","status-publish","hentry"],"yoast_head":"<!-- This site is optimized with the Yoast SEO plugin v26.8 - https:\/\/yoast.com\/product\/yoast-seo-wordpress\/ -->\n<title>S\u0105jungos nariai - LIETUVOS STATYBOS IN\u017dINIERI\u0172 S\u0104JUNGA<\/title>\n<meta name=\"robots\" content=\"index, follow, max-snippet:-1, max-image-preview:large, max-video-preview:-1\" \/>\n<link rel=\"canonical\" href=\"https:\/\/lsis.lt\/en\/bendruomene\/\" \/>\n<meta property=\"og:locale\" content=\"en_US\" \/>\n<meta property=\"og:type\" content=\"article\" \/>\n<meta property=\"og:title\" content=\"S\u0105jungos nariai - LIETUVOS STATYBOS IN\u017dINIERI\u0172 S\u0104JUNGA\" \/>\n<meta property=\"og:description\" content=\"S\u0104JUNG\u0104 SUDARO Tikrieji nariai Asocijuoti nariai Nariai-r\u0117m\u0117jai Garb\u0117s nariai Tikrieji nariai Kas yra tikrieji nariai? S\u0105jungos tikraisiais nariais gali b\u016bti juridiniai asmenys, pripa\u017e\u012fstantys S\u0105jungos \u012fstatus, aktyviai dalyvaujantys S\u0105jungos veikloje bei [&hellip;]\" \/>\n<meta property=\"og:url\" content=\"https:\/\/lsis.lt\/en\/bendruomene\/\" \/>\n<meta property=\"og:site_name\" content=\"LIETUVOS STATYBOS IN\u017dINIERI\u0172 S\u0104JUNGA\" \/>\n<meta property=\"article:modified_time\" content=\"2020-06-16T09:07:40+00:00\" \/>\n<meta name=\"twitter:card\" content=\"summary_large_image\" \/>\n<meta name=\"twitter:label1\" content=\"Est. reading time\" \/>\n\t<meta name=\"twitter:data1\" content=\"6 minutes\" \/>\n<script type=\"application\/ld+json\" class=\"yoast-schema-graph\">{\"@context\":\"https:\/\/schema.org\",\"@graph\":[{\"@type\":\"WebPage\",\"@id\":\"https:\/\/lsis.lt\/en\/bendruomene\/\",\"url\":\"https:\/\/lsis.lt\/en\/bendruomene\/\",\"name\":\"S\u0105jungos nariai - LIETUVOS STATYBOS IN\u017dINIERI\u0172 S\u0104JUNGA\",\"isPartOf\":{\"@id\":\"https:\/\/lsis.lt\/#website\"},\"datePublished\":\"2019-03-08T09:16:56+00:00\",\"dateModified\":\"2020-06-16T09:07:40+00:00\",\"breadcrumb\":{\"@id\":\"https:\/\/lsis.lt\/en\/bendruomene\/#breadcrumb\"},\"inLanguage\":\"en-US\",\"potentialAction\":[{\"@type\":\"ReadAction\",\"target\":[\"https:\/\/lsis.lt\/en\/bendruomene\/\"]}]},{\"@type\":\"BreadcrumbList\",\"@id\":\"https:\/\/lsis.lt\/en\/bendruomene\/#breadcrumb\",\"itemListElement\":[{\"@type\":\"ListItem\",\"position\":1,\"name\":\"Home\",\"item\":\"https:\/\/lsis.lt\/en\/\"},{\"@type\":\"ListItem\",\"position\":2,\"name\":\"S\u0105jungos nariai\"}]},{\"@type\":\"WebSite\",\"@id\":\"https:\/\/lsis.lt\/#website\",\"url\":\"https:\/\/lsis.lt\/\",\"name\":\"LIETUVOS STATYBOS IN\u017dINIERI\u0172 S\u0104JUNGA\",\"description\":\"#ProudToBeAnEngineer\",\"potentialAction\":[{\"@type\":\"SearchAction\",\"target\":{\"@type\":\"EntryPoint\",\"urlTemplate\":\"https:\/\/lsis.lt\/?s={search_term_string}\"},\"query-input\":{\"@type\":\"PropertyValueSpecification\",\"valueRequired\":true,\"valueName\":\"search_term_string\"}}],\"inLanguage\":\"en-US\"}]}<\/script>\n<!-- \/ Yoast SEO plugin. -->","yoast_head_json":{"title":"S\u0105jungos nariai - LIETUVOS STATYBOS IN\u017dINIERI\u0172 S\u0104JUNGA","robots":{"index":"index","follow":"follow","max-snippet":"max-snippet:-1","max-image-preview":"max-image-preview:large","max-video-preview":"max-video-preview:-1"},"canonical":"https:\/\/lsis.lt\/en\/bendruomene\/","og_locale":"en_US","og_type":"article","og_title":"S\u0105jungos nariai - LIETUVOS STATYBOS IN\u017dINIERI\u0172 S\u0104JUNGA","og_description":"S\u0104JUNG\u0104 SUDARO Tikrieji nariai Asocijuoti nariai Nariai-r\u0117m\u0117jai Garb\u0117s nariai Tikrieji nariai Kas yra tikrieji nariai? S\u0105jungos tikraisiais nariais gali b\u016bti juridiniai asmenys, pripa\u017e\u012fstantys S\u0105jungos \u012fstatus, aktyviai dalyvaujantys S\u0105jungos veikloje bei [&hellip;]","og_url":"https:\/\/lsis.lt\/en\/bendruomene\/","og_site_name":"LIETUVOS STATYBOS IN\u017dINIERI\u0172 S\u0104JUNGA","article_modified_time":"2020-06-16T09:07:40+00:00","twitter_card":"summary_large_image","twitter_misc":{"Est. reading time":"6 minutes"},"schema":{"@context":"https:\/\/schema.org","@graph":[{"@type":"WebPage","@id":"https:\/\/lsis.lt\/en\/bendruomene\/","url":"https:\/\/lsis.lt\/en\/bendruomene\/","name":"S\u0105jungos nariai - LIETUVOS STATYBOS IN\u017dINIERI\u0172 S\u0104JUNGA","isPartOf":{"@id":"https:\/\/lsis.lt\/#website"},"datePublished":"2019-03-08T09:16:56+00:00","dateModified":"2020-06-16T09:07:40+00:00","breadcrumb":{"@id":"https:\/\/lsis.lt\/en\/bendruomene\/#breadcrumb"},"inLanguage":"en-US","potentialAction":[{"@type":"ReadAction","target":["https:\/\/lsis.lt\/en\/bendruomene\/"]}]},{"@type":"BreadcrumbList","@id":"https:\/\/lsis.lt\/en\/bendruomene\/#breadcrumb","itemListElement":[{"@type":"ListItem","position":1,"name":"Home","item":"https:\/\/lsis.lt\/en\/"},{"@type":"ListItem","position":2,"name":"S\u0105jungos nariai"}]},{"@type":"WebSite","@id":"https:\/\/lsis.lt\/#website","url":"https:\/\/lsis.lt\/","name":"LIETUVOS STATYBOS IN\u017dINIERI\u0172 S\u0104JUNGA","description":"#ProudToBeAnEngineer","potentialAction":[{"@type":"SearchAction","target":{"@type":"EntryPoint","urlTemplate":"https:\/\/lsis.lt\/?s={search_term_string}"},"query-input":{"@type":"PropertyValueSpecification","valueRequired":true,"valueName":"search_term_string"}}],"inLanguage":"en-US"}]}},"_links":{"self":[{"href":"https:\/\/lsis.lt\/en\/wp-json\/wp\/v2\/pages\/3555","targetHints":{"allow":["GET"]}}],"collection":[{"href":"https:\/\/lsis.lt\/en\/wp-json\/wp\/v2\/pages"}],"about":[{"href":"https:\/\/lsis.lt\/en\/wp-json\/wp\/v2\/types\/page"}],"author":[{"embeddable":true,"href":"https:\/\/lsis.lt\/en\/wp-json\/wp\/v2\/users\/1"}],"replies":[{"embeddable":true,"href":"https:\/\/lsis.lt\/en\/wp-json\/wp\/v2\/comments?post=3555"}],"version-history":[{"count":14,"href":"https:\/\/lsis.lt\/en\/wp-json\/wp\/v2\/pages\/3555\/revisions"}],"predecessor-version":[{"id":6705,"href":"https:\/\/lsis.lt\/en\/wp-json\/wp\/v2\/pages\/3555\/revisions\/6705"}],"wp:attachment":[{"href":"https:\/\/lsis.lt\/en\/wp-json\/wp\/v2\/media?parent=3555"}],"curies":[{"name":"wp","href":"https:\/\/api.w.org\/{rel}","templated":true}]}}