{"id":3560,"date":"2019-03-08T11:14:44","date_gmt":"2019-03-08T09:14:44","guid":{"rendered":"http:\/\/lsis.lt\/nuorodos\/"},"modified":"2020-10-12T09:12:36","modified_gmt":"2020-10-12T07:12:36","slug":"duk-nuorodos","status":"publish","type":"page","link":"https:\/\/lsis.lt\/en\/duk-nuorodos\/","title":{"rendered":"DUK ir nuorodos"},"content":{"rendered":"\t\t<div data-elementor-type=\"wp-post\" data-elementor-id=\"3560\" class=\"elementor elementor-3560\">\n\t\t\t\t\t\t<section class=\"elementor-section elementor-top-section elementor-element elementor-element-d17f419 elementor-section-boxed elementor-section-height-default elementor-section-height-default\" data-id=\"d17f419\" data-element_type=\"section\" data-e-type=\"section\">\n\t\t\t\t\t\t<div class=\"elementor-container elementor-column-gap-default\">\n\t\t\t\t\t<div class=\"elementor-column elementor-col-100 elementor-top-column elementor-element elementor-element-2d7a0f6\" data-id=\"2d7a0f6\" data-element_type=\"column\" data-e-type=\"column\">\n\t\t\t<div class=\"elementor-widget-wrap elementor-element-populated\">\n\t\t\t\t\t\t<div class=\"elementor-element elementor-element-c587927 elementor-widget elementor-widget-heading\" data-id=\"c587927\" data-element_type=\"widget\" data-e-type=\"widget\" data-widget_type=\"heading.default\">\n\t\t\t\t<div class=\"elementor-widget-container\">\n\t\t\t\t\t<h2 class=\"elementor-heading-title elementor-size-default\">DA\u017dNIAUSIAI U\u017dDUODAMI KLAUSIMAI - ATSAKYMAI<\/h2>\t\t\t\t<\/div>\n\t\t\t\t<\/div>\n\t\t\t\t\t<\/div>\n\t\t<\/div>\n\t\t\t\t\t<\/div>\n\t\t<\/section>\n\t\t\t\t<section class=\"elementor-section elementor-top-section elementor-element elementor-element-5479d75 elementor-section-boxed elementor-section-height-default elementor-section-height-default\" data-id=\"5479d75\" data-element_type=\"section\" data-e-type=\"section\">\n\t\t\t\t\t\t<div class=\"elementor-container elementor-column-gap-default\">\n\t\t\t\t\t<div class=\"elementor-column elementor-col-100 elementor-top-column elementor-element elementor-element-29c7e09\" data-id=\"29c7e09\" data-element_type=\"column\" data-e-type=\"column\">\n\t\t\t<div class=\"elementor-widget-wrap elementor-element-populated\">\n\t\t\t\t\t\t<div class=\"elementor-element elementor-element-275160b elementor-widget elementor-widget-toggle\" data-id=\"275160b\" data-element_type=\"widget\" data-e-type=\"widget\" data-widget_type=\"toggle.default\">\n\t\t\t\t<div class=\"elementor-widget-container\">\n\t\t\t\t\t\t\t<div class=\"elementor-toggle\">\n\t\t\t\t\t\t\t<div class=\"elementor-toggle-item\">\n\t\t\t\t\t<div id=\"elementor-tab-title-4121\" class=\"elementor-tab-title\" data-tab=\"1\" role=\"button\" aria-controls=\"elementor-tab-content-4121\" aria-expanded=\"false\">\n\t\t\t\t\t\t\t\t\t\t\t\t<span class=\"elementor-toggle-icon elementor-toggle-icon-left\" aria-hidden=\"true\">\n\t\t\t\t\t\t\t\t\t\t\t\t\t\t\t<span class=\"elementor-toggle-icon-closed\"><i class=\"fas fa-caret-right\"><\/i><\/span>\n\t\t\t\t\t\t\t\t<span class=\"elementor-toggle-icon-opened\"><i class=\"elementor-toggle-icon-opened fas fa-caret-up\"><\/i><\/span>\n\t\t\t\t\t\t\t\t\t\t\t\t\t<\/span>\n\t\t\t\t\t\t\t\t\t\t\t\t<a class=\"elementor-toggle-title\" tabindex=\"0\">Aplinkos ministerijos i\u0161ai\u0161kinimas d\u0117l teis\u0117s vykdyti statybos technin\u0117s\u00a0veiklos vadovo pareigas<\/a>\n\t\t\t\t\t<\/div>\n\n\t\t\t\t\t<div id=\"elementor-tab-content-4121\" class=\"elementor-tab-content elementor-clearfix\" data-tab=\"1\" role=\"region\" aria-labelledby=\"elementor-tab-title-4121\"><div><span style=\"color: #ff9900;\"><strong>K L A U S I M A S\u00a0<\/strong><\/span><\/div><div>Ar vis dar galioja \u0161tai \u0161is Aplinkos ministerijos i\u0161ai\u0161kinimas ir ar galima j\u012f b\u016bt\u0173 pamatyti?<\/div><div><div><i>&#8221;\u00a0Aplinkos ministerija, i\u0161nagrin\u0117jusi faktines aplinkybes, informuoja statybos in\u017einierius, kad diplomas, i\u0161duotas baigus speciali\u0105j\u0105 vidurin\u0119 mokykl\u0105 (technikum\u0105) ar auk\u0161tesni\u0105j\u0105 mokykl\u0105, gali b\u016bti laikomas lygiaver\u010diu diplomui, i\u0161duotam baigus pirm\u0105j\u0105 kolegini\u0173 studij\u0173 (profesinio bakalauro) pakop\u0105, j\u012f \u012fvertinus pagal Statybos \u012fstatymo 2 str. 82 d. nurodytas studij\u0173 kryp\u010di\u0173 (\u0161ak\u0173) programas. \u0160is i\u0161ai\u0161kinimas pateiktas atestavim\u0105 atliekan\u010diam Statybos produkcijos sertifikavimo centrui ir Lietuvos statybos in\u017einieri\u0173 s\u0105jungai.\u00a0&#8220;<\/i><\/div><div><a href=\"http:\/\/www.statybunaujienos.lt\/naujiena\/Ypatingo-statinio-vadovu-galima-tapti-ir-su-technikumo-diplomu\/5329\" target=\"_blank\" rel=\"noopener\" data-saferedirecturl=\"https:\/\/www.google.com\/url?q=http:\/\/www.statybunaujienos.lt\/naujiena\/Ypatingo-statinio-vadovu-galima-tapti-ir-su-technikumo-diplomu\/5329&amp;source=gmail&amp;ust=1593174792205000&amp;usg=AFQjCNHA0kIigCZtGBf7izM7OXHBjYy08Q\">http:\/\/www.statybunaujienos.<wbr \/>lt\/naujiena\/Ypatingo-statinio-<wbr \/>vadovu-galima-tapti-ir-su-<wbr \/>technikumo-diplomu\/5329<\/a>\u00a0<\/div><div>\u00a0<\/div><\/div><div><span style=\"color: #ff9900;\"><strong>A T S A K Y M A S\u00a0<\/strong><\/span><\/div><div>Negalioja. Siekiant \u012fgyti teis\u0119 vykdyti statybos technin\u0117s\u00a0veiklos vadovo pareigas privaloma b\u016bti \u012fgijus auk\u0161t\u0105j\u012f statybos in\u017einerin\u012f i\u0161silavinim\u0105.<\/div><div>\u00a0<\/div><\/div>\n\t\t\t\t<\/div>\n\t\t\t\t\t\t\t<div class=\"elementor-toggle-item\">\n\t\t\t\t\t<div id=\"elementor-tab-title-4122\" class=\"elementor-tab-title\" data-tab=\"2\" role=\"button\" aria-controls=\"elementor-tab-content-4122\" aria-expanded=\"false\">\n\t\t\t\t\t\t\t\t\t\t\t\t<span class=\"elementor-toggle-icon elementor-toggle-icon-left\" aria-hidden=\"true\">\n\t\t\t\t\t\t\t\t\t\t\t\t\t\t\t<span class=\"elementor-toggle-icon-closed\"><i class=\"fas fa-caret-right\"><\/i><\/span>\n\t\t\t\t\t\t\t\t<span class=\"elementor-toggle-icon-opened\"><i class=\"elementor-toggle-icon-opened fas fa-caret-up\"><\/i><\/span>\n\t\t\t\t\t\t\t\t\t\t\t\t\t<\/span>\n\t\t\t\t\t\t\t\t\t\t\t\t<a class=\"elementor-toggle-title\" tabindex=\"0\">Klausimai - atsakymai<\/a>\n\t\t\t\t\t<\/div>\n\n\t\t\t\t\t<div id=\"elementor-tab-content-4122\" class=\"elementor-tab-content elementor-clearfix\" data-tab=\"2\" role=\"region\" aria-labelledby=\"elementor-tab-title-4122\"><p>Jei turite klausim\u0173 i\u0161kylan\u010di\u0173 J\u016bs\u0173 veikloje, kuriems reikalingas i\u0161ai\u0161kinimas arba kur \u012f\u017evelgiate problem\u0173, neai\u0161kum\u0173, dviprasmybi\u0173 &#8211; ra\u0161ykite mums <a href=\"mailto:lsis@lsis.lt\">lsis@lsis.lt<\/a><\/p><\/div>\n\t\t\t\t<\/div>\n\t\t\t\t\t\t\t\t<\/div>\n\t\t\t\t\t\t<\/div>\n\t\t\t\t<\/div>\n\t\t\t\t\t<\/div>\n\t\t<\/div>\n\t\t\t\t\t<\/div>\n\t\t<\/section>\n\t\t\t\t<section class=\"elementor-section elementor-top-section elementor-element elementor-element-f85e4e2 elementor-section-boxed elementor-section-height-default elementor-section-height-default\" data-id=\"f85e4e2\" data-element_type=\"section\" data-e-type=\"section\">\n\t\t\t\t\t\t<div class=\"elementor-container elementor-column-gap-default\">\n\t\t\t\t\t<div class=\"elementor-column elementor-col-100 elementor-top-column elementor-element elementor-element-77c5ee9\" data-id=\"77c5ee9\" data-element_type=\"column\" data-e-type=\"column\">\n\t\t\t<div class=\"elementor-widget-wrap elementor-element-populated\">\n\t\t\t\t\t\t<div class=\"elementor-element elementor-element-cd4c488 elementor-widget elementor-widget-heading\" data-id=\"cd4c488\" data-element_type=\"widget\" data-e-type=\"widget\" data-widget_type=\"heading.default\">\n\t\t\t\t<div class=\"elementor-widget-container\">\n\t\t\t\t\t<h2 class=\"elementor-heading-title elementor-size-default\">NAUDINGOS NUORODOS<\/h2>\t\t\t\t<\/div>\n\t\t\t\t<\/div>\n\t\t\t\t\t<\/div>\n\t\t<\/div>\n\t\t\t\t\t<\/div>\n\t\t<\/section>\n\t\t\t\t<section class=\"elementor-section elementor-top-section elementor-element elementor-element-e7be86d elementor-section-boxed elementor-section-height-default elementor-section-height-default\" data-id=\"e7be86d\" data-element_type=\"section\" data-e-type=\"section\">\n\t\t\t\t\t\t<div class=\"elementor-container elementor-column-gap-default\">\n\t\t\t\t\t<div class=\"elementor-column elementor-col-100 elementor-top-column elementor-element elementor-element-6564bf0\" data-id=\"6564bf0\" data-element_type=\"column\" data-e-type=\"column\">\n\t\t\t<div class=\"elementor-widget-wrap elementor-element-populated\">\n\t\t\t\t\t\t<div class=\"elementor-element elementor-element-03c6550 elementor-widget elementor-widget-text-editor\" data-id=\"03c6550\" data-element_type=\"widget\" data-e-type=\"widget\" data-widget_type=\"text-editor.default\">\n\t\t\t\t<div class=\"elementor-widget-container\">\n\t\t\t\t\t\t\t\t\t<ol><li><a href=\"http:\/\/www.ecceengineers.eu\/\">European Council of Civil Engineers &#8211; ECCE<\/a><\/li><li><a href=\"https:\/\/www.spsc.lt\/cms\/\">Sertifikavimo centras<\/a><\/li><li><a href=\"https:\/\/am.lrv.lt\/\">Lietuvos Respublikos aplinkos ministerija<\/a><\/li><li><a href=\"https:\/\/www.kpmpc.lt\/kpmpc\/\">Kvalifikacij\u0173 ir profesinio mokymo pl\u0117tros centras<\/a><\/li><li><a href=\"https:\/\/www.kpmpc.lt\/kpmpc\/wp-content\/uploads\/2015\/08\/Statybos_sektoriaus_profesinis_standartas_2018-11-30.pdf\">Statybos sektoriaus profesinis standartas<\/a><\/li><li><a href=\"https:\/\/www.lsis.lt\/sites\/default\/files\/Memorandumas.pdf\">Statybos in\u017einierius atstovaujan\u010di\u0173 organizacij\u0173 Memorandumas<\/a><\/li><li><a href=\"https:\/\/www.e-tar.lt\/portal\/lt\/legalActEditions\/TAR.F31E79DEC55D?faces-redirect=true\">Statybos \u012fstatymas<\/a><\/li><li><a href=\"http:\/\/www.advokatura.lt\/lt\/advokatai\/praktikuojanciu-advokatu-sarasas\/one\/evaldas-skurvydas\/673\">Statybos teis\u0117 ir statybos gin\u010dai &#8211; Advokatas Evaldas Skurvydas &#8211; mob.: +370 659 99193; el. pa\u0161tas: evaldas@skurvydokontora.lt<\/a><\/li><\/ol>\t\t\t\t\t\t\t\t<\/div>\n\t\t\t\t<\/div>\n\t\t\t\t\t<\/div>\n\t\t<\/div>\n\t\t\t\t\t<\/div>\n\t\t<\/section>\n\t\t\t\t<\/div>\n\t\t","protected":false},"excerpt":{"rendered":"<p>DA\u017dNIAUSIAI U\u017dDUODAMI KLAUSIMAI &#8211; ATSAKYMAI Aplinkos ministerijos i\u0161ai\u0161kinimas d\u0117l teis\u0117s vykdyti statybos technin\u0117s\u00a0veiklos vadovo pareigas K L A U S I M A S\u00a0Ar vis dar galioja \u0161tai \u0161is Aplinkos [&hellip;]<\/p>\n","protected":false},"author":1,"featured_media":0,"parent":0,"menu_order":0,"comment_status":"closed","ping_status":"closed","template":"","meta":{"footnotes":""},"class_list":["post-3560","page","type-page","status-publish","hentry"],"yoast_head":"<!-- This site is optimized with the Yoast SEO plugin v26.8 - https:\/\/yoast.com\/product\/yoast-seo-wordpress\/ -->\n<title>Da\u017eniausiai statybos in\u017einieri\u0173 u\u017eduodami klausimai<\/title>\n<meta name=\"description\" content=\"Da\u017eniausiai statybos in\u017einieriams i\u0161kylantys klausimai ir atsakymai, naudingos nuorodos \u012f teis\u0117s aktus, \u012fstatymus, organizacij\u0173 puslapius\" \/>\n<meta name=\"robots\" content=\"index, follow, max-snippet:-1, max-image-preview:large, max-video-preview:-1\" \/>\n<link rel=\"canonical\" href=\"https:\/\/lsis.lt\/en\/duk-nuorodos\/\" \/>\n<meta property=\"og:locale\" content=\"en_US\" \/>\n<meta property=\"og:type\" content=\"article\" \/>\n<meta property=\"og:title\" content=\"Da\u017eniausiai statybos in\u017einieri\u0173 u\u017eduodami klausimai\" \/>\n<meta property=\"og:description\" content=\"Da\u017eniausiai statybos in\u017einieriams i\u0161kylantys klausimai ir atsakymai, naudingos nuorodos \u012f teis\u0117s aktus, \u012fstatymus, organizacij\u0173 puslapius\" \/>\n<meta property=\"og:url\" content=\"https:\/\/lsis.lt\/en\/duk-nuorodos\/\" \/>\n<meta property=\"og:site_name\" content=\"LIETUVOS STATYBOS IN\u017dINIERI\u0172 S\u0104JUNGA\" \/>\n<meta property=\"article:modified_time\" content=\"2020-10-12T07:12:36+00:00\" \/>\n<meta name=\"twitter:card\" content=\"summary_large_image\" \/>\n<meta name=\"twitter:label1\" content=\"Est. reading time\" \/>\n\t<meta name=\"twitter:data1\" content=\"1 minute\" \/>\n<script type=\"application\/ld+json\" class=\"yoast-schema-graph\">{\"@context\":\"https:\/\/schema.org\",\"@graph\":[{\"@type\":\"WebPage\",\"@id\":\"https:\/\/lsis.lt\/en\/duk-nuorodos\/\",\"url\":\"https:\/\/lsis.lt\/en\/duk-nuorodos\/\",\"name\":\"Da\u017eniausiai statybos in\u017einieri\u0173 u\u017eduodami klausimai\",\"isPartOf\":{\"@id\":\"https:\/\/lsis.lt\/#website\"},\"datePublished\":\"2019-03-08T09:14:44+00:00\",\"dateModified\":\"2020-10-12T07:12:36+00:00\",\"description\":\"Da\u017eniausiai statybos in\u017einieriams i\u0161kylantys klausimai ir atsakymai, naudingos nuorodos \u012f teis\u0117s aktus, \u012fstatymus, organizacij\u0173 puslapius\",\"breadcrumb\":{\"@id\":\"https:\/\/lsis.lt\/en\/duk-nuorodos\/#breadcrumb\"},\"inLanguage\":\"en-US\",\"potentialAction\":[{\"@type\":\"ReadAction\",\"target\":[\"https:\/\/lsis.lt\/en\/duk-nuorodos\/\"]}]},{\"@type\":\"BreadcrumbList\",\"@id\":\"https:\/\/lsis.lt\/en\/duk-nuorodos\/#breadcrumb\",\"itemListElement\":[{\"@type\":\"ListItem\",\"position\":1,\"name\":\"Home\",\"item\":\"https:\/\/lsis.lt\/en\/\"},{\"@type\":\"ListItem\",\"position\":2,\"name\":\"DUK ir nuorodos\"}]},{\"@type\":\"WebSite\",\"@id\":\"https:\/\/lsis.lt\/#website\",\"url\":\"https:\/\/lsis.lt\/\",\"name\":\"LIETUVOS STATYBOS IN\u017dINIERI\u0172 S\u0104JUNGA\",\"description\":\"#ProudToBeAnEngineer\",\"potentialAction\":[{\"@type\":\"SearchAction\",\"target\":{\"@type\":\"EntryPoint\",\"urlTemplate\":\"https:\/\/lsis.lt\/?s={search_term_string}\"},\"query-input\":{\"@type\":\"PropertyValueSpecification\",\"valueRequired\":true,\"valueName\":\"search_term_string\"}}],\"inLanguage\":\"en-US\"}]}<\/script>\n<!-- \/ Yoast SEO plugin. -->","yoast_head_json":{"title":"Da\u017eniausiai statybos in\u017einieri\u0173 u\u017eduodami klausimai","description":"Da\u017eniausiai statybos in\u017einieriams i\u0161kylantys klausimai ir atsakymai, naudingos nuorodos \u012f teis\u0117s aktus, \u012fstatymus, organizacij\u0173 puslapius","robots":{"index":"index","follow":"follow","max-snippet":"max-snippet:-1","max-image-preview":"max-image-preview:large","max-video-preview":"max-video-preview:-1"},"canonical":"https:\/\/lsis.lt\/en\/duk-nuorodos\/","og_locale":"en_US","og_type":"article","og_title":"Da\u017eniausiai statybos in\u017einieri\u0173 u\u017eduodami klausimai","og_description":"Da\u017eniausiai statybos in\u017einieriams i\u0161kylantys klausimai ir atsakymai, naudingos nuorodos \u012f teis\u0117s aktus, \u012fstatymus, organizacij\u0173 puslapius","og_url":"https:\/\/lsis.lt\/en\/duk-nuorodos\/","og_site_name":"LIETUVOS STATYBOS IN\u017dINIERI\u0172 S\u0104JUNGA","article_modified_time":"2020-10-12T07:12:36+00:00","twitter_card":"summary_large_image","twitter_misc":{"Est. reading time":"1 minute"},"schema":{"@context":"https:\/\/schema.org","@graph":[{"@type":"WebPage","@id":"https:\/\/lsis.lt\/en\/duk-nuorodos\/","url":"https:\/\/lsis.lt\/en\/duk-nuorodos\/","name":"Da\u017eniausiai statybos in\u017einieri\u0173 u\u017eduodami klausimai","isPartOf":{"@id":"https:\/\/lsis.lt\/#website"},"datePublished":"2019-03-08T09:14:44+00:00","dateModified":"2020-10-12T07:12:36+00:00","description":"Da\u017eniausiai statybos in\u017einieriams i\u0161kylantys klausimai ir atsakymai, naudingos nuorodos \u012f teis\u0117s aktus, \u012fstatymus, organizacij\u0173 puslapius","breadcrumb":{"@id":"https:\/\/lsis.lt\/en\/duk-nuorodos\/#breadcrumb"},"inLanguage":"en-US","potentialAction":[{"@type":"ReadAction","target":["https:\/\/lsis.lt\/en\/duk-nuorodos\/"]}]},{"@type":"BreadcrumbList","@id":"https:\/\/lsis.lt\/en\/duk-nuorodos\/#breadcrumb","itemListElement":[{"@type":"ListItem","position":1,"name":"Home","item":"https:\/\/lsis.lt\/en\/"},{"@type":"ListItem","position":2,"name":"DUK ir nuorodos"}]},{"@type":"WebSite","@id":"https:\/\/lsis.lt\/#website","url":"https:\/\/lsis.lt\/","name":"LIETUVOS STATYBOS IN\u017dINIERI\u0172 S\u0104JUNGA","description":"#ProudToBeAnEngineer","potentialAction":[{"@type":"SearchAction","target":{"@type":"EntryPoint","urlTemplate":"https:\/\/lsis.lt\/?s={search_term_string}"},"query-input":{"@type":"PropertyValueSpecification","valueRequired":true,"valueName":"search_term_string"}}],"inLanguage":"en-US"}]}},"_links":{"self":[{"href":"https:\/\/lsis.lt\/en\/wp-json\/wp\/v2\/pages\/3560","targetHints":{"allow":["GET"]}}],"collection":[{"href":"https:\/\/lsis.lt\/en\/wp-json\/wp\/v2\/pages"}],"about":[{"href":"https:\/\/lsis.lt\/en\/wp-json\/wp\/v2\/types\/page"}],"author":[{"embeddable":true,"href":"https:\/\/lsis.lt\/en\/wp-json\/wp\/v2\/users\/1"}],"replies":[{"embeddable":true,"href":"https:\/\/lsis.lt\/en\/wp-json\/wp\/v2\/comments?post=3560"}],"version-history":[{"count":7,"href":"https:\/\/lsis.lt\/en\/wp-json\/wp\/v2\/pages\/3560\/revisions"}],"predecessor-version":[{"id":7519,"href":"https:\/\/lsis.lt\/en\/wp-json\/wp\/v2\/pages\/3560\/revisions\/7519"}],"wp:attachment":[{"href":"https:\/\/lsis.lt\/en\/wp-json\/wp\/v2\/media?parent=3560"}],"curies":[{"name":"wp","href":"https:\/\/api.w.org\/{rel}","templated":true}]}}