{"id":3561,"date":"2019-03-08T11:14:18","date_gmt":"2019-03-08T09:14:18","guid":{"rendered":"http:\/\/lsis.lt\/parama\/"},"modified":"2022-01-13T11:06:33","modified_gmt":"2022-01-13T09:06:33","slug":"parama","status":"publish","type":"page","link":"https:\/\/lsis.lt\/en\/parama\/","title":{"rendered":"Parama"},"content":{"rendered":"\t\t<div data-elementor-type=\"wp-post\" data-elementor-id=\"3561\" class=\"elementor elementor-3561\">\n\t\t\t\t\t\t<section class=\"elementor-section elementor-top-section elementor-element elementor-element-746b842 elementor-section-boxed elementor-section-height-default elementor-section-height-default\" data-id=\"746b842\" data-element_type=\"section\" data-e-type=\"section\">\n\t\t\t\t\t\t<div class=\"elementor-container elementor-column-gap-default\">\n\t\t\t\t\t<div class=\"elementor-column elementor-col-66 elementor-top-column elementor-element elementor-element-2b5ac8b\" data-id=\"2b5ac8b\" data-element_type=\"column\" data-e-type=\"column\">\n\t\t\t<div class=\"elementor-widget-wrap elementor-element-populated\">\n\t\t\t\t\t\t<div class=\"elementor-element elementor-element-83bda9d elementor-widget elementor-widget-text-editor\" data-id=\"83bda9d\" data-element_type=\"widget\" data-e-type=\"widget\" data-widget_type=\"text-editor.default\">\n\t\t\t\t<div class=\"elementor-widget-container\">\n\t\t\t\t\t\t\t\t\t<p style=\"text-align: left;\"><strong>Kaip tapti r\u0117m\u0117ju?\u00a0<\/strong><\/p><p>Galimos 3 r\u0117mimo formos:<\/p><p>&#8211; Skiriama 1,2 proc. parama.<br \/>&#8211; Juridinio asmens skiriama parama.<br \/>&#8211; Fizinio asmens skiriama parama.<\/p><p>Taip pat kreipiam\u0117s \u012f vis\u0105 statybos in\u017einieri\u0173 bendrij\u0105, ragindami pasinaudoti galimybe ir 1,2 proc. savo sumok\u0117t\u0173 gyventoj\u0173 pajam\u0173 mokes\u010dio pervesti LSIS.<\/p><p><strong>Kaip tai padaryti?<\/strong><\/p><p>Prisijunkite prie savo elektronin\u0117s bankininkyst\u0117s tiesiogiai per bank\u0105, arba per Elektroninio deklaravimo sistemos svetain\u0119 &gt;&gt;<br \/>pasirinkti e-deklaravim\u0105, tuomet jus i\u0161 karto nukreips \u012f Elektroninio deklaravimo sistem\u0105 (EDS), kurioje jau b\u016bsite registruotas (duomenys imami i\u0161 banko)<br \/>Pasirinkite form\u0105 &#8220;Pildyti portale&#8221;<br \/>I\u0161 pateikto form\u0173\/dokument\u0173 s\u0105ra\u0161o reikia surasti FR0512 form\u0105 (Pra\u0161ymas pervesti iki 2 procent\u0173 pajam\u0173 mokes\u010dio sumos Lietuvos vienetams, pagal Lietuvos Respublikos labdaros ir paramos \u012fstatym\u0105 turintiems teis\u0119 gauti param\u0105)<br \/>U\u017epildyti ir pateikti<\/p><p>Formai pildyti reikiami rekvizitai:<br \/>Lietuvos statybos in\u017einieri\u0173 s\u0105junga<br \/>\u012emon\u0117s kodas 303313380<br \/>S\u0105skaitos Nr. LT32 7044 0600 0796 4386<br \/>AB SEB bankas, banko kodas 70440<br \/>Adresas:\u00a0<span class=\"street-address\">Saul\u0117tekio al. 11 SRK-I-310 Vilnius LT-10223<\/span><\/p><p><strong>Kas gali tapti nariu &#8211; r\u0117m\u0117ju?<\/strong><\/p><p>S\u0105jungos nariais-r\u0117m\u0117jais gali b\u016bti fiziniai ir\/ar juridiniai asmenys, pripa\u017e\u012fstantys S\u0105jungos \u012fstatus bei mokantys visuotinio S\u0105jungos nari\u0173 susirinkimo nustatyto dyd\u017eio nari\u0173-r\u0117m\u0117j\u0173 mokest\u012f.<\/p><p><strong>Kuo svarbi r\u0117m\u0117jo parama?<\/strong><\/p><p><span style=\"font-weight: 400;\">Lietuvos statybos in\u017einieri\u0173 s\u0105jung\u0105 (LSIS) sudaro miest\u0173 ir region\u0173 statybos in\u017einieri\u0173 bendrijos, kurie vykdo savaranki\u0161k\u0105 \u016bkin\u0119 veikl\u0105.<\/span><\/p><p><span style=\"font-weight: 400;\">Tik labai nedidel\u0117 bendrij\u0173 gaut\u0173 pajam\u0173 dalis skiriama bendrajai LSIS veiklai finansuoti. Tuo tarpu LSIS siekia aktyviai pl\u0117toti savo veikl\u0105, ta\u010diau susiduria su l\u0117\u0161\u0173 tr\u016bkumu savo planams \u012fgyvendinti.<\/span><\/p><p><span style=\"font-weight: 400;\">Tod\u0117l Lietuvos statyb\u0173 sektoriuje veikian\u010dias \u012fmones kvie\u010diame apsvarstyti galimyb\u0119 suteikti param\u0105 LSIS kaip pelno nesiekian\u010diai organizacijai, kad s\u0117kmingiau siektume tiksl\u0173, kuri\u0173 \u012fgyvendinimas tur\u0117t\u0173 teigiamos \u012ftakos visiems statyb\u0173 sektoriaus dalyviams. <\/span><\/p>\t\t\t\t\t\t\t\t<\/div>\n\t\t\t\t<\/div>\n\t\t\t\t\t<\/div>\n\t\t<\/div>\n\t\t\t\t<div class=\"elementor-column elementor-col-33 elementor-top-column elementor-element elementor-element-4be5bcb\" data-id=\"4be5bcb\" data-element_type=\"column\" data-e-type=\"column\">\n\t\t\t<div class=\"elementor-widget-wrap elementor-element-populated\">\n\t\t\t\t\t\t<div class=\"elementor-element elementor-element-9f36640 elementor-widget elementor-widget-heading\" data-id=\"9f36640\" data-element_type=\"widget\" data-e-type=\"widget\" data-widget_type=\"heading.default\">\n\t\t\t\t<div class=\"elementor-widget-container\">\n\t\t\t\t\t<h2 class=\"elementor-heading-title elementor-size-default\">Kontaktas informacijai<\/h2>\t\t\t\t<\/div>\n\t\t\t\t<\/div>\n\t\t\t\t<div class=\"elementor-element elementor-element-205935d elementor-widget elementor-widget-image\" data-id=\"205935d\" data-element_type=\"widget\" data-e-type=\"widget\" data-widget_type=\"image.default\">\n\t\t\t\t<div class=\"elementor-widget-container\">\n\t\t\t\t\t\t\t\t\t\t\t\t\t\t\t<img fetchpriority=\"high\" decoding=\"async\" width=\"705\" height=\"1024\" src=\"https:\/\/lsis.lt\/wp-content\/uploads\/2022\/01\/Nuotrauka-705x1024.jpg\" class=\"attachment-large size-large wp-image-10295\" alt=\"Mantas Rai\u0161ys\" srcset=\"https:\/\/lsis.lt\/wp-content\/uploads\/2022\/01\/Nuotrauka-705x1024.jpg 705w, https:\/\/lsis.lt\/wp-content\/uploads\/2022\/01\/Nuotrauka-206x300.jpg 206w, https:\/\/lsis.lt\/wp-content\/uploads\/2022\/01\/Nuotrauka-768x1116.jpg 768w, https:\/\/lsis.lt\/wp-content\/uploads\/2022\/01\/Nuotrauka-1057x1536.jpg 1057w, https:\/\/lsis.lt\/wp-content\/uploads\/2022\/01\/Nuotrauka-260x378.jpg 260w, https:\/\/lsis.lt\/wp-content\/uploads\/2022\/01\/Nuotrauka.jpg 1316w\" sizes=\"(max-width: 705px) 100vw, 705px\" \/>\t\t\t\t\t\t\t\t\t\t\t\t\t\t\t<\/div>\n\t\t\t\t<\/div>\n\t\t\t\t<div class=\"elementor-element elementor-element-24136ff elementor-widget elementor-widget-text-editor\" data-id=\"24136ff\" data-element_type=\"widget\" data-e-type=\"widget\" data-widget_type=\"text-editor.default\">\n\t\t\t\t<div class=\"elementor-widget-container\">\n\t\t\t\t\t\t\t\t\t<p><span style=\"font-family: 'Source Sans Pro', sans-serif; font-size: 16px; font-style: normal; font-weight: 400;\">Mantas Rai\u0161ys<\/span><br \/>El.pa\u0161tas: <a href=\"mailto:lsis@lsis.lt\">l<\/a>sis@lsis.lt<br \/>Tel.: +37061043043<\/p>\t\t\t\t\t\t\t\t<\/div>\n\t\t\t\t<\/div>\n\t\t\t\t\t<\/div>\n\t\t<\/div>\n\t\t\t\t\t<\/div>\n\t\t<\/section>\n\t\t\t\t<\/div>\n\t\t","protected":false},"excerpt":{"rendered":"<p>Kaip tapti r\u0117m\u0117ju?\u00a0 Galimos 3 r\u0117mimo formos: &#8211; Skiriama 1,2 proc. parama.&#8211; Juridinio asmens skiriama parama.&#8211; Fizinio asmens skiriama parama. Taip pat kreipiam\u0117s \u012f vis\u0105 statybos in\u017einieri\u0173 bendrij\u0105, ragindami pasinaudoti [&hellip;]<\/p>\n","protected":false},"author":1,"featured_media":0,"parent":0,"menu_order":0,"comment_status":"closed","ping_status":"closed","template":"","meta":{"footnotes":""},"class_list":["post-3561","page","type-page","status-publish","hentry"],"yoast_head":"<!-- This site is optimized with the Yoast SEO plugin v26.8 - https:\/\/yoast.com\/product\/yoast-seo-wordpress\/ -->\n<title>Parama - LIETUVOS STATYBOS IN\u017dINIERI\u0172 S\u0104JUNGA<\/title>\n<meta name=\"robots\" content=\"index, follow, max-snippet:-1, max-image-preview:large, max-video-preview:-1\" \/>\n<link rel=\"canonical\" href=\"https:\/\/lsis.lt\/parama\/\" \/>\n<meta property=\"og:locale\" content=\"en_US\" \/>\n<meta property=\"og:type\" content=\"article\" \/>\n<meta property=\"og:title\" content=\"Parama - LIETUVOS STATYBOS IN\u017dINIERI\u0172 S\u0104JUNGA\" \/>\n<meta property=\"og:description\" content=\"Kaip tapti r\u0117m\u0117ju?\u00a0 Galimos 3 r\u0117mimo formos: &#8211; Skiriama 1,2 proc. parama.&#8211; Juridinio asmens skiriama parama.&#8211; Fizinio asmens skiriama parama. Taip pat kreipiam\u0117s \u012f vis\u0105 statybos in\u017einieri\u0173 bendrij\u0105, ragindami pasinaudoti [&hellip;]\" \/>\n<meta property=\"og:url\" content=\"https:\/\/lsis.lt\/parama\/\" \/>\n<meta property=\"og:site_name\" content=\"LIETUVOS STATYBOS IN\u017dINIERI\u0172 S\u0104JUNGA\" \/>\n<meta property=\"article:modified_time\" content=\"2022-01-13T09:06:33+00:00\" \/>\n<meta property=\"og:image\" content=\"https:\/\/lsis.lt\/wp-content\/uploads\/2022\/01\/Nuotrauka-705x1024.jpg\" \/>\n<meta name=\"twitter:card\" content=\"summary_large_image\" \/>\n<meta name=\"twitter:label1\" content=\"Est. reading time\" \/>\n\t<meta name=\"twitter:data1\" content=\"2 minutes\" \/>\n<script type=\"application\/ld+json\" class=\"yoast-schema-graph\">{\"@context\":\"https:\/\/schema.org\",\"@graph\":[{\"@type\":\"WebPage\",\"@id\":\"https:\/\/lsis.lt\/parama\/\",\"url\":\"https:\/\/lsis.lt\/parama\/\",\"name\":\"Parama - LIETUVOS STATYBOS IN\u017dINIERI\u0172 S\u0104JUNGA\",\"isPartOf\":{\"@id\":\"https:\/\/lsis.lt\/#website\"},\"primaryImageOfPage\":{\"@id\":\"https:\/\/lsis.lt\/parama\/#primaryimage\"},\"image\":{\"@id\":\"https:\/\/lsis.lt\/parama\/#primaryimage\"},\"thumbnailUrl\":\"https:\/\/lsis.lt\/wp-content\/uploads\/2022\/01\/Nuotrauka-705x1024.jpg\",\"datePublished\":\"2019-03-08T09:14:18+00:00\",\"dateModified\":\"2022-01-13T09:06:33+00:00\",\"breadcrumb\":{\"@id\":\"https:\/\/lsis.lt\/parama\/#breadcrumb\"},\"inLanguage\":\"en-US\",\"potentialAction\":[{\"@type\":\"ReadAction\",\"target\":[\"https:\/\/lsis.lt\/parama\/\"]}]},{\"@type\":\"ImageObject\",\"inLanguage\":\"en-US\",\"@id\":\"https:\/\/lsis.lt\/parama\/#primaryimage\",\"url\":\"https:\/\/lsis.lt\/wp-content\/uploads\/2022\/01\/Nuotrauka-705x1024.jpg\",\"contentUrl\":\"https:\/\/lsis.lt\/wp-content\/uploads\/2022\/01\/Nuotrauka-705x1024.jpg\"},{\"@type\":\"BreadcrumbList\",\"@id\":\"https:\/\/lsis.lt\/parama\/#breadcrumb\",\"itemListElement\":[{\"@type\":\"ListItem\",\"position\":1,\"name\":\"Home\",\"item\":\"https:\/\/lsis.lt\/en\/\"},{\"@type\":\"ListItem\",\"position\":2,\"name\":\"Parama\"}]},{\"@type\":\"WebSite\",\"@id\":\"https:\/\/lsis.lt\/#website\",\"url\":\"https:\/\/lsis.lt\/\",\"name\":\"LIETUVOS STATYBOS IN\u017dINIERI\u0172 S\u0104JUNGA\",\"description\":\"#ProudToBeAnEngineer\",\"potentialAction\":[{\"@type\":\"SearchAction\",\"target\":{\"@type\":\"EntryPoint\",\"urlTemplate\":\"https:\/\/lsis.lt\/?s={search_term_string}\"},\"query-input\":{\"@type\":\"PropertyValueSpecification\",\"valueRequired\":true,\"valueName\":\"search_term_string\"}}],\"inLanguage\":\"en-US\"}]}<\/script>\n<!-- \/ Yoast SEO plugin. -->","yoast_head_json":{"title":"Parama - LIETUVOS STATYBOS IN\u017dINIERI\u0172 S\u0104JUNGA","robots":{"index":"index","follow":"follow","max-snippet":"max-snippet:-1","max-image-preview":"max-image-preview:large","max-video-preview":"max-video-preview:-1"},"canonical":"https:\/\/lsis.lt\/parama\/","og_locale":"en_US","og_type":"article","og_title":"Parama - LIETUVOS STATYBOS IN\u017dINIERI\u0172 S\u0104JUNGA","og_description":"Kaip tapti r\u0117m\u0117ju?\u00a0 Galimos 3 r\u0117mimo formos: &#8211; Skiriama 1,2 proc. parama.&#8211; Juridinio asmens skiriama parama.&#8211; Fizinio asmens skiriama parama. Taip pat kreipiam\u0117s \u012f vis\u0105 statybos in\u017einieri\u0173 bendrij\u0105, ragindami pasinaudoti [&hellip;]","og_url":"https:\/\/lsis.lt\/parama\/","og_site_name":"LIETUVOS STATYBOS IN\u017dINIERI\u0172 S\u0104JUNGA","article_modified_time":"2022-01-13T09:06:33+00:00","og_image":[{"url":"https:\/\/lsis.lt\/wp-content\/uploads\/2022\/01\/Nuotrauka-705x1024.jpg","type":"","width":"","height":""}],"twitter_card":"summary_large_image","twitter_misc":{"Est. reading time":"2 minutes"},"schema":{"@context":"https:\/\/schema.org","@graph":[{"@type":"WebPage","@id":"https:\/\/lsis.lt\/parama\/","url":"https:\/\/lsis.lt\/parama\/","name":"Parama - LIETUVOS STATYBOS IN\u017dINIERI\u0172 S\u0104JUNGA","isPartOf":{"@id":"https:\/\/lsis.lt\/#website"},"primaryImageOfPage":{"@id":"https:\/\/lsis.lt\/parama\/#primaryimage"},"image":{"@id":"https:\/\/lsis.lt\/parama\/#primaryimage"},"thumbnailUrl":"https:\/\/lsis.lt\/wp-content\/uploads\/2022\/01\/Nuotrauka-705x1024.jpg","datePublished":"2019-03-08T09:14:18+00:00","dateModified":"2022-01-13T09:06:33+00:00","breadcrumb":{"@id":"https:\/\/lsis.lt\/parama\/#breadcrumb"},"inLanguage":"en-US","potentialAction":[{"@type":"ReadAction","target":["https:\/\/lsis.lt\/parama\/"]}]},{"@type":"ImageObject","inLanguage":"en-US","@id":"https:\/\/lsis.lt\/parama\/#primaryimage","url":"https:\/\/lsis.lt\/wp-content\/uploads\/2022\/01\/Nuotrauka-705x1024.jpg","contentUrl":"https:\/\/lsis.lt\/wp-content\/uploads\/2022\/01\/Nuotrauka-705x1024.jpg"},{"@type":"BreadcrumbList","@id":"https:\/\/lsis.lt\/parama\/#breadcrumb","itemListElement":[{"@type":"ListItem","position":1,"name":"Home","item":"https:\/\/lsis.lt\/en\/"},{"@type":"ListItem","position":2,"name":"Parama"}]},{"@type":"WebSite","@id":"https:\/\/lsis.lt\/#website","url":"https:\/\/lsis.lt\/","name":"LIETUVOS STATYBOS IN\u017dINIERI\u0172 S\u0104JUNGA","description":"#ProudToBeAnEngineer","potentialAction":[{"@type":"SearchAction","target":{"@type":"EntryPoint","urlTemplate":"https:\/\/lsis.lt\/?s={search_term_string}"},"query-input":{"@type":"PropertyValueSpecification","valueRequired":true,"valueName":"search_term_string"}}],"inLanguage":"en-US"}]}},"_links":{"self":[{"href":"https:\/\/lsis.lt\/en\/wp-json\/wp\/v2\/pages\/3561","targetHints":{"allow":["GET"]}}],"collection":[{"href":"https:\/\/lsis.lt\/en\/wp-json\/wp\/v2\/pages"}],"about":[{"href":"https:\/\/lsis.lt\/en\/wp-json\/wp\/v2\/types\/page"}],"author":[{"embeddable":true,"href":"https:\/\/lsis.lt\/en\/wp-json\/wp\/v2\/users\/1"}],"replies":[{"embeddable":true,"href":"https:\/\/lsis.lt\/en\/wp-json\/wp\/v2\/comments?post=3561"}],"version-history":[{"count":14,"href":"https:\/\/lsis.lt\/en\/wp-json\/wp\/v2\/pages\/3561\/revisions"}],"predecessor-version":[{"id":10315,"href":"https:\/\/lsis.lt\/en\/wp-json\/wp\/v2\/pages\/3561\/revisions\/10315"}],"wp:attachment":[{"href":"https:\/\/lsis.lt\/en\/wp-json\/wp\/v2\/media?parent=3561"}],"curies":[{"name":"wp","href":"https:\/\/api.w.org\/{rel}","templated":true}]}}