{"id":3563,"date":"2019-03-08T11:13:17","date_gmt":"2019-03-08T09:13:17","guid":{"rendered":"http:\/\/lsis.lt\/naryste-ecce\/"},"modified":"2023-09-29T11:03:36","modified_gmt":"2023-09-29T09:03:36","slug":"ecce","status":"publish","type":"page","link":"https:\/\/lsis.lt\/en\/ecce\/","title":{"rendered":"ECCE"},"content":{"rendered":"\t\t<div data-elementor-type=\"wp-post\" data-elementor-id=\"3563\" class=\"elementor elementor-3563\">\n\t\t\t\t\t\t<section class=\"elementor-section elementor-top-section elementor-element elementor-element-2b5af459 elementor-section-boxed elementor-section-height-default elementor-section-height-default\" data-id=\"2b5af459\" data-element_type=\"section\" data-e-type=\"section\">\n\t\t\t\t\t\t<div class=\"elementor-container elementor-column-gap-default\">\n\t\t\t\t\t<div class=\"elementor-column elementor-col-100 elementor-top-column elementor-element elementor-element-61b3eb7f\" data-id=\"61b3eb7f\" data-element_type=\"column\" data-e-type=\"column\">\n\t\t\t<div class=\"elementor-widget-wrap elementor-element-populated\">\n\t\t\t\t\t\t<div class=\"elementor-element elementor-element-74f14df6 elementor-widget elementor-widget-text-editor\" data-id=\"74f14df6\" data-element_type=\"widget\" data-e-type=\"widget\" data-widget_type=\"text-editor.default\">\n\t\t\t\t<div class=\"elementor-widget-container\">\n\t\t\t\t\t\t\t\t\t<p><img fetchpriority=\"high\" decoding=\"async\" class=\"aligncenter size-large wp-image-11767\" src=\"https:\/\/lsis.lt\/wp-content\/uploads\/2023\/09\/ECCE-77th-Vilnius-1024x159.jpg\" alt=\"\" width=\"860\" height=\"134\" srcset=\"https:\/\/lsis.lt\/wp-content\/uploads\/2023\/09\/ECCE-77th-Vilnius-1024x159.jpg 1024w, https:\/\/lsis.lt\/wp-content\/uploads\/2023\/09\/ECCE-77th-Vilnius-300x47.jpg 300w, https:\/\/lsis.lt\/wp-content\/uploads\/2023\/09\/ECCE-77th-Vilnius-768x120.jpg 768w, https:\/\/lsis.lt\/wp-content\/uploads\/2023\/09\/ECCE-77th-Vilnius-260x40.jpg 260w, https:\/\/lsis.lt\/wp-content\/uploads\/2023\/09\/ECCE-77th-Vilnius.jpg 1432w\" sizes=\"(max-width: 860px) 100vw, 860px\" \/><\/p><p>The 77<sup>th<\/sup> General Meeting of European Council of Civil Engineers will take place in Vilnius,\u00a0 Lithuania and is organised by ECCE together with the Lithuanian Association of Civil Engineers (LSIS).<\/p><p>The part of the General Meeting this autumn is the ECCE Forum of Civil Engineers on Sustainability in Construction (please find the program of the forum below).<\/p><p>Registration to view the forum remotely: <strong><a href=\"https:\/\/us06web.zoom.us\/meeting\/register\/tZMtcuGppz0qE93gT3l8mJAg3y56IZx_Ck0j#\/registration\">here<\/a><\/strong>.<\/p><p>Questions for the panel discussion are welcome at <a href=\"mailto:ecce_sps@otenet.gr\">ecce_sps@otenet.gr <\/a>.<\/p><p><u>The Programme<\/u><\/p><table width=\"602\"><tbody><tr><td width=\"90\"><p>15:30 \u2013 16:00<\/p><\/td><td width=\"512\"><p>Opening of the Forum<\/p><p>\u25cf\u00a0\u00a0\u00a0\u00a0\u00a0\u00a0\u00a0 Welcome by <strong>Andreas Brandner<\/strong>, ECCE President<\/p><p>\u25cf\u00a0\u00a0\u00a0\u00a0\u00a0\u00a0\u00a0 Welcome by <strong>Simonas Gentvilas<\/strong>, the Minister of Environment of Lithuania<\/p><\/td><\/tr><tr><td width=\"90\"><p>16:00 \u2013 16:20<\/p><\/td><td width=\"512\"><p><strong>BIM as a tool for solving sustainability issues<\/strong><\/p><p>Presentation by <strong>Tomas Bla\u017ei\u016bnas<\/strong>, Head of Innovation Department at UAB INHUS Engineering<\/p><\/td><\/tr><tr><td width=\"90\"><p>16:20 \u2013 16:40<\/p><\/td><td width=\"512\"><p><strong>Reusing of precast concrete structures &#8211; Practical case study<\/strong><\/p><p>Presentation by <strong>Paulius Bulota<\/strong>, director of UAB Peikko Lietuva\u00a0<\/p><\/td><\/tr><tr><td width=\"90\"><p>16:40 \u2013 17:00<\/p><\/td><td width=\"512\"><p><strong>Engineered timber inspirations to GreenConTech based re-shape of our cities<\/strong>\u00a0<\/p><p>Presentation by <strong>Paulius Mil\u010dius<\/strong>, Business Development Manager of UAB &#8220;VMGcorp&#8221;<\/p><\/td><\/tr><tr><td width=\"90\"><p>17:00 \u2013 18:00<\/p><\/td><td width=\"512\"><p>Panel discussion\u00a0<\/p><\/td><\/tr><\/tbody><\/table><p style=\"text-align: center;\">FORUM SPONSORS<\/p><p style=\"text-align: center;\"><img decoding=\"async\" class=\"aligncenter wp-image-11762\" src=\"https:\/\/lsis.lt\/wp-content\/uploads\/2023\/09\/Forumo_remejai.gif\" alt=\"\" width=\"426\" height=\"180\" \/><\/p><p><span style=\"font-weight: 400;\">Our organization is called Lithuanian Association of Civil Engineers. We are a part of\u00a0 ECCE \u2013 European Council of civil engineers from 2001.<\/span><\/p><p><span style=\"font-weight: 400;\">The organization of ECCE was started in 1985 with a purpose to unite the civil engineers of Europe, to create the code of ethics.<\/span><a href=\"http:\/\/www.ecceengineers.eu\/about\/objectives.php\"><span style=\"font-weight: 400;\">http:\/\/www.ecceengineers.eu\/about\/objectives.php<\/span><\/a><\/p><p><span style=\"font-weight: 400;\">Members of ECCE <\/span><a href=\"http:\/\/www.ecceengineers.eu\/members\/index.php?id=39\"><span style=\"font-weight: 400;\">http:\/\/www.ecceengineers.eu\/members\/index.php?id=39<\/span><\/a><\/p><p><span style=\"font-weight: 400;\">ECCE press, media, e-books: <\/span><a href=\"http:\/\/www.ecceengineers.eu\/papers\/index.php?id=40\"><span style=\"font-weight: 400;\">http:\/\/www.ecceengineers.eu\/papers\/index.php?id=40<\/span><\/a><\/p><ul><li><span style=\"font-weight: 400;\"> ECCE president <\/span><a href=\"http:\/\/www.ecceengineers.eu\/about\/aris_chatzidakis.php\"><span style=\"font-weight: 400;\">http:\/\/www.ecceengineers.eu\/about\/aris_chatzidakis.php<\/span><\/a><\/li><\/ul>\t\t\t\t\t\t\t\t<\/div>\n\t\t\t\t<\/div>\n\t\t\t\t\t<\/div>\n\t\t<\/div>\n\t\t\t\t\t<\/div>\n\t\t<\/section>\n\t\t\t\t<\/div>\n\t\t","protected":false},"excerpt":{"rendered":"<p>The 77th General Meeting of European Council of Civil Engineers will take place in Vilnius,\u00a0 Lithuania and is organised by ECCE together with the Lithuanian Association of Civil Engineers (LSIS). [&hellip;]<\/p>\n","protected":false},"author":7,"featured_media":0,"parent":0,"menu_order":0,"comment_status":"closed","ping_status":"closed","template":"","meta":{"footnotes":""},"class_list":["post-3563","page","type-page","status-publish","hentry"],"yoast_head":"<!-- This site is optimized with the Yoast SEO plugin v26.8 - https:\/\/yoast.com\/product\/yoast-seo-wordpress\/ -->\n<title>ECCE - LIETUVOS STATYBOS IN\u017dINIERI\u0172 S\u0104JUNGA<\/title>\n<meta name=\"robots\" content=\"index, follow, max-snippet:-1, max-image-preview:large, max-video-preview:-1\" \/>\n<link rel=\"canonical\" href=\"https:\/\/lsis.lt\/en\/ecce\/\" \/>\n<meta property=\"og:locale\" content=\"en_US\" \/>\n<meta property=\"og:type\" content=\"article\" \/>\n<meta property=\"og:title\" content=\"ECCE - LIETUVOS STATYBOS IN\u017dINIERI\u0172 S\u0104JUNGA\" \/>\n<meta property=\"og:description\" content=\"The 77th General Meeting of European Council of Civil Engineers will take place in Vilnius,\u00a0 Lithuania and is organised by ECCE together with the Lithuanian Association of Civil Engineers (LSIS). [&hellip;]\" \/>\n<meta property=\"og:url\" content=\"https:\/\/lsis.lt\/en\/ecce\/\" \/>\n<meta property=\"og:site_name\" content=\"LIETUVOS STATYBOS IN\u017dINIERI\u0172 S\u0104JUNGA\" \/>\n<meta property=\"article:modified_time\" content=\"2023-09-29T09:03:36+00:00\" \/>\n<meta property=\"og:image\" content=\"https:\/\/lsis.lt\/wp-content\/uploads\/2023\/09\/ECCE-77th-Vilnius-1024x159.jpg\" \/>\n<meta name=\"twitter:card\" content=\"summary_large_image\" \/>\n<meta name=\"twitter:label1\" content=\"Est. reading time\" \/>\n\t<meta name=\"twitter:data1\" content=\"2 minutes\" \/>\n<script type=\"application\/ld+json\" class=\"yoast-schema-graph\">{\"@context\":\"https:\/\/schema.org\",\"@graph\":[{\"@type\":\"WebPage\",\"@id\":\"https:\/\/lsis.lt\/en\/ecce\/\",\"url\":\"https:\/\/lsis.lt\/en\/ecce\/\",\"name\":\"ECCE - LIETUVOS STATYBOS IN\u017dINIERI\u0172 S\u0104JUNGA\",\"isPartOf\":{\"@id\":\"https:\/\/lsis.lt\/#website\"},\"primaryImageOfPage\":{\"@id\":\"https:\/\/lsis.lt\/en\/ecce\/#primaryimage\"},\"image\":{\"@id\":\"https:\/\/lsis.lt\/en\/ecce\/#primaryimage\"},\"thumbnailUrl\":\"https:\/\/lsis.lt\/wp-content\/uploads\/2023\/09\/ECCE-77th-Vilnius-1024x159.jpg\",\"datePublished\":\"2019-03-08T09:13:17+00:00\",\"dateModified\":\"2023-09-29T09:03:36+00:00\",\"breadcrumb\":{\"@id\":\"https:\/\/lsis.lt\/en\/ecce\/#breadcrumb\"},\"inLanguage\":\"en-US\",\"potentialAction\":[{\"@type\":\"ReadAction\",\"target\":[\"https:\/\/lsis.lt\/en\/ecce\/\"]}]},{\"@type\":\"ImageObject\",\"inLanguage\":\"en-US\",\"@id\":\"https:\/\/lsis.lt\/en\/ecce\/#primaryimage\",\"url\":\"https:\/\/lsis.lt\/wp-content\/uploads\/2023\/09\/ECCE-77th-Vilnius-1024x159.jpg\",\"contentUrl\":\"https:\/\/lsis.lt\/wp-content\/uploads\/2023\/09\/ECCE-77th-Vilnius-1024x159.jpg\"},{\"@type\":\"BreadcrumbList\",\"@id\":\"https:\/\/lsis.lt\/en\/ecce\/#breadcrumb\",\"itemListElement\":[{\"@type\":\"ListItem\",\"position\":1,\"name\":\"Home\",\"item\":\"https:\/\/lsis.lt\/en\/\"},{\"@type\":\"ListItem\",\"position\":2,\"name\":\"ECCE\"}]},{\"@type\":\"WebSite\",\"@id\":\"https:\/\/lsis.lt\/#website\",\"url\":\"https:\/\/lsis.lt\/\",\"name\":\"LIETUVOS STATYBOS IN\u017dINIERI\u0172 S\u0104JUNGA\",\"description\":\"#ProudToBeAnEngineer\",\"potentialAction\":[{\"@type\":\"SearchAction\",\"target\":{\"@type\":\"EntryPoint\",\"urlTemplate\":\"https:\/\/lsis.lt\/?s={search_term_string}\"},\"query-input\":{\"@type\":\"PropertyValueSpecification\",\"valueRequired\":true,\"valueName\":\"search_term_string\"}}],\"inLanguage\":\"en-US\"}]}<\/script>\n<!-- \/ Yoast SEO plugin. -->","yoast_head_json":{"title":"ECCE - LIETUVOS STATYBOS IN\u017dINIERI\u0172 S\u0104JUNGA","robots":{"index":"index","follow":"follow","max-snippet":"max-snippet:-1","max-image-preview":"max-image-preview:large","max-video-preview":"max-video-preview:-1"},"canonical":"https:\/\/lsis.lt\/en\/ecce\/","og_locale":"en_US","og_type":"article","og_title":"ECCE - LIETUVOS STATYBOS IN\u017dINIERI\u0172 S\u0104JUNGA","og_description":"The 77th General Meeting of European Council of Civil Engineers will take place in Vilnius,\u00a0 Lithuania and is organised by ECCE together with the Lithuanian Association of Civil Engineers (LSIS). [&hellip;]","og_url":"https:\/\/lsis.lt\/en\/ecce\/","og_site_name":"LIETUVOS STATYBOS IN\u017dINIERI\u0172 S\u0104JUNGA","article_modified_time":"2023-09-29T09:03:36+00:00","og_image":[{"url":"https:\/\/lsis.lt\/wp-content\/uploads\/2023\/09\/ECCE-77th-Vilnius-1024x159.jpg","type":"","width":"","height":""}],"twitter_card":"summary_large_image","twitter_misc":{"Est. reading time":"2 minutes"},"schema":{"@context":"https:\/\/schema.org","@graph":[{"@type":"WebPage","@id":"https:\/\/lsis.lt\/en\/ecce\/","url":"https:\/\/lsis.lt\/en\/ecce\/","name":"ECCE - LIETUVOS STATYBOS IN\u017dINIERI\u0172 S\u0104JUNGA","isPartOf":{"@id":"https:\/\/lsis.lt\/#website"},"primaryImageOfPage":{"@id":"https:\/\/lsis.lt\/en\/ecce\/#primaryimage"},"image":{"@id":"https:\/\/lsis.lt\/en\/ecce\/#primaryimage"},"thumbnailUrl":"https:\/\/lsis.lt\/wp-content\/uploads\/2023\/09\/ECCE-77th-Vilnius-1024x159.jpg","datePublished":"2019-03-08T09:13:17+00:00","dateModified":"2023-09-29T09:03:36+00:00","breadcrumb":{"@id":"https:\/\/lsis.lt\/en\/ecce\/#breadcrumb"},"inLanguage":"en-US","potentialAction":[{"@type":"ReadAction","target":["https:\/\/lsis.lt\/en\/ecce\/"]}]},{"@type":"ImageObject","inLanguage":"en-US","@id":"https:\/\/lsis.lt\/en\/ecce\/#primaryimage","url":"https:\/\/lsis.lt\/wp-content\/uploads\/2023\/09\/ECCE-77th-Vilnius-1024x159.jpg","contentUrl":"https:\/\/lsis.lt\/wp-content\/uploads\/2023\/09\/ECCE-77th-Vilnius-1024x159.jpg"},{"@type":"BreadcrumbList","@id":"https:\/\/lsis.lt\/en\/ecce\/#breadcrumb","itemListElement":[{"@type":"ListItem","position":1,"name":"Home","item":"https:\/\/lsis.lt\/en\/"},{"@type":"ListItem","position":2,"name":"ECCE"}]},{"@type":"WebSite","@id":"https:\/\/lsis.lt\/#website","url":"https:\/\/lsis.lt\/","name":"LIETUVOS STATYBOS IN\u017dINIERI\u0172 S\u0104JUNGA","description":"#ProudToBeAnEngineer","potentialAction":[{"@type":"SearchAction","target":{"@type":"EntryPoint","urlTemplate":"https:\/\/lsis.lt\/?s={search_term_string}"},"query-input":{"@type":"PropertyValueSpecification","valueRequired":true,"valueName":"search_term_string"}}],"inLanguage":"en-US"}]}},"_links":{"self":[{"href":"https:\/\/lsis.lt\/en\/wp-json\/wp\/v2\/pages\/3563","targetHints":{"allow":["GET"]}}],"collection":[{"href":"https:\/\/lsis.lt\/en\/wp-json\/wp\/v2\/pages"}],"about":[{"href":"https:\/\/lsis.lt\/en\/wp-json\/wp\/v2\/types\/page"}],"author":[{"embeddable":true,"href":"https:\/\/lsis.lt\/en\/wp-json\/wp\/v2\/users\/7"}],"replies":[{"embeddable":true,"href":"https:\/\/lsis.lt\/en\/wp-json\/wp\/v2\/comments?post=3563"}],"version-history":[{"count":13,"href":"https:\/\/lsis.lt\/en\/wp-json\/wp\/v2\/pages\/3563\/revisions"}],"predecessor-version":[{"id":11879,"href":"https:\/\/lsis.lt\/en\/wp-json\/wp\/v2\/pages\/3563\/revisions\/11879"}],"wp:attachment":[{"href":"https:\/\/lsis.lt\/en\/wp-json\/wp\/v2\/media?parent=3563"}],"curies":[{"name":"wp","href":"https:\/\/api.w.org\/{rel}","templated":true}]}}