{"id":3580,"date":"2019-03-06T16:20:45","date_gmt":"2019-03-06T14:20:45","guid":{"rendered":"http:\/\/lsis.lt\/revizijos-komisijos-nariai\/"},"modified":"2026-02-12T15:58:39","modified_gmt":"2026-02-12T13:58:39","slug":"etikos-komisijos-nariai","status":"publish","type":"page","link":"https:\/\/lsis.lt\/en\/etikos-komisijos-nariai\/","title":{"rendered":"Etikos komisijos nariai"},"content":{"rendered":"\t\t<div data-elementor-type=\"wp-post\" data-elementor-id=\"3580\" class=\"elementor elementor-3580\">\n\t\t\t\t\t\t<section class=\"elementor-section elementor-top-section elementor-element elementor-element-cef3d90 elementor-section-boxed elementor-section-height-default elementor-section-height-default\" data-id=\"cef3d90\" data-element_type=\"section\" data-e-type=\"section\">\n\t\t\t\t\t\t<div class=\"elementor-container elementor-column-gap-default\">\n\t\t\t\t\t<div class=\"elementor-column elementor-col-66 elementor-top-column elementor-element elementor-element-e5602aa\" data-id=\"e5602aa\" data-element_type=\"column\" data-e-type=\"column\">\n\t\t\t<div class=\"elementor-widget-wrap elementor-element-populated\">\n\t\t\t\t\t\t<div class=\"elementor-element elementor-element-50a247af elementor-widget elementor-widget-text-editor\" data-id=\"50a247af\" data-element_type=\"widget\" data-e-type=\"widget\" data-widget_type=\"text-editor.default\">\n\t\t\t\t<div class=\"elementor-widget-container\">\n\t\t\t\t\t\t\t\t\t<h3><strong>Komisijos narai:\u00a0<\/strong><\/h3><ol><li>Juozapas Tilvikas<\/li><li>Linas \u010cernauskas<\/li><li>Deivydas Grigaravi\u010dius<\/li><\/ol><p>Parei\u0161kimai LSIS profesin\u0117s etikos komisijai siun\u010diami el. pa\u0161tu\u00a0<a href=\"mailto:lsis@lsis.lt\">lsis@lsis.lt<\/a>, arba adresu:<\/p><p>Lietuvos statybos in\u017einieri\u0173 s\u0105junga<br \/>Etikos komisija<br \/>Saul\u0117tekio al. 3,<br \/>Vilnius LT-10223<\/p>\t\t\t\t\t\t\t\t<\/div>\n\t\t\t\t<\/div>\n\t\t\t\t\t<\/div>\n\t\t<\/div>\n\t\t\t\t<div class=\"elementor-column elementor-col-33 elementor-top-column elementor-element elementor-element-a885347\" data-id=\"a885347\" data-element_type=\"column\" data-e-type=\"column\">\n\t\t\t<div class=\"elementor-widget-wrap elementor-element-populated\">\n\t\t\t\t\t\t<div class=\"elementor-element elementor-element-9b21a29 elementor-button-danger elementor-align-center elementor-widget elementor-widget-button\" data-id=\"9b21a29\" data-element_type=\"widget\" data-e-type=\"widget\" data-widget_type=\"button.default\">\n\t\t\t\t<div class=\"elementor-widget-container\">\n\t\t\t\t\t\t\t\t\t<div class=\"elementor-button-wrapper\">\n\t\t\t\t\t<a class=\"elementor-button elementor-button-link elementor-size-xl\" href=\"#\">\n\t\t\t\t\t\t<span class=\"elementor-button-content-wrapper\">\n\t\t\t\t\t\t\t\t\t<span class=\"elementor-button-text\">K\u0105 daryti jeigu pasteb\u0117jau etikos kodekso pa\u017eeidim\u0105?<\/span>\n\t\t\t\t\t<\/span>\n\t\t\t\t\t<\/a>\n\t\t\t\t<\/div>\n\t\t\t\t\t\t\t\t<\/div>\n\t\t\t\t<\/div>\n\t\t\t\t<div class=\"elementor-element elementor-element-c10ca89 elementor-widget elementor-widget-text-editor\" data-id=\"c10ca89\" data-element_type=\"widget\" data-e-type=\"widget\" data-widget_type=\"text-editor.default\">\n\t\t\t\t<div class=\"elementor-widget-container\">\n\t\t\t\t\t\t\t\t\t<p>J\u016bs galite prane\u0161ti apie pa\u017eeidim\u0105 anonimi\u0161kai ir nedalyvauti svarstyme. Tokiu atveju kuo detaliau apra\u0161ykite situacij\u0105, pa\u017eeidim\u0105, asmen\u012f\u00a0 ir\/ar \u012fmon\u0119 neeti\u0161kai vykdan\u010dius veikl\u0105, nurodant j\u0173 kontaktinius duomenis.<\/p><p>Prisekite\/atsi\u0173skite dokumentus, nuotraukas pagrind\u017eian\u010dius faktus. Nepakankant duomen\u0173, negal\u0117sime prad\u0117ti tyrimo. Garantuojame anonimi\u0161kum\u0105.\u00a0<\/p>\t\t\t\t\t\t\t\t<\/div>\n\t\t\t\t<\/div>\n\t\t\t\t<div class=\"elementor-element elementor-element-8be257f elementor-widget elementor-widget-shortcode\" data-id=\"8be257f\" data-element_type=\"widget\" data-e-type=\"widget\" data-widget_type=\"shortcode.default\">\n\t\t\t\t<div class=\"elementor-widget-container\">\n\t\t\t\t\t\t\t<div class=\"elementor-shortcode\"><p class=\"wpcf7-contact-form-not-found\"><strong>Error:<\/strong> Contact form not found.<\/p><\/div>\n\t\t\t\t\t\t<\/div>\n\t\t\t\t<\/div>\n\t\t\t\t\t<\/div>\n\t\t<\/div>\n\t\t\t\t\t<\/div>\n\t\t<\/section>\n\t\t\t\t<\/div>\n\t\t","protected":false},"excerpt":{"rendered":"<p>Komisijos narai:\u00a0 Juozapas Tilvikas Linas \u010cernauskas Deivydas Grigaravi\u010dius Parei\u0161kimai LSIS profesin\u0117s etikos komisijai siun\u010diami el. pa\u0161tu\u00a0lsis@lsis.lt, arba adresu: Lietuvos statybos in\u017einieri\u0173 s\u0105jungaEtikos komisijaSaul\u0117tekio al. 3,Vilnius LT-10223 K\u0105 daryti jeigu pasteb\u0117jau [&hellip;]<\/p>\n","protected":false},"author":1,"featured_media":0,"parent":0,"menu_order":0,"comment_status":"closed","ping_status":"closed","template":"","meta":{"footnotes":""},"class_list":["post-3580","page","type-page","status-publish","hentry"],"yoast_head":"<!-- This site is optimized with the Yoast SEO plugin v26.8 - https:\/\/yoast.com\/product\/yoast-seo-wordpress\/ -->\n<title>LSIS profesin\u0117s etikos komisija<\/title>\n<meta name=\"description\" content=\"LSIS profesin\u0117s etikos komisija\" \/>\n<meta name=\"robots\" content=\"index, follow, max-snippet:-1, max-image-preview:large, max-video-preview:-1\" \/>\n<link rel=\"canonical\" href=\"https:\/\/lsis.lt\/en\/etikos-komisijos-nariai\/\" \/>\n<meta property=\"og:locale\" content=\"en_US\" \/>\n<meta property=\"og:type\" content=\"article\" \/>\n<meta property=\"og:title\" content=\"LSIS profesin\u0117s etikos komisija\" \/>\n<meta property=\"og:description\" content=\"LSIS profesin\u0117s etikos komisija\" \/>\n<meta property=\"og:url\" content=\"https:\/\/lsis.lt\/en\/etikos-komisijos-nariai\/\" \/>\n<meta property=\"og:site_name\" content=\"LIETUVOS STATYBOS IN\u017dINIERI\u0172 S\u0104JUNGA\" \/>\n<meta property=\"article:modified_time\" content=\"2026-02-12T13:58:39+00:00\" \/>\n<meta name=\"twitter:card\" content=\"summary_large_image\" \/>\n<meta name=\"twitter:label1\" content=\"Est. reading time\" \/>\n\t<meta name=\"twitter:data1\" content=\"1 minute\" \/>\n<script type=\"application\/ld+json\" class=\"yoast-schema-graph\">{\"@context\":\"https:\/\/schema.org\",\"@graph\":[{\"@type\":\"WebPage\",\"@id\":\"https:\/\/lsis.lt\/en\/etikos-komisijos-nariai\/\",\"url\":\"https:\/\/lsis.lt\/en\/etikos-komisijos-nariai\/\",\"name\":\"LSIS profesin\u0117s etikos komisija\",\"isPartOf\":{\"@id\":\"https:\/\/lsis.lt\/#website\"},\"datePublished\":\"2019-03-06T14:20:45+00:00\",\"dateModified\":\"2026-02-12T13:58:39+00:00\",\"description\":\"LSIS profesin\u0117s etikos komisija\",\"breadcrumb\":{\"@id\":\"https:\/\/lsis.lt\/en\/etikos-komisijos-nariai\/#breadcrumb\"},\"inLanguage\":\"en-US\",\"potentialAction\":[{\"@type\":\"ReadAction\",\"target\":[\"https:\/\/lsis.lt\/en\/etikos-komisijos-nariai\/\"]}]},{\"@type\":\"BreadcrumbList\",\"@id\":\"https:\/\/lsis.lt\/en\/etikos-komisijos-nariai\/#breadcrumb\",\"itemListElement\":[{\"@type\":\"ListItem\",\"position\":1,\"name\":\"Home\",\"item\":\"https:\/\/lsis.lt\/en\/\"},{\"@type\":\"ListItem\",\"position\":2,\"name\":\"Etikos komisijos nariai\"}]},{\"@type\":\"WebSite\",\"@id\":\"https:\/\/lsis.lt\/#website\",\"url\":\"https:\/\/lsis.lt\/\",\"name\":\"LIETUVOS STATYBOS IN\u017dINIERI\u0172 S\u0104JUNGA\",\"description\":\"#ProudToBeAnEngineer\",\"potentialAction\":[{\"@type\":\"SearchAction\",\"target\":{\"@type\":\"EntryPoint\",\"urlTemplate\":\"https:\/\/lsis.lt\/?s={search_term_string}\"},\"query-input\":{\"@type\":\"PropertyValueSpecification\",\"valueRequired\":true,\"valueName\":\"search_term_string\"}}],\"inLanguage\":\"en-US\"}]}<\/script>\n<!-- \/ Yoast SEO plugin. -->","yoast_head_json":{"title":"LSIS profesin\u0117s etikos komisija","description":"LSIS profesin\u0117s etikos komisija","robots":{"index":"index","follow":"follow","max-snippet":"max-snippet:-1","max-image-preview":"max-image-preview:large","max-video-preview":"max-video-preview:-1"},"canonical":"https:\/\/lsis.lt\/en\/etikos-komisijos-nariai\/","og_locale":"en_US","og_type":"article","og_title":"LSIS profesin\u0117s etikos komisija","og_description":"LSIS profesin\u0117s etikos komisija","og_url":"https:\/\/lsis.lt\/en\/etikos-komisijos-nariai\/","og_site_name":"LIETUVOS STATYBOS IN\u017dINIERI\u0172 S\u0104JUNGA","article_modified_time":"2026-02-12T13:58:39+00:00","twitter_card":"summary_large_image","twitter_misc":{"Est. reading time":"1 minute"},"schema":{"@context":"https:\/\/schema.org","@graph":[{"@type":"WebPage","@id":"https:\/\/lsis.lt\/en\/etikos-komisijos-nariai\/","url":"https:\/\/lsis.lt\/en\/etikos-komisijos-nariai\/","name":"LSIS profesin\u0117s etikos komisija","isPartOf":{"@id":"https:\/\/lsis.lt\/#website"},"datePublished":"2019-03-06T14:20:45+00:00","dateModified":"2026-02-12T13:58:39+00:00","description":"LSIS profesin\u0117s etikos komisija","breadcrumb":{"@id":"https:\/\/lsis.lt\/en\/etikos-komisijos-nariai\/#breadcrumb"},"inLanguage":"en-US","potentialAction":[{"@type":"ReadAction","target":["https:\/\/lsis.lt\/en\/etikos-komisijos-nariai\/"]}]},{"@type":"BreadcrumbList","@id":"https:\/\/lsis.lt\/en\/etikos-komisijos-nariai\/#breadcrumb","itemListElement":[{"@type":"ListItem","position":1,"name":"Home","item":"https:\/\/lsis.lt\/en\/"},{"@type":"ListItem","position":2,"name":"Etikos komisijos nariai"}]},{"@type":"WebSite","@id":"https:\/\/lsis.lt\/#website","url":"https:\/\/lsis.lt\/","name":"LIETUVOS STATYBOS IN\u017dINIERI\u0172 S\u0104JUNGA","description":"#ProudToBeAnEngineer","potentialAction":[{"@type":"SearchAction","target":{"@type":"EntryPoint","urlTemplate":"https:\/\/lsis.lt\/?s={search_term_string}"},"query-input":{"@type":"PropertyValueSpecification","valueRequired":true,"valueName":"search_term_string"}}],"inLanguage":"en-US"}]}},"_links":{"self":[{"href":"https:\/\/lsis.lt\/en\/wp-json\/wp\/v2\/pages\/3580","targetHints":{"allow":["GET"]}}],"collection":[{"href":"https:\/\/lsis.lt\/en\/wp-json\/wp\/v2\/pages"}],"about":[{"href":"https:\/\/lsis.lt\/en\/wp-json\/wp\/v2\/types\/page"}],"author":[{"embeddable":true,"href":"https:\/\/lsis.lt\/en\/wp-json\/wp\/v2\/users\/1"}],"replies":[{"embeddable":true,"href":"https:\/\/lsis.lt\/en\/wp-json\/wp\/v2\/comments?post=3580"}],"version-history":[{"count":19,"href":"https:\/\/lsis.lt\/en\/wp-json\/wp\/v2\/pages\/3580\/revisions"}],"predecessor-version":[{"id":15343,"href":"https:\/\/lsis.lt\/en\/wp-json\/wp\/v2\/pages\/3580\/revisions\/15343"}],"wp:attachment":[{"href":"https:\/\/lsis.lt\/en\/wp-json\/wp\/v2\/media?parent=3580"}],"curies":[{"name":"wp","href":"https:\/\/api.w.org\/{rel}","templated":true}]}}