{"id":3581,"date":"2019-03-06T16:19:14","date_gmt":"2019-03-06T14:19:14","guid":{"rendered":"http:\/\/lsis.lt\/komisijos-reglamentas\/"},"modified":"2019-03-06T16:19:14","modified_gmt":"2019-03-06T14:19:14","slug":"komisijos-reglamentas","status":"publish","type":"page","link":"https:\/\/lsis.lt\/en\/komisijos-reglamentas\/","title":{"rendered":"Komisijos reglamentas"},"content":{"rendered":"<p><\/p>\n<p><img decoding=\"async\" src=\"https:\/\/lsis.lt\/wp-content\/uploads\/2019\/03\/265-150x150.png\" alt=\"\" width=\"150\" height=\"150\" \/><\/p>\n<p style=\"text-align: center;\"><strong>LIETUVOS STATYBOS IN\u017dINIERI\u0172 S\u0104JUNGOS PROFESIN\u0116S ETIKOS KOMISIJOS DARBO REGLAMENTAS<\/strong><\/p>\n<p style=\"text-align: center;\"><\/p>\n<p><\/p>\n<p>Lietuvos statybos in\u017einieri\u0173 s\u0105jungos (toliau \u2013 LSIS) Profesin\u0117s etikos komisija (toliau \u2013 Komisija) savo veikloje vadovaujasi LSIS \u012fstatais ir Statybos in\u017einieriaus profesin\u0117s etikos kodeksu (toliau \u2013 Kodeksu).<\/p>\n<p><\/p>\n<p><strong>Komisijos sudarymas<\/strong><br \/>1. LSIS Profesin\u0117s etikos komisij\u0105 sudaroma i\u0161 3 nari\u0173, kuriuos 4 met\u0173 laikotarpiui i\u0161renka LSIS susirinkimas.<br \/>2. Komisija parengia ir paprasta bals\u0173 dauguma patvirtina savo darbo reglament\u0105.<br \/>3. Komisija i\u0161 savo nari\u0173 i\u0161renka komisijos pirminink\u0105.<br \/>4. Komisijos nariui pasitraukus i\u0161 Komisijos, LSIS susirinkimas i\u0161renka nauj\u0105 Komisijos nar\u012f su \u012fgaliojimais dirbti iki 4 met\u0173 kadencijos, kai buvo i\u0161rinkta dabartin\u0117 Komisija, pabaigos.<\/p>\n<p><\/p>\n<p><strong>Komisijos veiklos sritis<\/strong><br \/>5. Komisija priima ir svarsto parei\u0161kimus apie statybos in\u017einieri\u0173 profesin\u0117s etikos pa\u017eeidimus, kilusius d\u0117l profesini\u0173 veiksm\u0173 Lietuvos Respublikos teritorijoje.<br \/>6. Komisija svarsto pasi\u016blymus tobulinti Kodeks\u0105 arba pati inicijuoja jo pataisas ir pateikia jas tvirtinti LSIS susirinkimui.<\/p>\n<p><\/p>\n<p><strong>Komisijos veiklos organizavimas<\/strong><br \/>7. Komisijos pos\u0117d\u017eiai kvie\u010diami pagal reikal\u0105 \u2013 gavus konkret\u0173 parei\u0161kim\u0105 arba siekiant inicijuoti Statybos in\u017einieriaus profesin\u0117s etikos kodekso pataisas.<br \/>8. Komisija savo darb\u0105 gali organizuoti ir sprendimus priimti nuotoliniu b\u016bdu.<br \/>9. Komisijos pos\u0117d\u017eius kvie\u010dia ir jiems vadovauja Komisijos pirmininkas.<br \/>10. Jeigu gautas parei\u0161kimas lie\u010dia Komisijos nar\u012f, jis balsuojant nedalyvauja.<br \/>11. Komisijos sprendimai yra teis\u0117ti, jei pos\u0117dyje dalyvauja ne ma\u017eiau kaip du Komisijos nariai.<br \/>12. Komisijos sprendimai priimami paprasta bals\u0173 dauguma.<br \/>13. Komisijos pirmininkui vengiant kviesti pos\u0117d\u012f ar to negalint padaryti, j\u012f sukvie\u010dia LSIS prezidentas.<\/p>\n<p><\/p>\n<p><strong>Skund\u0173 nagrin\u0117jimas<\/strong><br \/>14. Parei\u0161kimus Komisijai gali teikti bet kuris Lietuvos Respublikos pilietis ar instituticija. D\u0117l profesin\u0117s etikos pa\u017eeidim\u0173 galima kreiptis ne v\u0117liau kaip per metus nuo tos dienos, kai pa\u017eeidimas padarytas ar jis paai\u0161k\u0117jo. \u0160is terminas, esant svarbioms parei\u0161kime nurodyto pa\u017eeidimo aplinkyb\u0117ms, Komisijos argumentuotu sprendimu gali b\u016bti prat\u0119stas iki dvej\u0173 met\u0173.<br \/>15. Parei\u0161kimai d\u0117l galim\u0173 profesin\u0117s etikos pa\u017eeidim\u0173 pateikiami Komisijos pirmininkui ra\u0161tu, jie atsiun\u010diami LSIS b\u016bstin\u0117s adresu. Priimami svarstyti tik ai\u0161kiai motyvuoti parei\u0161kimai. Anoniminiai parei\u0161kimai nesvarstomi.<br \/>16. Komisija gaut\u0105 parei\u0161kim\u0105 i\u0161nagrin\u0117ja, sprendim\u0105 priima ir parei\u0161k\u0117jui ra\u0161tu atsako per pagr\u012fst\u0105 laikotarp\u012f.<br \/>17. Statybos in\u017einierius, kur\u012f lie\u010dia gautas parei\u0161kimas, yra informuojamas apie jo turin\u012f ir turi teis\u0119 dalyvauti Komisijos pos\u0117dyje, kuriame toks parei\u0161kimas svarstomas.<br \/>18. Komisijos nariai privalo laikytis konfidencialumo ir neskleisti informacijos apie tiriam\u0105 med\u017eiag\u0105, kai tiriamas konkretus parei\u0161kimas.\u00a0\u00a0\u00a0<\/p>\n<p><\/p>\n<p><strong>Komisijos sprendimai<\/strong><br \/>19. Komisija svarstomais klausimais priima sprendimus, i\u0161vadas, parei\u0161kimus ar kitokius dokumentus.<br \/>20. Visi komisijos sprendimai, \u012fskaitant tai, jog LSIS narys ar LSIS nepriklausantis statybos in\u017einierius nepa\u017eeid\u0117 Kodekso, skelbiami LSIS tinklalapyje, skyrelyje Etikos komisija\/Sprendimai<\/p>\n<p><\/p>\n<p><\/p>\t\t\n\t\t\t<a href=\"#\" role=\"button\">\n\t\t\t\t\t\tK\u0105 daryti jeigu pasteb\u0117jau etikos kodekso pa\u017eeidim\u0105? \n\t\t\t\t\t<\/a>\n\t\t<p>J\u016bs galite prane\u0161ti apie pa\u017eeidim\u0105 anonimi\u0161kai ir nedalyvauti svarstyme. Tokiu atveju kuo detaliau apra\u0161ykite situacij\u0105, pa\u017eeidim\u0105, asmen\u012f\u00a0 ir\/ar \u012fmon\u0119 neeti\u0161kai vykdan\u010dius veikl\u0105, nurodant j\u0173 kontaktinius duomenis.\u00a0<\/p>\n<p>Prisekite\/atsi\u0173skite dokumentus, nuotraukas pagrind\u017eian\u010dius faktus. Nepakankant duomen\u0173, negal\u0117sime prad\u0117ti tyrimo. Garantuojame anonimi\u0161kum\u0105.\u00a0<\/p>\n<div class=\"wpcf7 no-js\" id=\"wpcf7-f2396-o1\" lang=\"en-US\" dir=\"ltr\" data-wpcf7-id=\"2396\">\n<div class=\"screen-reader-response\"><p role=\"status\" aria-live=\"polite\" aria-atomic=\"true\"><\/p> <ul><\/ul><\/div>\n<form action=\"\/en\/wp-json\/wp\/v2\/pages\/3581#wpcf7-f2396-o1\" method=\"post\" class=\"wpcf7-form init\" aria-label=\"Contact form\" enctype=\"multipart\/form-data\" novalidate=\"novalidate\" data-status=\"init\">\n<fieldset class=\"hidden-fields-container\"><input type=\"hidden\" name=\"_wpcf7\" value=\"2396\" \/><input type=\"hidden\" name=\"_wpcf7_version\" value=\"6.1.5\" \/><input type=\"hidden\" name=\"_wpcf7_locale\" value=\"en_US\" \/><input type=\"hidden\" name=\"_wpcf7_unit_tag\" value=\"wpcf7-f2396-o1\" \/><input type=\"hidden\" name=\"_wpcf7_container_post\" value=\"0\" \/><input type=\"hidden\" name=\"_wpcf7_posted_data_hash\" value=\"\" \/><input type=\"hidden\" name=\"_wpcf7_recaptcha_response\" value=\"\" \/>\n<\/fieldset>\n<p><label> J\u016bs\u0173 Vardas<br \/>\n<span class=\"wpcf7-form-control-wrap\" data-name=\"your-name\"><input size=\"40\" maxlength=\"400\" class=\"wpcf7-form-control wpcf7-text\" aria-invalid=\"false\" value=\"\" type=\"text\" name=\"your-name\" \/><\/span> <\/label>\n<\/p>\n<p><label> J\u016bs\u0173 El.pa\u0161tas<br \/>\n<span class=\"wpcf7-form-control-wrap\" data-name=\"your-email\"><input size=\"40\" maxlength=\"400\" class=\"wpcf7-form-control wpcf7-email wpcf7-text wpcf7-validates-as-email\" aria-invalid=\"false\" value=\"\" type=\"email\" name=\"your-email\" \/><\/span> <\/label>\n<\/p>\n<p><label> J\u016bs\u0173 Tel.Nr<br \/>\n<span class=\"wpcf7-form-control-wrap\" data-name=\"text-6\"><input size=\"40\" maxlength=\"400\" class=\"wpcf7-form-control wpcf7-text\" aria-invalid=\"false\" value=\"\" type=\"text\" name=\"text-6\" \/><\/span> <\/label>\n<\/p>\n<p><label> J\u016bs\u0173 \u017einut\u0117 (privalomas)<br \/>\n<span class=\"wpcf7-form-control-wrap\" data-name=\"your-message\"><textarea cols=\"40\" rows=\"10\" maxlength=\"2000\" class=\"wpcf7-form-control wpcf7-textarea wpcf7-validates-as-required\" aria-required=\"true\" aria-invalid=\"false\" name=\"your-message\"><\/textarea><\/span> <\/label>\n<\/p>\n<p><label>Failai<\/label>\n<\/p>\n<p><span class=\"wpcf7-form-control-wrap\" data-name=\"file-01\"><input size=\"40\" class=\"wpcf7-form-control wpcf7-file\" accept=\".pdf,.jpg,.jpeg,.png\" aria-invalid=\"false\" type=\"file\" name=\"file-01\" \/><\/span>\n<\/p>\n<p><span class=\"wpcf7-form-control-wrap\" data-name=\"file-02\"><input size=\"40\" class=\"wpcf7-form-control wpcf7-file\" accept=\".pdf,.jpg,.jpeg,.png\" aria-invalid=\"false\" type=\"file\" name=\"file-02\" \/><\/span>\n<\/p>\n<p><span class=\"wpcf7-form-control-wrap\" data-name=\"file-03\"><input size=\"40\" class=\"wpcf7-form-control wpcf7-file\" accept=\".pdf,.jpg,.jpeg,.png\" aria-invalid=\"false\" type=\"file\" name=\"file-03\" \/><\/span>\n<\/p>\n<p><label class=\"d-flex\"><span class=\"wpcf7-form-control-wrap\" data-name=\"acceptance-633\"><span class=\"wpcf7-form-control wpcf7-acceptance\"><span class=\"wpcf7-list-item\"><label><input type=\"checkbox\" name=\"acceptance-633\" value=\"1\" aria-invalid=\"false\" \/><span class=\"wpcf7-list-item-label\">Suprantu, jog pateikiu savo asmens duomenis su tikslu prane\u0161ti apie pa\u017eeidim\u0105. Susipa\u017einti su duomen\u0173 tvarkymo politika ir nuostatais galite <a href=\"https:\/\/lsis.lt\/duomenu-tvarkymo-politika\/\">\u010dia<\/a>.<\/span><\/label><\/span><\/span><\/span> <\/label>\n<\/p>\n<p><input class=\"wpcf7-form-control wpcf7-submit has-spinner\" type=\"submit\" value=\"Si\u0173sti\" \/>\n<\/p><p style=\"display: none !important;\" class=\"akismet-fields-container\" data-prefix=\"_wpcf7_ak_\"><label>&#916;<textarea name=\"_wpcf7_ak_hp_textarea\" cols=\"45\" rows=\"8\" maxlength=\"100\"><\/textarea><\/label><input type=\"hidden\" id=\"ak_js_1\" name=\"_wpcf7_ak_js\" value=\"229\"\/><script>document.getElementById( \"ak_js_1\" ).setAttribute( \"value\", ( new Date() ).getTime() );<\/script><\/p><div class=\"wpcf7-response-output\" aria-hidden=\"true\"><\/div>\n<\/form>\n<\/div>\n","protected":false},"excerpt":{"rendered":"<p>LIETUVOS STATYBOS IN\u017dINIERI\u0172 S\u0104JUNGOS PROFESIN\u0116S ETIKOS KOMISIJOS DARBO REGLAMENTAS Lietuvos statybos in\u017einieri\u0173 s\u0105jungos (toliau \u2013 LSIS) Profesin\u0117s etikos komisija (toliau \u2013 Komisija) savo veikloje vadovaujasi LSIS \u012fstatais ir Statybos in\u017einieriaus [&hellip;]<\/p>\n","protected":false},"author":1,"featured_media":0,"parent":0,"menu_order":0,"comment_status":"closed","ping_status":"closed","template":"","meta":{"footnotes":""},"class_list":["post-3581","page","type-page","status-publish","hentry"],"yoast_head":"<!-- This site is optimized with the Yoast SEO plugin v26.8 - https:\/\/yoast.com\/product\/yoast-seo-wordpress\/ -->\n<title>Komisijos reglamentas - LIETUVOS STATYBOS IN\u017dINIERI\u0172 S\u0104JUNGA<\/title>\n<meta name=\"robots\" content=\"index, follow, max-snippet:-1, max-image-preview:large, max-video-preview:-1\" \/>\n<link rel=\"canonical\" href=\"https:\/\/lsis.lt\/en\/komisijos-reglamentas\/\" \/>\n<meta property=\"og:locale\" content=\"en_US\" \/>\n<meta property=\"og:type\" content=\"article\" \/>\n<meta property=\"og:title\" content=\"Komisijos reglamentas - LIETUVOS STATYBOS IN\u017dINIERI\u0172 S\u0104JUNGA\" \/>\n<meta property=\"og:description\" content=\"LIETUVOS STATYBOS IN\u017dINIERI\u0172 S\u0104JUNGOS PROFESIN\u0116S ETIKOS KOMISIJOS DARBO REGLAMENTAS Lietuvos statybos in\u017einieri\u0173 s\u0105jungos (toliau \u2013 LSIS) Profesin\u0117s etikos komisija (toliau \u2013 Komisija) savo veikloje vadovaujasi LSIS \u012fstatais ir Statybos in\u017einieriaus [&hellip;]\" \/>\n<meta property=\"og:url\" content=\"https:\/\/lsis.lt\/en\/komisijos-reglamentas\/\" \/>\n<meta property=\"og:site_name\" content=\"LIETUVOS STATYBOS IN\u017dINIERI\u0172 S\u0104JUNGA\" \/>\n<meta property=\"og:image\" content=\"https:\/\/lsis.lt\/wp-content\/uploads\/2019\/03\/265-150x150.png\" \/>\n<meta name=\"twitter:card\" content=\"summary_large_image\" \/>\n<meta name=\"twitter:label1\" content=\"Est. reading time\" \/>\n\t<meta name=\"twitter:data1\" content=\"3 minutes\" \/>\n<script type=\"application\/ld+json\" class=\"yoast-schema-graph\">{\"@context\":\"https:\/\/schema.org\",\"@graph\":[{\"@type\":\"WebPage\",\"@id\":\"https:\/\/lsis.lt\/en\/komisijos-reglamentas\/\",\"url\":\"https:\/\/lsis.lt\/en\/komisijos-reglamentas\/\",\"name\":\"Komisijos reglamentas - LIETUVOS STATYBOS IN\u017dINIERI\u0172 S\u0104JUNGA\",\"isPartOf\":{\"@id\":\"https:\/\/lsis.lt\/#website\"},\"primaryImageOfPage\":{\"@id\":\"https:\/\/lsis.lt\/en\/komisijos-reglamentas\/#primaryimage\"},\"image\":{\"@id\":\"https:\/\/lsis.lt\/en\/komisijos-reglamentas\/#primaryimage\"},\"thumbnailUrl\":\"https:\/\/lsis.lt\/wp-content\/uploads\/2019\/03\/265-150x150.png\",\"datePublished\":\"2019-03-06T14:19:14+00:00\",\"breadcrumb\":{\"@id\":\"https:\/\/lsis.lt\/en\/komisijos-reglamentas\/#breadcrumb\"},\"inLanguage\":\"en-US\",\"potentialAction\":[{\"@type\":\"ReadAction\",\"target\":[\"https:\/\/lsis.lt\/en\/komisijos-reglamentas\/\"]}]},{\"@type\":\"ImageObject\",\"inLanguage\":\"en-US\",\"@id\":\"https:\/\/lsis.lt\/en\/komisijos-reglamentas\/#primaryimage\",\"url\":\"https:\/\/lsis.lt\/wp-content\/uploads\/2019\/03\/265-150x150.png\",\"contentUrl\":\"https:\/\/lsis.lt\/wp-content\/uploads\/2019\/03\/265-150x150.png\"},{\"@type\":\"BreadcrumbList\",\"@id\":\"https:\/\/lsis.lt\/en\/komisijos-reglamentas\/#breadcrumb\",\"itemListElement\":[{\"@type\":\"ListItem\",\"position\":1,\"name\":\"Home\",\"item\":\"https:\/\/lsis.lt\/en\/\"},{\"@type\":\"ListItem\",\"position\":2,\"name\":\"Komisijos reglamentas\"}]},{\"@type\":\"WebSite\",\"@id\":\"https:\/\/lsis.lt\/#website\",\"url\":\"https:\/\/lsis.lt\/\",\"name\":\"LIETUVOS STATYBOS IN\u017dINIERI\u0172 S\u0104JUNGA\",\"description\":\"#ProudToBeAnEngineer\",\"potentialAction\":[{\"@type\":\"SearchAction\",\"target\":{\"@type\":\"EntryPoint\",\"urlTemplate\":\"https:\/\/lsis.lt\/?s={search_term_string}\"},\"query-input\":{\"@type\":\"PropertyValueSpecification\",\"valueRequired\":true,\"valueName\":\"search_term_string\"}}],\"inLanguage\":\"en-US\"}]}<\/script>\n<!-- \/ Yoast SEO plugin. -->","yoast_head_json":{"title":"Komisijos reglamentas - LIETUVOS STATYBOS IN\u017dINIERI\u0172 S\u0104JUNGA","robots":{"index":"index","follow":"follow","max-snippet":"max-snippet:-1","max-image-preview":"max-image-preview:large","max-video-preview":"max-video-preview:-1"},"canonical":"https:\/\/lsis.lt\/en\/komisijos-reglamentas\/","og_locale":"en_US","og_type":"article","og_title":"Komisijos reglamentas - LIETUVOS STATYBOS IN\u017dINIERI\u0172 S\u0104JUNGA","og_description":"LIETUVOS STATYBOS IN\u017dINIERI\u0172 S\u0104JUNGOS PROFESIN\u0116S ETIKOS KOMISIJOS DARBO REGLAMENTAS Lietuvos statybos in\u017einieri\u0173 s\u0105jungos (toliau \u2013 LSIS) Profesin\u0117s etikos komisija (toliau \u2013 Komisija) savo veikloje vadovaujasi LSIS \u012fstatais ir Statybos in\u017einieriaus [&hellip;]","og_url":"https:\/\/lsis.lt\/en\/komisijos-reglamentas\/","og_site_name":"LIETUVOS STATYBOS IN\u017dINIERI\u0172 S\u0104JUNGA","og_image":[{"url":"https:\/\/lsis.lt\/wp-content\/uploads\/2019\/03\/265-150x150.png","type":"","width":"","height":""}],"twitter_card":"summary_large_image","twitter_misc":{"Est. reading time":"3 minutes"},"schema":{"@context":"https:\/\/schema.org","@graph":[{"@type":"WebPage","@id":"https:\/\/lsis.lt\/en\/komisijos-reglamentas\/","url":"https:\/\/lsis.lt\/en\/komisijos-reglamentas\/","name":"Komisijos reglamentas - LIETUVOS STATYBOS IN\u017dINIERI\u0172 S\u0104JUNGA","isPartOf":{"@id":"https:\/\/lsis.lt\/#website"},"primaryImageOfPage":{"@id":"https:\/\/lsis.lt\/en\/komisijos-reglamentas\/#primaryimage"},"image":{"@id":"https:\/\/lsis.lt\/en\/komisijos-reglamentas\/#primaryimage"},"thumbnailUrl":"https:\/\/lsis.lt\/wp-content\/uploads\/2019\/03\/265-150x150.png","datePublished":"2019-03-06T14:19:14+00:00","breadcrumb":{"@id":"https:\/\/lsis.lt\/en\/komisijos-reglamentas\/#breadcrumb"},"inLanguage":"en-US","potentialAction":[{"@type":"ReadAction","target":["https:\/\/lsis.lt\/en\/komisijos-reglamentas\/"]}]},{"@type":"ImageObject","inLanguage":"en-US","@id":"https:\/\/lsis.lt\/en\/komisijos-reglamentas\/#primaryimage","url":"https:\/\/lsis.lt\/wp-content\/uploads\/2019\/03\/265-150x150.png","contentUrl":"https:\/\/lsis.lt\/wp-content\/uploads\/2019\/03\/265-150x150.png"},{"@type":"BreadcrumbList","@id":"https:\/\/lsis.lt\/en\/komisijos-reglamentas\/#breadcrumb","itemListElement":[{"@type":"ListItem","position":1,"name":"Home","item":"https:\/\/lsis.lt\/en\/"},{"@type":"ListItem","position":2,"name":"Komisijos reglamentas"}]},{"@type":"WebSite","@id":"https:\/\/lsis.lt\/#website","url":"https:\/\/lsis.lt\/","name":"LIETUVOS STATYBOS IN\u017dINIERI\u0172 S\u0104JUNGA","description":"#ProudToBeAnEngineer","potentialAction":[{"@type":"SearchAction","target":{"@type":"EntryPoint","urlTemplate":"https:\/\/lsis.lt\/?s={search_term_string}"},"query-input":{"@type":"PropertyValueSpecification","valueRequired":true,"valueName":"search_term_string"}}],"inLanguage":"en-US"}]}},"_links":{"self":[{"href":"https:\/\/lsis.lt\/en\/wp-json\/wp\/v2\/pages\/3581","targetHints":{"allow":["GET"]}}],"collection":[{"href":"https:\/\/lsis.lt\/en\/wp-json\/wp\/v2\/pages"}],"about":[{"href":"https:\/\/lsis.lt\/en\/wp-json\/wp\/v2\/types\/page"}],"author":[{"embeddable":true,"href":"https:\/\/lsis.lt\/en\/wp-json\/wp\/v2\/users\/1"}],"replies":[{"embeddable":true,"href":"https:\/\/lsis.lt\/en\/wp-json\/wp\/v2\/comments?post=3581"}],"version-history":[{"count":0,"href":"https:\/\/lsis.lt\/en\/wp-json\/wp\/v2\/pages\/3581\/revisions"}],"wp:attachment":[{"href":"https:\/\/lsis.lt\/en\/wp-json\/wp\/v2\/media?parent=3581"}],"curies":[{"name":"wp","href":"https:\/\/api.w.org\/{rel}","templated":true}]}}