{"id":3585,"date":"2019-03-06T15:38:15","date_gmt":"2019-03-06T13:38:15","guid":{"rendered":"http:\/\/lsis.lt\/etikos-kodeksas\/"},"modified":"2019-12-13T12:31:23","modified_gmt":"2019-12-13T10:31:23","slug":"etikos-kodeksas","status":"publish","type":"page","link":"https:\/\/lsis.lt\/en\/etikos-kodeksas\/","title":{"rendered":"Etikos kodeksas"},"content":{"rendered":"<p><\/p>\n<figure><img decoding=\"async\" src=\"http:\/\/dev.raibec.com\/lsis\/wp-content\/uploads\/2019\/03\/lsis-756-1.png\" alt=\"\" width=\"190\" height=\"189\" \/><\/figure>\n<p><\/p>\n<p style=\"text-align: center;\"><strong>STATYBOS IN\u017dINIERIAUS PROFESIN\u0116S ETIKOS KODEKSAS<\/strong> <strong>2019, Vilnius<\/strong><\/p>\n<p><\/p>\n<p>B\u016bdama Europos statybos in\u017einieri\u0173 tarybos (European Council of Civil Engineers, ECCE) nare, Lietuvos statybos in\u017einieri\u0173 s\u0105junga pripa\u017e\u012fsta ECCE profesin\u0117s etikos kodeks\u0105 ir rekomenduoja jo laikytis savo nariams bei visiems statybos in\u017einieriams.<br \/>Statybos in\u017einierius turi siekti gerinti \u017emonijos gyvenimo s\u0105lygas, visada r\u016bpinantis gyvyb\u0117s, sveikatos ir turto saugumu.<br \/>Statybos in\u017einierius tarnauja visuomenei ir puosel\u0117ja kult\u016br\u0105 ir gyvenimo kokyb\u0119.<br \/>Statybos in\u017einierius turi atsi\u017evelgti \u012f dabarties poreikius ir juos analizuoti, numatydamas ateities vystymosi tendencijas.<br \/>Statybos in\u017einierius \u0161iuo Kodeksu kaip dinami\u0161k\u0173 princip\u0173 rinkiniu vadovaujasi aktyviai, ir n\u0117ra pasyvus steb\u0117tojas.<\/p>\n<p><strong>1. Visuomen\u0117\u00a0<\/strong><br \/><strong>In\u017einierius:\u00a0<\/strong><br \/>1. veikia s\u0105\u017einingai ir atsi\u017evelgdamas \u012f teis\u0117tus visuomen\u0117s interesus; <br \/>2. atsi\u017evelgia \u012f visuomen\u0117s ir kit\u0173 koleg\u0173 bei darbuotoj\u0173 sveikatos ir saugumo reikalavimus; <br \/>3. savo profesine veikla prisideda prie visuomen\u0117s informavimo apie statybos in\u017einerijos naud\u0105; <br \/>4. profesin\u0119 nuomon\u0119 rei\u0161kia atsakingai, tik tur\u0117damas tinkamas \u017einias, patikim\u0105 informacij\u0105; <br \/>5. neima neteis\u0117to atlygio bet kokia forma; <br \/>6. visuomeniniuose santykiuose siekia b\u016bti konstruktyvus; <br \/>7. gerbia ir padeda i\u0161saugoti bei puosel\u0117ti visuomen\u0117s aplink\u0105 ir vertybi\u0173 sistem\u0105 bei kult\u016bros paveld\u0105.<\/p>\n<p><\/p>\n<p><strong>2. Aplinka\u00a0<\/strong><br \/><strong>In\u017einierius: <\/strong><br \/>1. suvokia savo darbo poveik\u012f visuomenei ir gamtinei aplinkai;<br \/>2. siekia, kad vystymasis ir poky\u010diai b\u016bt\u0173 tvar\u016bs; <br \/>3. naudojasi kiekviena galimybe, kad gerint\u0173 aplink\u0105 ir tobulint\u0173 gyvenimo kokyb\u0119;<br \/>4. pripa\u017e\u012fsta planetos ekologini\u0173 sistem\u0173 tarpusavio priklausomyb\u0119 ir j\u0173 geb\u0117jim\u0105 su\u0161velninti poky\u010dius, kylan\u010dius d\u0117l statyb\u0173 in\u017einerijos veiklos; <br \/>5. siekia apsaugoti aplink\u0105 nuo bet kokio neigiamo profesin\u0117s veiklos \u0161alutinio poveikio;<br \/>6. skatina atsinaujinan\u010di\u0173 energijos \u0161altini\u0173 ir perdirbt\u0173 i\u0161tekli\u0173 naudojim\u0105;<br \/>7. savo darbu nuolat gerina aplink\u0105 ir visuomen\u0117s gyvenimo kokyb\u0119 bei atsi\u017evelgia \u012f efektyv\u0173 \u017ealiav\u0173 naudojim\u0105.<\/p>\n<p><\/p>\n<p><strong>3. Profesija<\/strong><br \/><strong>In\u017einierius:<\/strong><br \/>1. laikosi savo profesijos standart\u0173 ir siekia nuolat didinti profesin\u012f efektyvum\u0105;<br \/>2. vengia bet kokio elgesio, kuris pa\u017eemint\u0173 ar pakenkt\u0173 profesijos garbei ir orumui; <br \/>3. siekia apsaugoti savo profesij\u0105 nuo netinkamo atstovavimo;<br \/>4. neteikia, nereklamuoja ir nepristato klaidinan\u010dios ir apgaulingos informacijos apie save ir savo profesij\u0105, neleid\u017eia taip elgtis kitiems;<br \/>5. vengia su profesiniais \u012fsipareigojimais nesuderinam\u0173 situacij\u0173 arba situacij\u0173, kurios gal\u0117t\u0173 kelti abejoni\u0173 d\u0117l ne\u0161ali\u0161kumo ar s\u0105\u017einingumo;<br \/>6. nerengia dokumento, kuris prie\u0161tarauja turimai informacijai ar profesionaliai nuomonei arba dokumentas gali klaidinti ar kitaip diskredituoti profesij\u0105.<\/p>\n<p><\/p>\n<p><strong>4. Klientai ir darbdaviai<\/strong><br \/><strong>In\u017einierius:<\/strong><br \/>1. veikia kaip i\u0161tikimas savo kliento ar darbdavio atstovas, i\u0161lieka s\u0105\u017einingas ir teisingas visoms \u0161alims; <br \/>2. savo klientui ar darbdaviui paai\u0161kina bet kok\u012f savo interes\u0105 arba galim\u0105 interes\u0173 konflikt\u0105;<br \/>3. u\u017etikrina, kad veikla nekelia pavojaus gyvybei ar turtui arba jei toks pavojus egzistuoja, tai turi informuoti visas suinteresuotas \u0161alis;<br \/>4. savo klientui ar darbdaviui tinkamai paai\u0161kina pasekmes, jei jo in\u017einerinis sprendimas bus nugin\u010dytas; <br \/>5. neatskleid\u017eia konfidencialios arba verslo informacijos apie savo klient\u0105 ar darbdav\u012f be j\u0173 sutikimo; <br \/>6. nepriima tre\u010di\u0173j\u0173 \u0161ali\u0173 u\u017emokes\u010dio d\u0117l savo veiksm\u0173 kliento ar darbdavio at\u017evilgiu; <br \/>7. savo klientui ar darbdaviui atskleid\u017eia visus interesus savo veikloje, kuri gali b\u016bti suprantama kaip konkurencin\u0117;<br \/>8. neima atlygio u\u017e veikl\u0105, kuria jis n\u0117ra kompetentingas u\u017esiimti; <br \/>9. savo klient\u0105 ar darbdav\u012f informuoja, kai paai\u0161k\u0117ja, kad projektas gali b\u016bti nes\u0117kmingas; <br \/>10. informuoja savo darbdav\u012f apie kit\u0105 savo profesin\u0119 veikl\u0105 u\u017e savo organizacijos rib\u0173; <br \/>11. pagarbiai \u017ei\u016bri \u012f vartotojo poreikius ir reikalavimus, jei \u0161ie poreikiai ir reikalavimai neprie\u0161tarauja \u0161io kodekso principams ir j\u0173 taikymui. Esant numatomam prie\u0161taravimui, in\u017einierius nedelsdamas informuoja vartotoj\u0105.<\/p>\n<p><\/p>\n<p><strong>5. Kiti statybos in\u017einieriai<\/strong><br \/><strong>In\u017einierius:<\/strong><br \/>1. pripa\u017e\u012fsta kit\u0173 in\u017einieri\u0173 nuopelnus; <br \/>2. r\u016bpinasi savo, kit\u0173 in\u017einieri\u0173 ir perspektyvi\u0173 profesijos atstov\u0173 tobul\u0117jimu ir mokymusi; <br \/>3. nekenkia kito in\u017einieriaus profesinei reputacijai, galimyb\u0117ms ir veiklai;<br \/>4. prane\u0161a atitinkamai institucijai apie kito in\u017einieriaus galimus pa\u017eeidimus, neeti\u0161k\u0105 ar neteis\u0117t\u0105 veikl\u0105.<\/p>\n<p><a href=\"https:\/\/lsis.lt\/wp-content\/uploads\/2019\/12\/Statybos-in\u017einieriaus-profesin\u0117s-etikos-kodeksas.jpg\"><b>Atsisi\u0173sti PDF<\/b><\/a><\/p>\n<p>\u00a0<\/p>\n<p><\/p>\t\t\n\t\t\t<a href=\"#\" role=\"button\">\n\t\t\t\t\t\tK\u0105 daryti jeigu pasteb\u0117jau etikos kodekso pa\u017eeidim\u0105?\n\t\t\t\t\t<\/a>\n\t\t<p>J\u016bs galite prane\u0161ti apie pa\u017eeidim\u0105 anonimi\u0161kai ir nedalyvauti svarstyme. Tokiu atveju kuo detaliau apra\u0161ykite situacij\u0105, pa\u017eeidim\u0105, asmen\u012f\u00a0 ir\/ar \u012fmon\u0119 neeti\u0161kai vykdan\u010dius veikl\u0105, nurodant j\u0173 kontaktinius duomenis.<\/p>\n<p>Prisekite\/atsi\u0173skite dokumentus, nuotraukas pagrind\u017eian\u010dius faktus. Nepakankant duomen\u0173, negal\u0117sime prad\u0117ti tyrimo. Garantuojame anonimi\u0161kum\u0105.\u00a0<\/p>\n<div class=\"wpcf7 no-js\" id=\"wpcf7-f2396-o1\" lang=\"en-US\" dir=\"ltr\" data-wpcf7-id=\"2396\">\n<div class=\"screen-reader-response\"><p role=\"status\" aria-live=\"polite\" aria-atomic=\"true\"><\/p> <ul><\/ul><\/div>\n<form action=\"\/en\/wp-json\/wp\/v2\/pages\/3585#wpcf7-f2396-o1\" method=\"post\" class=\"wpcf7-form init\" aria-label=\"Contact form\" enctype=\"multipart\/form-data\" novalidate=\"novalidate\" data-status=\"init\">\n<fieldset class=\"hidden-fields-container\"><input type=\"hidden\" name=\"_wpcf7\" value=\"2396\" \/><input type=\"hidden\" name=\"_wpcf7_version\" value=\"6.1.5\" \/><input type=\"hidden\" name=\"_wpcf7_locale\" value=\"en_US\" \/><input type=\"hidden\" name=\"_wpcf7_unit_tag\" value=\"wpcf7-f2396-o1\" \/><input type=\"hidden\" name=\"_wpcf7_container_post\" value=\"0\" \/><input type=\"hidden\" name=\"_wpcf7_posted_data_hash\" value=\"\" \/><input type=\"hidden\" name=\"_wpcf7_recaptcha_response\" value=\"\" \/>\n<\/fieldset>\n<p><label> J\u016bs\u0173 Vardas<br \/>\n<span class=\"wpcf7-form-control-wrap\" data-name=\"your-name\"><input size=\"40\" maxlength=\"400\" class=\"wpcf7-form-control wpcf7-text\" aria-invalid=\"false\" value=\"\" type=\"text\" name=\"your-name\" \/><\/span> <\/label>\n<\/p>\n<p><label> J\u016bs\u0173 El.pa\u0161tas<br \/>\n<span class=\"wpcf7-form-control-wrap\" data-name=\"your-email\"><input size=\"40\" maxlength=\"400\" class=\"wpcf7-form-control wpcf7-email wpcf7-text wpcf7-validates-as-email\" aria-invalid=\"false\" value=\"\" type=\"email\" name=\"your-email\" \/><\/span> <\/label>\n<\/p>\n<p><label> J\u016bs\u0173 Tel.Nr<br \/>\n<span class=\"wpcf7-form-control-wrap\" data-name=\"text-6\"><input size=\"40\" maxlength=\"400\" class=\"wpcf7-form-control wpcf7-text\" aria-invalid=\"false\" value=\"\" type=\"text\" name=\"text-6\" \/><\/span> <\/label>\n<\/p>\n<p><label> J\u016bs\u0173 \u017einut\u0117 (privalomas)<br \/>\n<span class=\"wpcf7-form-control-wrap\" data-name=\"your-message\"><textarea cols=\"40\" rows=\"10\" maxlength=\"2000\" class=\"wpcf7-form-control wpcf7-textarea wpcf7-validates-as-required\" aria-required=\"true\" aria-invalid=\"false\" name=\"your-message\"><\/textarea><\/span> <\/label>\n<\/p>\n<p><label>Failai<\/label>\n<\/p>\n<p><span class=\"wpcf7-form-control-wrap\" data-name=\"file-01\"><input size=\"40\" class=\"wpcf7-form-control wpcf7-file\" accept=\".pdf,.jpg,.jpeg,.png\" aria-invalid=\"false\" type=\"file\" name=\"file-01\" \/><\/span>\n<\/p>\n<p><span class=\"wpcf7-form-control-wrap\" data-name=\"file-02\"><input size=\"40\" class=\"wpcf7-form-control wpcf7-file\" accept=\".pdf,.jpg,.jpeg,.png\" aria-invalid=\"false\" type=\"file\" name=\"file-02\" \/><\/span>\n<\/p>\n<p><span class=\"wpcf7-form-control-wrap\" data-name=\"file-03\"><input size=\"40\" class=\"wpcf7-form-control wpcf7-file\" accept=\".pdf,.jpg,.jpeg,.png\" aria-invalid=\"false\" type=\"file\" name=\"file-03\" \/><\/span>\n<\/p>\n<p><label class=\"d-flex\"><span class=\"wpcf7-form-control-wrap\" data-name=\"acceptance-633\"><span class=\"wpcf7-form-control wpcf7-acceptance\"><span class=\"wpcf7-list-item\"><label><input type=\"checkbox\" name=\"acceptance-633\" value=\"1\" aria-invalid=\"false\" \/><span class=\"wpcf7-list-item-label\">Suprantu, jog pateikiu savo asmens duomenis su tikslu prane\u0161ti apie pa\u017eeidim\u0105. Susipa\u017einti su duomen\u0173 tvarkymo politika ir nuostatais galite <a href=\"https:\/\/lsis.lt\/duomenu-tvarkymo-politika\/\">\u010dia<\/a>.<\/span><\/label><\/span><\/span><\/span> <\/label>\n<\/p>\n<p><input class=\"wpcf7-form-control wpcf7-submit has-spinner\" type=\"submit\" value=\"Si\u0173sti\" \/>\n<\/p><p style=\"display: none !important;\" class=\"akismet-fields-container\" data-prefix=\"_wpcf7_ak_\"><label>&#916;<textarea name=\"_wpcf7_ak_hp_textarea\" cols=\"45\" rows=\"8\" maxlength=\"100\"><\/textarea><\/label><input type=\"hidden\" id=\"ak_js_1\" name=\"_wpcf7_ak_js\" value=\"181\"\/><script>document.getElementById( \"ak_js_1\" ).setAttribute( \"value\", ( new Date() ).getTime() );<\/script><\/p><div class=\"wpcf7-response-output\" aria-hidden=\"true\"><\/div>\n<\/form>\n<\/div>\n","protected":false},"excerpt":{"rendered":"<p>STATYBOS IN\u017dINIERIAUS PROFESIN\u0116S ETIKOS KODEKSAS 2019, Vilnius B\u016bdama Europos statybos in\u017einieri\u0173 tarybos (European Council of Civil Engineers, ECCE) nare, Lietuvos statybos in\u017einieri\u0173 s\u0105junga pripa\u017e\u012fsta ECCE profesin\u0117s etikos kodeks\u0105 ir rekomenduoja [&hellip;]<\/p>\n","protected":false},"author":1,"featured_media":0,"parent":0,"menu_order":0,"comment_status":"closed","ping_status":"closed","template":"","meta":{"footnotes":""},"class_list":["post-3585","page","type-page","status-publish","hentry"],"yoast_head":"<!-- This site is optimized with the Yoast SEO plugin v26.8 - https:\/\/yoast.com\/product\/yoast-seo-wordpress\/ -->\n<title>Etikos kodeksas - LIETUVOS STATYBOS IN\u017dINIERI\u0172 S\u0104JUNGA<\/title>\n<meta name=\"robots\" content=\"index, follow, max-snippet:-1, max-image-preview:large, max-video-preview:-1\" \/>\n<link rel=\"canonical\" href=\"https:\/\/lsis.lt\/en\/etikos-kodeksas\/\" \/>\n<meta property=\"og:locale\" content=\"en_US\" \/>\n<meta property=\"og:type\" content=\"article\" \/>\n<meta property=\"og:title\" content=\"Etikos kodeksas - LIETUVOS STATYBOS IN\u017dINIERI\u0172 S\u0104JUNGA\" \/>\n<meta property=\"og:description\" content=\"STATYBOS IN\u017dINIERIAUS PROFESIN\u0116S ETIKOS KODEKSAS 2019, Vilnius B\u016bdama Europos statybos in\u017einieri\u0173 tarybos (European Council of Civil Engineers, ECCE) nare, Lietuvos statybos in\u017einieri\u0173 s\u0105junga pripa\u017e\u012fsta ECCE profesin\u0117s etikos kodeks\u0105 ir rekomenduoja [&hellip;]\" \/>\n<meta property=\"og:url\" content=\"https:\/\/lsis.lt\/en\/etikos-kodeksas\/\" \/>\n<meta property=\"og:site_name\" content=\"LIETUVOS STATYBOS IN\u017dINIERI\u0172 S\u0104JUNGA\" \/>\n<meta property=\"article:modified_time\" content=\"2019-12-13T10:31:23+00:00\" \/>\n<meta property=\"og:image\" content=\"http:\/\/dev.raibec.com\/lsis\/wp-content\/uploads\/2019\/03\/lsis-756-1.png\" \/>\n<meta name=\"twitter:card\" content=\"summary_large_image\" \/>\n<meta name=\"twitter:label1\" content=\"Est. reading time\" \/>\n\t<meta name=\"twitter:data1\" content=\"3 minutes\" \/>\n<script type=\"application\/ld+json\" class=\"yoast-schema-graph\">{\"@context\":\"https:\/\/schema.org\",\"@graph\":[{\"@type\":\"WebPage\",\"@id\":\"https:\/\/lsis.lt\/en\/etikos-kodeksas\/\",\"url\":\"https:\/\/lsis.lt\/en\/etikos-kodeksas\/\",\"name\":\"Etikos kodeksas - LIETUVOS STATYBOS IN\u017dINIERI\u0172 S\u0104JUNGA\",\"isPartOf\":{\"@id\":\"https:\/\/lsis.lt\/#website\"},\"primaryImageOfPage\":{\"@id\":\"https:\/\/lsis.lt\/en\/etikos-kodeksas\/#primaryimage\"},\"image\":{\"@id\":\"https:\/\/lsis.lt\/en\/etikos-kodeksas\/#primaryimage\"},\"thumbnailUrl\":\"http:\/\/dev.raibec.com\/lsis\/wp-content\/uploads\/2019\/03\/lsis-756-1.png\",\"datePublished\":\"2019-03-06T13:38:15+00:00\",\"dateModified\":\"2019-12-13T10:31:23+00:00\",\"breadcrumb\":{\"@id\":\"https:\/\/lsis.lt\/en\/etikos-kodeksas\/#breadcrumb\"},\"inLanguage\":\"en-US\",\"potentialAction\":[{\"@type\":\"ReadAction\",\"target\":[\"https:\/\/lsis.lt\/en\/etikos-kodeksas\/\"]}]},{\"@type\":\"ImageObject\",\"inLanguage\":\"en-US\",\"@id\":\"https:\/\/lsis.lt\/en\/etikos-kodeksas\/#primaryimage\",\"url\":\"http:\/\/dev.raibec.com\/lsis\/wp-content\/uploads\/2019\/03\/lsis-756-1.png\",\"contentUrl\":\"http:\/\/dev.raibec.com\/lsis\/wp-content\/uploads\/2019\/03\/lsis-756-1.png\"},{\"@type\":\"BreadcrumbList\",\"@id\":\"https:\/\/lsis.lt\/en\/etikos-kodeksas\/#breadcrumb\",\"itemListElement\":[{\"@type\":\"ListItem\",\"position\":1,\"name\":\"Home\",\"item\":\"https:\/\/lsis.lt\/en\/\"},{\"@type\":\"ListItem\",\"position\":2,\"name\":\"Etikos kodeksas\"}]},{\"@type\":\"WebSite\",\"@id\":\"https:\/\/lsis.lt\/#website\",\"url\":\"https:\/\/lsis.lt\/\",\"name\":\"LIETUVOS STATYBOS IN\u017dINIERI\u0172 S\u0104JUNGA\",\"description\":\"#ProudToBeAnEngineer\",\"potentialAction\":[{\"@type\":\"SearchAction\",\"target\":{\"@type\":\"EntryPoint\",\"urlTemplate\":\"https:\/\/lsis.lt\/?s={search_term_string}\"},\"query-input\":{\"@type\":\"PropertyValueSpecification\",\"valueRequired\":true,\"valueName\":\"search_term_string\"}}],\"inLanguage\":\"en-US\"}]}<\/script>\n<!-- \/ Yoast SEO plugin. -->","yoast_head_json":{"title":"Etikos kodeksas - LIETUVOS STATYBOS IN\u017dINIERI\u0172 S\u0104JUNGA","robots":{"index":"index","follow":"follow","max-snippet":"max-snippet:-1","max-image-preview":"max-image-preview:large","max-video-preview":"max-video-preview:-1"},"canonical":"https:\/\/lsis.lt\/en\/etikos-kodeksas\/","og_locale":"en_US","og_type":"article","og_title":"Etikos kodeksas - LIETUVOS STATYBOS IN\u017dINIERI\u0172 S\u0104JUNGA","og_description":"STATYBOS IN\u017dINIERIAUS PROFESIN\u0116S ETIKOS KODEKSAS 2019, Vilnius B\u016bdama Europos statybos in\u017einieri\u0173 tarybos (European Council of Civil Engineers, ECCE) nare, Lietuvos statybos in\u017einieri\u0173 s\u0105junga pripa\u017e\u012fsta ECCE profesin\u0117s etikos kodeks\u0105 ir rekomenduoja [&hellip;]","og_url":"https:\/\/lsis.lt\/en\/etikos-kodeksas\/","og_site_name":"LIETUVOS STATYBOS IN\u017dINIERI\u0172 S\u0104JUNGA","article_modified_time":"2019-12-13T10:31:23+00:00","og_image":[{"url":"http:\/\/dev.raibec.com\/lsis\/wp-content\/uploads\/2019\/03\/lsis-756-1.png","type":"","width":"","height":""}],"twitter_card":"summary_large_image","twitter_misc":{"Est. reading time":"3 minutes"},"schema":{"@context":"https:\/\/schema.org","@graph":[{"@type":"WebPage","@id":"https:\/\/lsis.lt\/en\/etikos-kodeksas\/","url":"https:\/\/lsis.lt\/en\/etikos-kodeksas\/","name":"Etikos kodeksas - LIETUVOS STATYBOS IN\u017dINIERI\u0172 S\u0104JUNGA","isPartOf":{"@id":"https:\/\/lsis.lt\/#website"},"primaryImageOfPage":{"@id":"https:\/\/lsis.lt\/en\/etikos-kodeksas\/#primaryimage"},"image":{"@id":"https:\/\/lsis.lt\/en\/etikos-kodeksas\/#primaryimage"},"thumbnailUrl":"http:\/\/dev.raibec.com\/lsis\/wp-content\/uploads\/2019\/03\/lsis-756-1.png","datePublished":"2019-03-06T13:38:15+00:00","dateModified":"2019-12-13T10:31:23+00:00","breadcrumb":{"@id":"https:\/\/lsis.lt\/en\/etikos-kodeksas\/#breadcrumb"},"inLanguage":"en-US","potentialAction":[{"@type":"ReadAction","target":["https:\/\/lsis.lt\/en\/etikos-kodeksas\/"]}]},{"@type":"ImageObject","inLanguage":"en-US","@id":"https:\/\/lsis.lt\/en\/etikos-kodeksas\/#primaryimage","url":"http:\/\/dev.raibec.com\/lsis\/wp-content\/uploads\/2019\/03\/lsis-756-1.png","contentUrl":"http:\/\/dev.raibec.com\/lsis\/wp-content\/uploads\/2019\/03\/lsis-756-1.png"},{"@type":"BreadcrumbList","@id":"https:\/\/lsis.lt\/en\/etikos-kodeksas\/#breadcrumb","itemListElement":[{"@type":"ListItem","position":1,"name":"Home","item":"https:\/\/lsis.lt\/en\/"},{"@type":"ListItem","position":2,"name":"Etikos kodeksas"}]},{"@type":"WebSite","@id":"https:\/\/lsis.lt\/#website","url":"https:\/\/lsis.lt\/","name":"LIETUVOS STATYBOS IN\u017dINIERI\u0172 S\u0104JUNGA","description":"#ProudToBeAnEngineer","potentialAction":[{"@type":"SearchAction","target":{"@type":"EntryPoint","urlTemplate":"https:\/\/lsis.lt\/?s={search_term_string}"},"query-input":{"@type":"PropertyValueSpecification","valueRequired":true,"valueName":"search_term_string"}}],"inLanguage":"en-US"}]}},"_links":{"self":[{"href":"https:\/\/lsis.lt\/en\/wp-json\/wp\/v2\/pages\/3585","targetHints":{"allow":["GET"]}}],"collection":[{"href":"https:\/\/lsis.lt\/en\/wp-json\/wp\/v2\/pages"}],"about":[{"href":"https:\/\/lsis.lt\/en\/wp-json\/wp\/v2\/types\/page"}],"author":[{"embeddable":true,"href":"https:\/\/lsis.lt\/en\/wp-json\/wp\/v2\/users\/1"}],"replies":[{"embeddable":true,"href":"https:\/\/lsis.lt\/en\/wp-json\/wp\/v2\/comments?post=3585"}],"version-history":[{"count":2,"href":"https:\/\/lsis.lt\/en\/wp-json\/wp\/v2\/pages\/3585\/revisions"}],"predecessor-version":[{"id":5787,"href":"https:\/\/lsis.lt\/en\/wp-json\/wp\/v2\/pages\/3585\/revisions\/5787"}],"wp:attachment":[{"href":"https:\/\/lsis.lt\/en\/wp-json\/wp\/v2\/media?parent=3585"}],"curies":[{"name":"wp","href":"https:\/\/api.w.org\/{rel}","templated":true}]}}