{"id":4625,"date":"2019-08-14T01:37:31","date_gmt":"2019-08-13T23:37:31","guid":{"rendered":"http:\/\/lsis.lt\/?page_id=4625"},"modified":"2019-08-14T08:28:29","modified_gmt":"2019-08-14T06:28:29","slug":"for-foreigner-civil-engineers","status":"publish","type":"page","link":"https:\/\/lsis.lt\/en\/for-foreigner-civil-engineers\/","title":{"rendered":"For foreigner civil engineers"},"content":{"rendered":"\t\t<div data-elementor-type=\"wp-post\" data-elementor-id=\"4625\" class=\"elementor elementor-4625\">\n\t\t\t\t\t\t<section class=\"elementor-section elementor-top-section elementor-element elementor-element-b4cf420 elementor-section-boxed elementor-section-height-default elementor-section-height-default\" data-id=\"b4cf420\" data-element_type=\"section\" data-e-type=\"section\">\n\t\t\t\t\t\t<div class=\"elementor-container elementor-column-gap-default\">\n\t\t\t\t\t<div class=\"elementor-column elementor-col-100 elementor-top-column elementor-element elementor-element-0f3cdea\" data-id=\"0f3cdea\" data-element_type=\"column\" data-e-type=\"column\">\n\t\t\t<div class=\"elementor-widget-wrap elementor-element-populated\">\n\t\t\t\t\t\t<div class=\"elementor-element elementor-element-0d76e16 elementor-widget elementor-widget-text-editor\" data-id=\"0d76e16\" data-element_type=\"widget\" data-e-type=\"widget\" data-widget_type=\"text-editor.default\">\n\t\t\t\t<div class=\"elementor-widget-container\">\n\t\t\t\t\t\t\t\t\t<p><span style=\"font-weight: 400;\">If you are a foreign civil engineer willing to work in Lithuania you will have to follow certain procedures.<\/span><\/p><ul><li style=\"font-weight: 400;\"><span style=\"font-weight: 400;\">Issuing, changing, supplementing, suspending, revoking the procedure is laid down in the Construction Technical Regulation STR 1.02.01: 2017\u00a0 \u201e<a href=\"https:\/\/www.spsc.lt\/cms\/index.php?option=com_content&amp;view=article&amp;id=93:kaip-uzsisakyti&amp;catid=39&amp;Itemid=146#atestatogavimas\">Statybos dalyvi\u0173 atestavimo ir teis\u0117s pripa\u017einimo tvarkos apra\u0161as<\/a>\u201d\u00a0<\/span><\/li><li style=\"font-weight: 400;\"><span style=\"font-weight: 400;\">Follow the link (<\/span><a href=\"http:\/\/www.spsc.lt\"><span style=\"font-weight: 400;\">www.spsc.lt<\/span><\/a><span style=\"font-weight: 400;\"> ) to the organization which is evaluating and certifying the qualification requirements and compliance. All the documentation will have to be filled in Lithuanian language.<\/span><\/li><li style=\"font-weight: 400;\"><a href=\"https:\/\/www.spsc.lt\/cms\/index.php?option=com_content&amp;view=article&amp;id=95%3Akvalifikaciniai-reikalavimai&amp;catid=39%3Astatybos-specialistu-atestavimas&amp;Itemid=148&amp;lang=lt\"><span style=\"font-weight: 400;\">Qualification requirements<\/span><\/a><\/li><\/ul><p>\u00a0<\/p>\t\t\t\t\t\t\t\t<\/div>\n\t\t\t\t<\/div>\n\t\t\t\t\t<\/div>\n\t\t<\/div>\n\t\t\t\t\t<\/div>\n\t\t<\/section>\n\t\t\t\t<\/div>\n\t\t","protected":false},"excerpt":{"rendered":"<p>If you are a foreign civil engineer willing to work in Lithuania you will have to follow certain procedures. Issuing, changing, supplementing, suspending, revoking the procedure is laid down in [&hellip;]<\/p>\n","protected":false},"author":1,"featured_media":0,"parent":0,"menu_order":0,"comment_status":"closed","ping_status":"closed","template":"","meta":{"footnotes":""},"class_list":["post-4625","page","type-page","status-publish","hentry"],"yoast_head":"<!-- This site is optimized with the Yoast SEO plugin v26.8 - https:\/\/yoast.com\/product\/yoast-seo-wordpress\/ -->\n<title>For foreigner civil engineers - LIETUVOS STATYBOS IN\u017dINIERI\u0172 S\u0104JUNGA<\/title>\n<meta name=\"robots\" content=\"index, follow, max-snippet:-1, max-image-preview:large, max-video-preview:-1\" \/>\n<link rel=\"canonical\" href=\"https:\/\/lsis.lt\/en\/for-foreigner-civil-engineers\/\" \/>\n<meta property=\"og:locale\" content=\"en_US\" \/>\n<meta property=\"og:type\" content=\"article\" \/>\n<meta property=\"og:title\" content=\"For foreigner civil engineers - LIETUVOS STATYBOS IN\u017dINIERI\u0172 S\u0104JUNGA\" \/>\n<meta property=\"og:description\" content=\"If you are a foreign civil engineer willing to work in Lithuania you will have to follow certain procedures. Issuing, changing, supplementing, suspending, revoking the procedure is laid down in [&hellip;]\" \/>\n<meta property=\"og:url\" content=\"https:\/\/lsis.lt\/en\/for-foreigner-civil-engineers\/\" \/>\n<meta property=\"og:site_name\" content=\"LIETUVOS STATYBOS IN\u017dINIERI\u0172 S\u0104JUNGA\" \/>\n<meta property=\"article:modified_time\" content=\"2019-08-14T06:28:29+00:00\" \/>\n<meta name=\"twitter:card\" content=\"summary_large_image\" \/>\n<script type=\"application\/ld+json\" class=\"yoast-schema-graph\">{\"@context\":\"https:\/\/schema.org\",\"@graph\":[{\"@type\":\"WebPage\",\"@id\":\"https:\/\/lsis.lt\/en\/for-foreigner-civil-engineers\/\",\"url\":\"https:\/\/lsis.lt\/en\/for-foreigner-civil-engineers\/\",\"name\":\"For foreigner civil engineers - LIETUVOS STATYBOS IN\u017dINIERI\u0172 S\u0104JUNGA\",\"isPartOf\":{\"@id\":\"https:\/\/lsis.lt\/#website\"},\"datePublished\":\"2019-08-13T23:37:31+00:00\",\"dateModified\":\"2019-08-14T06:28:29+00:00\",\"breadcrumb\":{\"@id\":\"https:\/\/lsis.lt\/en\/for-foreigner-civil-engineers\/#breadcrumb\"},\"inLanguage\":\"en-US\",\"potentialAction\":[{\"@type\":\"ReadAction\",\"target\":[\"https:\/\/lsis.lt\/en\/for-foreigner-civil-engineers\/\"]}]},{\"@type\":\"BreadcrumbList\",\"@id\":\"https:\/\/lsis.lt\/en\/for-foreigner-civil-engineers\/#breadcrumb\",\"itemListElement\":[{\"@type\":\"ListItem\",\"position\":1,\"name\":\"Home\",\"item\":\"https:\/\/lsis.lt\/en\/\"},{\"@type\":\"ListItem\",\"position\":2,\"name\":\"For foreigner civil engineers\"}]},{\"@type\":\"WebSite\",\"@id\":\"https:\/\/lsis.lt\/#website\",\"url\":\"https:\/\/lsis.lt\/\",\"name\":\"LIETUVOS STATYBOS IN\u017dINIERI\u0172 S\u0104JUNGA\",\"description\":\"#ProudToBeAnEngineer\",\"potentialAction\":[{\"@type\":\"SearchAction\",\"target\":{\"@type\":\"EntryPoint\",\"urlTemplate\":\"https:\/\/lsis.lt\/?s={search_term_string}\"},\"query-input\":{\"@type\":\"PropertyValueSpecification\",\"valueRequired\":true,\"valueName\":\"search_term_string\"}}],\"inLanguage\":\"en-US\"}]}<\/script>\n<!-- \/ Yoast SEO plugin. -->","yoast_head_json":{"title":"For foreigner civil engineers - LIETUVOS STATYBOS IN\u017dINIERI\u0172 S\u0104JUNGA","robots":{"index":"index","follow":"follow","max-snippet":"max-snippet:-1","max-image-preview":"max-image-preview:large","max-video-preview":"max-video-preview:-1"},"canonical":"https:\/\/lsis.lt\/en\/for-foreigner-civil-engineers\/","og_locale":"en_US","og_type":"article","og_title":"For foreigner civil engineers - LIETUVOS STATYBOS IN\u017dINIERI\u0172 S\u0104JUNGA","og_description":"If you are a foreign civil engineer willing to work in Lithuania you will have to follow certain procedures. Issuing, changing, supplementing, suspending, revoking the procedure is laid down in [&hellip;]","og_url":"https:\/\/lsis.lt\/en\/for-foreigner-civil-engineers\/","og_site_name":"LIETUVOS STATYBOS IN\u017dINIERI\u0172 S\u0104JUNGA","article_modified_time":"2019-08-14T06:28:29+00:00","twitter_card":"summary_large_image","schema":{"@context":"https:\/\/schema.org","@graph":[{"@type":"WebPage","@id":"https:\/\/lsis.lt\/en\/for-foreigner-civil-engineers\/","url":"https:\/\/lsis.lt\/en\/for-foreigner-civil-engineers\/","name":"For foreigner civil engineers - LIETUVOS STATYBOS IN\u017dINIERI\u0172 S\u0104JUNGA","isPartOf":{"@id":"https:\/\/lsis.lt\/#website"},"datePublished":"2019-08-13T23:37:31+00:00","dateModified":"2019-08-14T06:28:29+00:00","breadcrumb":{"@id":"https:\/\/lsis.lt\/en\/for-foreigner-civil-engineers\/#breadcrumb"},"inLanguage":"en-US","potentialAction":[{"@type":"ReadAction","target":["https:\/\/lsis.lt\/en\/for-foreigner-civil-engineers\/"]}]},{"@type":"BreadcrumbList","@id":"https:\/\/lsis.lt\/en\/for-foreigner-civil-engineers\/#breadcrumb","itemListElement":[{"@type":"ListItem","position":1,"name":"Home","item":"https:\/\/lsis.lt\/en\/"},{"@type":"ListItem","position":2,"name":"For foreigner civil engineers"}]},{"@type":"WebSite","@id":"https:\/\/lsis.lt\/#website","url":"https:\/\/lsis.lt\/","name":"LIETUVOS STATYBOS IN\u017dINIERI\u0172 S\u0104JUNGA","description":"#ProudToBeAnEngineer","potentialAction":[{"@type":"SearchAction","target":{"@type":"EntryPoint","urlTemplate":"https:\/\/lsis.lt\/?s={search_term_string}"},"query-input":{"@type":"PropertyValueSpecification","valueRequired":true,"valueName":"search_term_string"}}],"inLanguage":"en-US"}]}},"_links":{"self":[{"href":"https:\/\/lsis.lt\/en\/wp-json\/wp\/v2\/pages\/4625","targetHints":{"allow":["GET"]}}],"collection":[{"href":"https:\/\/lsis.lt\/en\/wp-json\/wp\/v2\/pages"}],"about":[{"href":"https:\/\/lsis.lt\/en\/wp-json\/wp\/v2\/types\/page"}],"author":[{"embeddable":true,"href":"https:\/\/lsis.lt\/en\/wp-json\/wp\/v2\/users\/1"}],"replies":[{"embeddable":true,"href":"https:\/\/lsis.lt\/en\/wp-json\/wp\/v2\/comments?post=4625"}],"version-history":[{"count":6,"href":"https:\/\/lsis.lt\/en\/wp-json\/wp\/v2\/pages\/4625\/revisions"}],"predecessor-version":[{"id":4658,"href":"https:\/\/lsis.lt\/en\/wp-json\/wp\/v2\/pages\/4625\/revisions\/4658"}],"wp:attachment":[{"href":"https:\/\/lsis.lt\/en\/wp-json\/wp\/v2\/media?parent=4625"}],"curies":[{"name":"wp","href":"https:\/\/api.w.org\/{rel}","templated":true}]}}